{"id":295,"date":"2012-08-21T11:32:41","date_gmt":"2012-08-21T09:32:41","guid":{"rendered":"http:\/\/ekb.org.pl\/en\/?page_id=295"},"modified":"2021-10-13T17:11:49","modified_gmt":"2021-10-13T15:11:49","slug":"kapitula-nagrod","status":"publish","type":"page","link":"https:\/\/ekb.org.pl\/en\/kapitula-nagrod\/","title":{"rendered":"Chapter of Awards of the European Business Club Poland"},"content":{"rendered":"<h3 style=\"text-align: center;\">President<\/h3>\n<p style=\"text-align: center;\"><strong>Professor dr. hab. El\u017cbieta M\u0105czy\u0144ska<\/strong> &#8211; <em>President of the Polish Economic Society, Member of the National Development Council called by the President of the Republic of Poland<br \/>\nand Member of the Scientific Council of the Institute of Economic Sciences, Polish Academy of Sciences (PAN)<\/em><\/p>\n<h3 style=\"text-align: center;\">Secretary<\/h3>\n<p style=\"text-align: center;\"><strong>Janusz Janicki<\/strong> &#8211; <em>Director of the Management Board Office<\/em><\/p>\n<h3 style=\"text-align: center;\">Members<\/h3>\n<p style=\"text-align: center;\"><strong>\u017baneta Berus<\/strong> \u2013 <em>Adviser to\u00a0the Management Board of the Warsaw Expo Centre XXI ltd. <\/em><br \/>\n<strong>Janusz Cie\u015blak<\/strong> &#8211; <em>President of the European Business Club Poland <\/em><br \/>\n<strong>Professor dr. hab. med. Marek Durlik<\/strong> \u2013 Head of the Department\u00a0 of Gastroenterological and Transplantology Surgery<em>\u00a0of the Central Clinic Hospital<br \/>\nof the Ministry of Interior Affairs in Warsaw <\/em><br \/>\n<strong>Dr. hab. Krzysztof Kalicki<\/strong> \u2013 <em>Deputy\u00a0President of the Board of Directors of Deutsche Bank Poland , Professor at the Leon Ko\u017ami\u0144ski Academy<\/em><\/p>\n<p style=\"text-align: center;\"><strong>Profesor dr hab. Jan Klimek-\u00a0<\/strong>Collegium of Business Administration\u00a0 &#8211;\u00a0 SGH Warsaw School of Economics, Member of the European Economic and Social Committee<br \/>\n<b>Profesor dr hab. Witold Modzelewski &#8211;<\/b> President of\u00a0<em>\u00a0Instytut Studi\u00f3w Podatkowych<\/em><br \/>\n<strong>Andrzej Siezieniewski<\/strong> \u2013 A long-time President of the Polish Radio<br \/>\n<strong>Teresa Sukniewicz \u2013 Kleiber<\/strong> &#8211; <em>Entrepreneur<\/em><br \/>\n<strong>Krystyna Wo\u017aniak \u2013 Trzosek<\/strong> \u2013<em> Entrepreneur<br \/>\n<\/em><\/p>\n","protected":false},"excerpt":{"rendered":"<p>President Professor dr. hab. El\u017cbieta M\u0105czy\u0144ska &#8211; President of the Polish Economic Society, Member of the National Development Council called by the President of the<\/p>\n","protected":false},"author":1,"featured_media":0,"parent":0,"menu_order":0,"comment_status":"closed","ping_status":"closed","template":"","meta":{"footnotes":""},"class_list":["post-295","page","type-page","status-publish","hentry"],"_links":{"self":[{"href":"https:\/\/ekb.org.pl\/en\/wp-json\/wp\/v2\/pages\/295","targetHints":{"allow":["GET"]}}],"collection":[{"href":"https:\/\/ekb.org.pl\/en\/wp-json\/wp\/v2\/pages"}],"about":[{"href":"https:\/\/ekb.org.pl\/en\/wp-json\/wp\/v2\/types\/page"}],"author":[{"embeddable":true,"href":"https:\/\/ekb.org.pl\/en\/wp-json\/wp\/v2\/users\/1"}],"replies":[{"embeddable":true,"href":"https:\/\/ekb.org.pl\/en\/wp-json\/wp\/v2\/comments?post=295"}],"version-history":[{"count":14,"href":"https:\/\/ekb.org.pl\/en\/wp-json\/wp\/v2\/pages\/295\/revisions"}],"predecessor-version":[{"id":1384,"href":"https:\/\/ekb.org.pl\/en\/wp-json\/wp\/v2\/pages\/295\/revisions\/1384"}],"wp:attachment":[{"href":"https:\/\/ekb.org.pl\/en\/wp-json\/wp\/v2\/media?parent=295"}],"curies":[{"name":"wp","href":"https:\/\/api.w.org\/{rel}","templated":true}]}}