{"id":2911,"date":"2019-08-26T21:12:32","date_gmt":"2019-08-26T19:12:32","guid":{"rendered":"https:\/\/ekb.org.pl\/en\/?page_id=2911"},"modified":"2019-08-26T21:12:32","modified_gmt":"2019-08-26T19:12:32","slug":"rev-waldemar-cislo-prof-at-the-cardinal-wyszynski-university-in-warsaw","status":"publish","type":"page","link":"https:\/\/ekb.org.pl\/en\/konkursy\/nagrody-europejskiego-klubu-biznesu\/awards-of-the-european-business-club-poland-2016\/rev-waldemar-cislo-prof-at-the-cardinal-wyszynski-university-in-warsaw\/","title":{"rendered":"Rev. Waldemar Cis\u0142o,  Prof. at the Cardinal Wyszy\u0144ski University in Warsaw"},"content":{"rendered":"<p><a href=\"\/\/ekb.org.pl\/en\/wp-content\/uploads\/2019\/08\/EKB_plansza_ks_Waldemar_Cislo_EN.jpg\" rel=\"lightbox[2911]\"><img loading=\"lazy\" decoding=\"async\" class=\"aligncenter size-large wp-image-2912\" src=\"https:\/\/ekb.org.pl\/en\/wp-content\/uploads\/2019\/08\/EKB_plansza_ks_Waldemar_Cislo_EN-1024x576.jpg\" alt=\"\" width=\"783\" height=\"440\" srcset=\"https:\/\/ekb.org.pl\/en\/wp-content\/uploads\/2019\/08\/EKB_plansza_ks_Waldemar_Cislo_EN-1024x576.jpg 1024w, https:\/\/ekb.org.pl\/en\/wp-content\/uploads\/2019\/08\/EKB_plansza_ks_Waldemar_Cislo_EN-300x169.jpg 300w, https:\/\/ekb.org.pl\/en\/wp-content\/uploads\/2019\/08\/EKB_plansza_ks_Waldemar_Cislo_EN-768x432.jpg 768w, https:\/\/ekb.org.pl\/en\/wp-content\/uploads\/2019\/08\/EKB_plansza_ks_Waldemar_Cislo_EN.jpg 1920w\" sizes=\"auto, (max-width: 783px) 100vw, 783px\" \/><\/a><\/p>\n<p style=\"text-align: justify;\">Rev. Prof. Waldemar Cis\u0142o was born on the 8<sup>th<\/sup> of July 1967 in Rzesz\u00f3w, in the family of J\u00f3zef and Bronis\u0142awa n\u00e9e Ciasnocha. In 1987 he took the maturity exam and entered the Theological Seminary in Lublin, at the same time he took up theological-philosophical studies at the Theology Faculty of the Catholic University in Lublin. He graduated in 1993 as the master of theology.<\/p>\n<p style=\"text-align: justify;\">On the 29th of May 1993 he received episcopal ordination and was sent to work as a priest in Pu\u0142awy, and then in Lublin. In 1996 he was sent to specialist studies at the Theology Institute by the Catholic University in Lublin. In June 1998 he obtained the bachelor\u2019s degree in fundamental theology, and in February 2000 he obtained the PhD degree in theological science.<\/p>\n<p><a href=\"\/\/ekb.org.pl\/en\/wp-content\/uploads\/2019\/08\/03BED91C-D8AE-497D-90EA-3C74CA05C7AC.jpeg\" rel=\"lightbox[2911]\"><img loading=\"lazy\" decoding=\"async\" class=\"aligncenter size-large wp-image-2913\" src=\"https:\/\/ekb.org.pl\/en\/wp-content\/uploads\/2019\/08\/03BED91C-D8AE-497D-90EA-3C74CA05C7AC-1024x768.jpeg\" alt=\"\" width=\"783\" height=\"587\" srcset=\"https:\/\/ekb.org.pl\/en\/wp-content\/uploads\/2019\/08\/03BED91C-D8AE-497D-90EA-3C74CA05C7AC-1024x768.jpeg 1024w, https:\/\/ekb.org.pl\/en\/wp-content\/uploads\/2019\/08\/03BED91C-D8AE-497D-90EA-3C74CA05C7AC-300x225.jpeg 300w, https:\/\/ekb.org.pl\/en\/wp-content\/uploads\/2019\/08\/03BED91C-D8AE-497D-90EA-3C74CA05C7AC-768x576.jpeg 768w\" sizes=\"auto, (max-width: 783px) 100vw, 783px\" \/><\/a><\/p>\n<p style=\"text-align: justify;\">In 2000\/2001 he won a scholarship of the Janineum foundation in Vienna, which allowed him to take part in lectures and scientific seminars to learn about research in fundamental theology by Vienna topologists.<\/p>\n<p style=\"text-align: justify;\">Since April to August 2001 he had a scholarship of Kirche in Not in Oxford (Aid to the Church in Need) and attended an intensive English language course at OISE (Oxford Intensive Language School). As of September 2001 for half a year he worked on a project at the University of Ludwig Maximillian in Munich.<\/p>\n<p style=\"text-align: justify;\">In 2002 he had a scholarship of Kirche in Not (Aid to the Church in Need) in Dublin. The aim of going there was to practise English language (Dublin City University). During his stay in Ireland he worked at the national office of the Kirche in Not foundation, which gave him an opportunity to get to know the specifics of Catholic church there.<\/p>\n<p style=\"text-align: justify;\"><a href=\"\/\/ekb.org.pl\/en\/wp-content\/uploads\/2019\/08\/11.jpeg\" rel=\"lightbox[2911]\"><img loading=\"lazy\" decoding=\"async\" class=\"aligncenter size-large wp-image-2915\" src=\"https:\/\/ekb.org.pl\/en\/wp-content\/uploads\/2019\/08\/11-768x1024.jpeg\" alt=\"\" width=\"768\" height=\"1024\" srcset=\"https:\/\/ekb.org.pl\/en\/wp-content\/uploads\/2019\/08\/11-768x1024.jpeg 768w, https:\/\/ekb.org.pl\/en\/wp-content\/uploads\/2019\/08\/11-225x300.jpeg 225w\" sizes=\"auto, (max-width: 768px) 100vw, 768px\" \/><\/a><\/p>\n<p style=\"text-align: justify;\">Since 2002 he has been a lecturer at the Cardinal Wyszy\u0144ski University in Warsaw, and since the 14<sup>th<\/sup> of December 2012\u00a0 he has had the DSc degree in theological science.<\/p>\n<p style=\"text-align: justify;\">In the academic year 2005\/2006 he gave lectures at the Faculty of Philosophy, Trnava University in Slovakia.<\/p>\n<p style=\"text-align: justify;\">Since 2006 he has been the director of the Polish Section of the foundation \u201cAid to the Church in Need\u201d and initiator of its two regional offices in Cracow and Poznan. He was appointed to take care of this by the Archbishop J\u00f3zef \u017byci\u0144ski, the Lublin region metropolitan. Since the beginning of the Polish Section was established, it was responsible for many humanitarian actions aiming at providing help to Christians who needed it most in countries at war or being under religious persecution.<\/p>\n<p><a href=\"\/\/ekb.org.pl\/en\/wp-content\/uploads\/2019\/08\/12.jpeg\" rel=\"lightbox[2911]\"><img loading=\"lazy\" decoding=\"async\" class=\"aligncenter size-large wp-image-2918\" src=\"https:\/\/ekb.org.pl\/en\/wp-content\/uploads\/2019\/08\/12-768x1024.jpeg\" alt=\"\" width=\"768\" height=\"1024\" srcset=\"https:\/\/ekb.org.pl\/en\/wp-content\/uploads\/2019\/08\/12-768x1024.jpeg 768w, https:\/\/ekb.org.pl\/en\/wp-content\/uploads\/2019\/08\/12-225x300.jpeg 225w\" sizes=\"auto, (max-width: 768px) 100vw, 768px\" \/><\/a><\/p>\n<p style=\"text-align: justify;\"><strong>The first initiative taken by Rev.Prof. Waldemar Cis\u0142o was supporting Christians from the Holy Land \u201cSOS for the Holy Land\u201d. Its aim was to enhance sales of olive tree wood products made by \u00a0Christians from Bethlem. Income from this action was and still is donated to support them. The products are available on sale via the website of the organization and in the Cracow Office \u201cDialogue Areas\u201d.<\/strong><\/p>\n<p><a href=\"\/\/ekb.org.pl\/en\/wp-content\/uploads\/2019\/08\/86ECB34D-91D2-4A6E-9BDB-137D1425383F.jpeg\" rel=\"lightbox[2911]\"><img loading=\"lazy\" decoding=\"async\" class=\"aligncenter size-large wp-image-2916\" src=\"https:\/\/ekb.org.pl\/en\/wp-content\/uploads\/2019\/08\/86ECB34D-91D2-4A6E-9BDB-137D1425383F-1024x768.jpeg\" alt=\"\" width=\"783\" height=\"587\" srcset=\"https:\/\/ekb.org.pl\/en\/wp-content\/uploads\/2019\/08\/86ECB34D-91D2-4A6E-9BDB-137D1425383F-1024x768.jpeg 1024w, https:\/\/ekb.org.pl\/en\/wp-content\/uploads\/2019\/08\/86ECB34D-91D2-4A6E-9BDB-137D1425383F-300x225.jpeg 300w, https:\/\/ekb.org.pl\/en\/wp-content\/uploads\/2019\/08\/86ECB34D-91D2-4A6E-9BDB-137D1425383F-768x576.jpeg 768w\" sizes=\"auto, (max-width: 783px) 100vw, 783px\" \/><\/a><\/p>\n<p style=\"text-align: justify;\">In order to promote better the idea of helping Christians persecuted and oppressed around the world, the foundation opened offices in Cracow and Poznan under the initiative of Reverend.<\/p>\n<p style=\"text-align: justify;\">Since the Syrian crisis, the Foundation has taken the following actions:<\/p>\n<p style=\"text-align: justify;\">&#8211; \u201eMilk for Aleppo\u201d, to raise money to buy instant milk needed for children\u2019s growth. The action turned out to be a real success providing nearly three thousand children to 10-year-olds with nutrition;<\/p>\n<p style=\"text-align: justify;\">&#8211; Co-operation with the Government of Poland in the scope of medical help in Syria focusing on Syrian children treatment;<\/p>\n<p>&#8211; Restoring equipment at St. Ludwick hospital in Aleppo after war damage;<\/p>\n<p style=\"text-align: justify;\">&#8211; Collection of money for food packages for 1500 families in Damascus. The packages were distributed to families which had to leave Damascus because of war fights and stay in nearby villages without access to basic food products like milk for children, lentils, sugar, tea, oil and tins;<\/p>\n<p style=\"text-align: justify;\">&#8211; Help to maintain the refugees camp in Erbil, Iran, the of which is about 800 thousand dollars;<\/p>\n<p style=\"text-align: justify;\">&#8211; A medical project in three Syrian towns: Aleppo, Tartus and Marmarita, for total cost of 1\u00a0500\u00a0000 PLN. The aim is to support treatment of 500 Christian children affected by traumatic war experience.<\/p>\n<p><a href=\"\/\/ekb.org.pl\/en\/wp-content\/uploads\/2019\/08\/DSC_0853.jpg\" rel=\"lightbox[2911]\"><img loading=\"lazy\" decoding=\"async\" class=\"aligncenter size-large wp-image-2917\" src=\"https:\/\/ekb.org.pl\/en\/wp-content\/uploads\/2019\/08\/DSC_0853-1024x683.jpg\" alt=\"\" width=\"783\" height=\"522\" srcset=\"https:\/\/ekb.org.pl\/en\/wp-content\/uploads\/2019\/08\/DSC_0853-1024x683.jpg 1024w, https:\/\/ekb.org.pl\/en\/wp-content\/uploads\/2019\/08\/DSC_0853-300x200.jpg 300w, https:\/\/ekb.org.pl\/en\/wp-content\/uploads\/2019\/08\/DSC_0853-768x513.jpg 768w\" sizes=\"auto, (max-width: 783px) 100vw, 783px\" \/><\/a><\/p>\n<p style=\"text-align: justify;\"><strong>Despite big humanitarian actions taken the Polis Section of the Aid to the Church in Need under the initiative of professor, the Foundation has also been providing material support to contemplative convents and priests around the world in the form of mass donations helping to survive. <\/strong><\/p>\n<p style=\"text-align: justify;\">Every year there is in Poland the Day of Solidarity with the Oppressed Church during which money is raised in the whole country and given to Christians who need it most in countries at war or under religious intolerance.<\/p>\n<p style=\"text-align: justify;\">Rev. Prof. Waldemar Cis\u0142o touches important and current issues of modern times in his academic research, pastoral and social work. He is also the author of many popular publications: Immigrants at the Gate. Refugees crisis and martyrdom of the 21<sup>st<\/sup> Christians or The Aleppo Tragedy.<\/p>\n<p><a href=\"\/\/ekb.org.pl\/en\/wp-content\/uploads\/2019\/08\/DSC04526.jpg\" rel=\"lightbox[2911]\"><img loading=\"lazy\" decoding=\"async\" class=\"aligncenter size-large wp-image-2919\" src=\"https:\/\/ekb.org.pl\/en\/wp-content\/uploads\/2019\/08\/DSC04526-1024x659.jpg\" alt=\"\" width=\"783\" height=\"504\" srcset=\"https:\/\/ekb.org.pl\/en\/wp-content\/uploads\/2019\/08\/DSC04526-1024x659.jpg 1024w, https:\/\/ekb.org.pl\/en\/wp-content\/uploads\/2019\/08\/DSC04526-300x193.jpg 300w, https:\/\/ekb.org.pl\/en\/wp-content\/uploads\/2019\/08\/DSC04526-768x494.jpg 768w\" sizes=\"auto, (max-width: 783px) 100vw, 783px\" \/><\/a><\/p>\n","protected":false},"excerpt":{"rendered":"<p>Rev. Prof. Waldemar Cis\u0142o was born on the 8th of July 1967 in Rzesz\u00f3w, in the family of J\u00f3zef and Bronis\u0142awa n\u00e9e Ciasnocha. In 1987<\/p>\n","protected":false},"author":32,"featured_media":0,"parent":1965,"menu_order":0,"comment_status":"closed","ping_status":"closed","template":"","meta":{"footnotes":""},"class_list":["post-2911","page","type-page","status-publish","hentry"],"_links":{"self":[{"href":"https:\/\/ekb.org.pl\/en\/wp-json\/wp\/v2\/pages\/2911","targetHints":{"allow":["GET"]}}],"collection":[{"href":"https:\/\/ekb.org.pl\/en\/wp-json\/wp\/v2\/pages"}],"about":[{"href":"https:\/\/ekb.org.pl\/en\/wp-json\/wp\/v2\/types\/page"}],"author":[{"embeddable":true,"href":"https:\/\/ekb.org.pl\/en\/wp-json\/wp\/v2\/users\/32"}],"replies":[{"embeddable":true,"href":"https:\/\/ekb.org.pl\/en\/wp-json\/wp\/v2\/comments?post=2911"}],"version-history":[{"count":1,"href":"https:\/\/ekb.org.pl\/en\/wp-json\/wp\/v2\/pages\/2911\/revisions"}],"predecessor-version":[{"id":2920,"href":"https:\/\/ekb.org.pl\/en\/wp-json\/wp\/v2\/pages\/2911\/revisions\/2920"}],"up":[{"embeddable":true,"href":"https:\/\/ekb.org.pl\/en\/wp-json\/wp\/v2\/pages\/1965"}],"wp:attachment":[{"href":"https:\/\/ekb.org.pl\/en\/wp-json\/wp\/v2\/media?parent=2911"}],"curies":[{"name":"wp","href":"https:\/\/api.w.org\/{rel}","templated":true}]}}