{"id":2892,"date":"2019-08-26T20:36:44","date_gmt":"2019-08-26T18:36:44","guid":{"rendered":"https:\/\/ekb.org.pl\/en\/?page_id=2892"},"modified":"2019-08-26T20:53:32","modified_gmt":"2019-08-26T18:53:32","slug":"czeslaw-golebiowski","status":"publish","type":"page","link":"https:\/\/ekb.org.pl\/en\/konkursy\/nagrody-europejskiego-klubu-biznesu\/awards-of-the-european-business-club-poland-2016\/czeslaw-golebiowski\/","title":{"rendered":"Czes\u0142aw Go\u0142\u0119biowski"},"content":{"rendered":"<p><a href=\"\/\/ekb.org.pl\/en\/wp-content\/uploads\/2019\/08\/EKB_plansza_Czeslaw_Golebiowski_EN.jpg\" rel=\"lightbox[2892]\"><img loading=\"lazy\" decoding=\"async\" class=\"aligncenter size-large wp-image-2893\" src=\"\/\/ekb.org.pl\/en\/wp-content\/uploads\/2019\/08\/EKB_plansza_Czeslaw_Golebiowski_EN-1024x576.jpg\" alt=\"\" width=\"783\" height=\"440\" srcset=\"https:\/\/ekb.org.pl\/en\/wp-content\/uploads\/2019\/08\/EKB_plansza_Czeslaw_Golebiowski_EN-1024x576.jpg 1024w, https:\/\/ekb.org.pl\/en\/wp-content\/uploads\/2019\/08\/EKB_plansza_Czeslaw_Golebiowski_EN-300x169.jpg 300w, https:\/\/ekb.org.pl\/en\/wp-content\/uploads\/2019\/08\/EKB_plansza_Czeslaw_Golebiowski_EN-768x432.jpg 768w, https:\/\/ekb.org.pl\/en\/wp-content\/uploads\/2019\/08\/EKB_plansza_Czeslaw_Golebiowski_EN.jpg 1920w\" sizes=\"auto, (max-width: 783px) 100vw, 783px\" \/><\/a><\/p>\n<p style=\"text-align: justify;\">Mr Czes\u0142aw Go\u0142\u0119biowski is the founder of the family business GODABA. When naming it, he dreamed that the company would survive many generations. To this day GODABA is 100% Polish capital and the third generation is preparing to enter the business world. Both for children and grandchildren, as well as for associates he is an icon of entrepreneurship, a mentor and visionary. The company GODABA has been on the market for 35 years, which have involved the transformation of the Polish economy. Thanks to creativity, determination and continuous work of the founder, GODABA has survived difficult years of competition with Chinese companies and it managed to bend into a success the necessity to change profile from a clothing industry to an investment-developing industry. His latest activities prove his creativity: running a gravel open-pit mine, and \u2013 the owner\u2019s proud \u2013 Targowisko Dw\u00f3r Mazury Resort, which meets the guests expectations and offers comfortable rooms of high standard.<\/p>\n<p><a href=\"\/\/ekb.org.pl\/en\/wp-content\/uploads\/2019\/08\/IMG_6199.jpg\" rel=\"lightbox[2892]\"><img loading=\"lazy\" decoding=\"async\" class=\"aligncenter size-large wp-image-2894\" src=\"\/\/ekb.org.pl\/en\/wp-content\/uploads\/2019\/08\/IMG_6199-1024x686.jpg\" alt=\"\" width=\"783\" height=\"525\" srcset=\"https:\/\/ekb.org.pl\/en\/wp-content\/uploads\/2019\/08\/IMG_6199-1024x686.jpg 1024w, https:\/\/ekb.org.pl\/en\/wp-content\/uploads\/2019\/08\/IMG_6199-300x201.jpg 300w, https:\/\/ekb.org.pl\/en\/wp-content\/uploads\/2019\/08\/IMG_6199-768x514.jpg 768w, https:\/\/ekb.org.pl\/en\/wp-content\/uploads\/2019\/08\/IMG_6199.jpg 2048w\" sizes=\"auto, (max-width: 783px) 100vw, 783px\" \/><\/a><\/p>\n<p style=\"text-align: justify;\">The owner of\u00a0 GODABA is an extraordinary businessman. He, worked many years in the mining industry, and then in his own company, he has been involved in social actions, for which he was awarded and honoured with national and regional medals. He values the Gold Honorary Medal of the Polish Football Association that he received in 2016 for his many years of social work.<\/p>\n<p><a href=\"\/\/ekb.org.pl\/en\/wp-content\/uploads\/2019\/08\/IMG_6204.jpg\" rel=\"lightbox[2892]\"><img loading=\"lazy\" decoding=\"async\" class=\"aligncenter size-large wp-image-2895\" src=\"\/\/ekb.org.pl\/en\/wp-content\/uploads\/2019\/08\/IMG_6204-1024x686.jpg\" alt=\"\" width=\"783\" height=\"525\" srcset=\"https:\/\/ekb.org.pl\/en\/wp-content\/uploads\/2019\/08\/IMG_6204-1024x686.jpg 1024w, https:\/\/ekb.org.pl\/en\/wp-content\/uploads\/2019\/08\/IMG_6204-300x201.jpg 300w, https:\/\/ekb.org.pl\/en\/wp-content\/uploads\/2019\/08\/IMG_6204-768x514.jpg 768w, https:\/\/ekb.org.pl\/en\/wp-content\/uploads\/2019\/08\/IMG_6204.jpg 2048w\" sizes=\"auto, (max-width: 783px) 100vw, 783px\" \/><\/a><\/p>\n<p style=\"text-align: justify;\">Today when asked about his greatest achievement, he says he is proud of 66 years of work and the greatest, unfulfilled passion of creation. \u00a0He says working with people gives you wings, and working with young people and helping the people in need makes you feel a part of something bigger, what is beyond financial profits and personal advantages.<\/p>\n<p><a href=\"\/\/ekb.org.pl\/en\/wp-content\/uploads\/2019\/08\/DSC01996.jpg\" rel=\"lightbox[2892]\"><img loading=\"lazy\" decoding=\"async\" class=\"aligncenter size-large wp-image-2896\" src=\"\/\/ekb.org.pl\/en\/wp-content\/uploads\/2019\/08\/DSC01996-1024x575.jpg\" alt=\"\" width=\"783\" height=\"440\" srcset=\"https:\/\/ekb.org.pl\/en\/wp-content\/uploads\/2019\/08\/DSC01996-1024x575.jpg 1024w, https:\/\/ekb.org.pl\/en\/wp-content\/uploads\/2019\/08\/DSC01996-300x169.jpg 300w, https:\/\/ekb.org.pl\/en\/wp-content\/uploads\/2019\/08\/DSC01996-768x432.jpg 768w\" sizes=\"auto, (max-width: 783px) 100vw, 783px\" \/><\/a><\/p>\n","protected":false},"excerpt":{"rendered":"<p>Mr Czes\u0142aw Go\u0142\u0119biowski is the founder of the family business GODABA. When naming it, he dreamed that the company would survive many generations. To this<\/p>\n","protected":false},"author":32,"featured_media":0,"parent":1965,"menu_order":0,"comment_status":"closed","ping_status":"closed","template":"","meta":{"footnotes":""},"class_list":["post-2892","page","type-page","status-publish","hentry"],"_links":{"self":[{"href":"https:\/\/ekb.org.pl\/en\/wp-json\/wp\/v2\/pages\/2892","targetHints":{"allow":["GET"]}}],"collection":[{"href":"https:\/\/ekb.org.pl\/en\/wp-json\/wp\/v2\/pages"}],"about":[{"href":"https:\/\/ekb.org.pl\/en\/wp-json\/wp\/v2\/types\/page"}],"author":[{"embeddable":true,"href":"https:\/\/ekb.org.pl\/en\/wp-json\/wp\/v2\/users\/32"}],"replies":[{"embeddable":true,"href":"https:\/\/ekb.org.pl\/en\/wp-json\/wp\/v2\/comments?post=2892"}],"version-history":[{"count":2,"href":"https:\/\/ekb.org.pl\/en\/wp-json\/wp\/v2\/pages\/2892\/revisions"}],"predecessor-version":[{"id":2910,"href":"https:\/\/ekb.org.pl\/en\/wp-json\/wp\/v2\/pages\/2892\/revisions\/2910"}],"up":[{"embeddable":true,"href":"https:\/\/ekb.org.pl\/en\/wp-json\/wp\/v2\/pages\/1965"}],"wp:attachment":[{"href":"https:\/\/ekb.org.pl\/en\/wp-json\/wp\/v2\/media?parent=2892"}],"curies":[{"name":"wp","href":"https:\/\/api.w.org\/{rel}","templated":true}]}}