{"id":2824,"date":"2019-08-17T19:24:20","date_gmt":"2019-08-17T17:24:20","guid":{"rendered":"https:\/\/ekb.org.pl\/en\/?page_id=2824"},"modified":"2019-08-17T19:24:20","modified_gmt":"2019-08-17T17:24:20","slug":"the-teatr-wielki-national-opera-in-warsaw","status":"publish","type":"page","link":"https:\/\/ekb.org.pl\/en\/konkursy\/nagrody-europejskiego-klubu-biznesu\/awards-of-the-european-business-club-poland-2016\/the-teatr-wielki-national-opera-in-warsaw\/","title":{"rendered":"The Teatr Wielki National Opera in Warsaw"},"content":{"rendered":"<p><a href=\"\/\/ekb.org.pl\/en\/?attachment_id=2825\" rel=\"attachment wp-att-2825\"><img loading=\"lazy\" decoding=\"async\" class=\"aligncenter size-full wp-image-2825\" src=\"https:\/\/ekb.org.pl\/en\/wp-content\/uploads\/2019\/08\/EKB_plansza_Teatr_Wielki_EN.jpg\" alt=\"\" width=\"1920\" height=\"1080\" srcset=\"https:\/\/ekb.org.pl\/en\/wp-content\/uploads\/2019\/08\/EKB_plansza_Teatr_Wielki_EN.jpg 1920w, https:\/\/ekb.org.pl\/en\/wp-content\/uploads\/2019\/08\/EKB_plansza_Teatr_Wielki_EN-300x169.jpg 300w, https:\/\/ekb.org.pl\/en\/wp-content\/uploads\/2019\/08\/EKB_plansza_Teatr_Wielki_EN-768x432.jpg 768w, https:\/\/ekb.org.pl\/en\/wp-content\/uploads\/2019\/08\/EKB_plansza_Teatr_Wielki_EN-1024x576.jpg 1024w\" sizes=\"auto, (max-width: 1920px) 100vw, 1920px\" \/><\/a><\/p>\n<p style=\"text-align: justify;\">The greatest theatre in Poland and one of the biggest in the world. For over 170 years it has been making the history of opera and ballet in Poland. It is located in the heart of Warsaw, and its monumentality can\u2019t be overlooked \u2013 the Teatr Wielki \u2013 National Opera. The history if the place reaches the 19<sup>th<\/sup> century, and specifically the period 1825 \u2013 1833 when the theatre building was erected according to the design of Antonio Corazzi. Since that moment it has been reconstructed many times. During the siege of Warsaw in 1939, it was bombed and nearly completely destroyed. It was reconstructed after the war and opened in 1965, and since that date it has been one of the most impressive and best equipped theatres in Europe.<\/p>\n<p style=\"text-align: justify;\">The greatest scene in Europe is a home to most recognised artists of the music scene, opera and ballet. In 2019 we celebrate the 10<sup>th<\/sup> anniversary of starting the Polish National Ballet, which is a continuator of a many-year achievements of the ballet group at the Teatr Wielki and the successor of the great Warsaw ballet tradition, which dates back to the 17<sup>th<\/sup> century.<\/p>\n<p>&nbsp;<\/p>\n<p><a href=\"\/\/ekb.org.pl\/en\/?attachment_id=2827\" rel=\"attachment wp-att-2827\"><img loading=\"lazy\" decoding=\"async\" class=\"aligncenter size-full wp-image-2827\" src=\"https:\/\/ekb.org.pl\/en\/wp-content\/uploads\/2019\/08\/BIEL0104.jpg\" alt=\"\" width=\"5760\" height=\"3840\" srcset=\"https:\/\/ekb.org.pl\/en\/wp-content\/uploads\/2019\/08\/BIEL0104.jpg 5760w, https:\/\/ekb.org.pl\/en\/wp-content\/uploads\/2019\/08\/BIEL0104-300x200.jpg 300w, https:\/\/ekb.org.pl\/en\/wp-content\/uploads\/2019\/08\/BIEL0104-768x512.jpg 768w, https:\/\/ekb.org.pl\/en\/wp-content\/uploads\/2019\/08\/BIEL0104-1024x683.jpg 1024w\" sizes=\"auto, (max-width: 5760px) 100vw, 5760px\" \/><\/a><\/p>\n<p style=\"text-align: justify;\">Director of the Teatr Wielki is Waldemar D\u0105browski \u2013 former minister of culture, patron of artists, actively involved in culture, co-founder of theatres, orchestras, culture institutions, and also the board member of the Europe Opera. Director of the ballet is Krzysztof Pastor \u2013 a choreographer, artists, whose artistic language is recognised among such ballet groups as Het National Ballet, The Washington Ballet, or the Israel Ballet. The artistic director of the National Opera is Mariusz Treli\u0144ski, who is a famous top opera directors in the world, which was proved in 2018 when he received the Opera Oscar \u2013 the International Opera Award. His productions may be seen almost everywhere around the world \u2013 he is invited by the most important opera houses to co-operate, moreover, with his staging of Wagner\u2019s <em>Tristan and Isolde<\/em> he opened the season 2016\/17 at the Metropolitan Opera in New York. The performance will be played there again soon \u2013 it is coming back to the Met programme in the season 2018\/2019.<\/p>\n<p style=\"text-align: justify;\">The National Opera and the Polish National Ballet co-work with many theatres in the world. <strong>Productions of the Teatr Wielki have been staged on nearly every continent, in such places as: the Metropolitan Opera, the Teatro alla Scala, the English National Opera and festivals in Bregenz or Baden-Baden.<\/strong><\/p>\n<p style=\"text-align: justify;\">The Teatr Wielki \u2013 National Opera is not only the seat to opera and ballet. It has been designed as an institution where we can find: the first Museum of Theatre in Poland, the Opera Gallery presenting mostly the works of Polish 20<sup>th<\/sup>-century painters or the Opera Academy \u2013 a studio educating young singers. Moreover, the National Opera stage is the place of many festivals, entertainment events, but first of all the events of a historic meaning \u2013 in 2018 it celebrates the 100<sup>th<\/sup> anniversary of the Polish independence restoration.<\/p>\n<p><a href=\"\/\/ekb.org.pl\/en\/?attachment_id=2826\" rel=\"attachment wp-att-2826\"><img loading=\"lazy\" decoding=\"async\" class=\"aligncenter size-full wp-image-2826\" src=\"https:\/\/ekb.org.pl\/en\/wp-content\/uploads\/2019\/08\/scena-widownia-TWON.jpg\" alt=\"\" width=\"6627\" height=\"4446\" srcset=\"https:\/\/ekb.org.pl\/en\/wp-content\/uploads\/2019\/08\/scena-widownia-TWON.jpg 6627w, https:\/\/ekb.org.pl\/en\/wp-content\/uploads\/2019\/08\/scena-widownia-TWON-300x201.jpg 300w, https:\/\/ekb.org.pl\/en\/wp-content\/uploads\/2019\/08\/scena-widownia-TWON-768x515.jpg 768w, https:\/\/ekb.org.pl\/en\/wp-content\/uploads\/2019\/08\/scena-widownia-TWON-1024x687.jpg 1024w\" sizes=\"auto, (max-width: 6627px) 100vw, 6627px\" \/><\/a><\/p>\n<p style=\"text-align: justify;\">Every next season is in the life of Theatre a new chapter, written continuously in the course of events and within a social and historical context we are in.<\/p>\n<p style=\"text-align: justify;\"><strong>This season 2018\/2019, on the two interlinking dates particularly important to Poland, it marks naturally a direction for the programme thinking, creating a unique, interesting to the audience context. The year 2018 \u2013 the 100th anniversary of independence restoration \u2013 is followed by celebration of the Moniuszko year in 2019 \u2013 the 200th birth anniversary of that composer, a distinguished man of opera, music and culture in Poland. <\/strong><\/p>\n<p style=\"text-align: justify;\">This is the time that is understood at the National Opera above all as a great obligation: a beautiful obligation, because it allows to present achievements of the Theatre, which it is most proud of \u2013 art of the best kind, showing important values. It is also a specific accumulation of the last few years, in which the programme included the works of the rich, national heritage, which thrill everyone again and again or the masterpieces discovered anew. The Opera stages, next to<em> Straszny dw\u00f3r<\/em>, also <em>Goplana <\/em>by W\u0142adys\u0142aw \u017bele\u0144ski (awarded with the prestigious International Opera Award) and <em>Eros and Psyche<\/em> by Ludomir R\u00f3\u017cycki; there are also staged very popular <em>Cud<\/em> or <em>Krakowiaki i G\u00f3rale<\/em> by Jan Stefani and Wojciech Bogus\u0142awski, a production of the Opera Academy, full of youthful energy.<\/p>\n<p style=\"text-align: justify;\">This season will have three extremely important opera premiers originating from the national literature: <em>Kr\u00f3l Roger<\/em> by Karol Szymanowski, <em>Halka (wile\u0144ska)<\/em> by Stanis\u0142aw Moniuszko and <em>Manru<\/em> by Ignacy Paderewski, which will open the season. <strong>The artistic obligation relates in a particular way to this great personality: an artist, a creator and a statesman, whose role in the history of our country, in regaining of independence, shaping of national border lines and relations with the world empires of that time is still not communicated and honoured dutifully. Therefore, in the nearest months \u2013 next to <em>Manru<\/em>, the only Polish opera, which was staged at the Met \u2013 by Paderewski, will be presented at the theatre in an important manner. <\/strong>We would like to invite to a symphonic concert Prelude, a premiere before the premiere of Manru, to the concert on the 11<sup>th<\/sup> November, and also to an exhibition opening the season at the Opera Gallery, dedicated to two important titles of the world literature: <em>Tosca<\/em> y Giacomo Puccini (which will be one of three other titles by this composer in the programme) and the Polish premiere of <em>Billy Budd <\/em>by Benjamin Britten.<\/p>\n<p><a href=\"\/\/ekb.org.pl\/en\/?attachment_id=2828\" rel=\"attachment wp-att-2828\"><img loading=\"lazy\" decoding=\"async\" class=\"aligncenter size-full wp-image-2828\" src=\"https:\/\/ekb.org.pl\/en\/wp-content\/uploads\/2019\/08\/BIEL0124.jpg\" alt=\"\" width=\"5760\" height=\"3840\" srcset=\"https:\/\/ekb.org.pl\/en\/wp-content\/uploads\/2019\/08\/BIEL0124.jpg 5760w, https:\/\/ekb.org.pl\/en\/wp-content\/uploads\/2019\/08\/BIEL0124-300x200.jpg 300w, https:\/\/ekb.org.pl\/en\/wp-content\/uploads\/2019\/08\/BIEL0124-768x512.jpg 768w, https:\/\/ekb.org.pl\/en\/wp-content\/uploads\/2019\/08\/BIEL0124-1024x683.jpg 1024w\" sizes=\"auto, (max-width: 5760px) 100vw, 5760px\" \/><\/a><\/p>\n<p style=\"text-align: justify;\">The Polish National Ballet, after a well-received <em>Dama kameliowa<\/em> to the Frederic Chopin music, will present again the works of the genial composer, and will propose this time a performance <em>Nasz<\/em> <em>Chopin<\/em> (Notre Chopin) with both piano concerts;\u00a0 on the Small Stage there will be a preview under a meaningful title <em>Fredriana<\/em> \u2013 the play matches well the anniversary season, created based on texts written by a virtuoso of the Polish comedy drama, the count Aleksander Fredro and music by Stanis\u0142aw Moniuszko.<\/p>\n<p style=\"text-align: justify;\">\u00a0Since the beginning of 2019, the figure if Stanis\u0142aw Moniuszko in a natural way will take the central position in the life of the National Opera. Next to plays, symphonic concerts and cameral concerts ( including the gala opening the Moniuszko Year on the 5<sup>th<\/sup> of January and several recitals in the Redutowy Rooms under the name of Frederic Chopin), and also in May the anniversary 10<sup>th<\/sup> International Vocal Concert under the name of Stanis\u0142aw Moniuszko, which realistically matches the list of the most important events of that kind in the world.<\/p>\n<p><a href=\"\/\/ekb.org.pl\/en\/?attachment_id=2829\" rel=\"attachment wp-att-2829\"><img loading=\"lazy\" decoding=\"async\" class=\"aligncenter size-full wp-image-2829\" src=\"https:\/\/ekb.org.pl\/en\/wp-content\/uploads\/2019\/08\/DSC02077.jpg\" alt=\"\" width=\"4912\" height=\"2760\" srcset=\"https:\/\/ekb.org.pl\/en\/wp-content\/uploads\/2019\/08\/DSC02077.jpg 4912w, https:\/\/ekb.org.pl\/en\/wp-content\/uploads\/2019\/08\/DSC02077-300x169.jpg 300w, https:\/\/ekb.org.pl\/en\/wp-content\/uploads\/2019\/08\/DSC02077-768x432.jpg 768w, https:\/\/ekb.org.pl\/en\/wp-content\/uploads\/2019\/08\/DSC02077-1024x575.jpg 1024w\" sizes=\"auto, (max-width: 4912px) 100vw, 4912px\" \/><\/a><\/p>\n","protected":false},"excerpt":{"rendered":"<p>The greatest theatre in Poland and one of the biggest in the world. For over 170 years it has been making the history of opera<\/p>\n","protected":false},"author":1,"featured_media":0,"parent":1965,"menu_order":0,"comment_status":"closed","ping_status":"closed","template":"","meta":{"footnotes":""},"class_list":["post-2824","page","type-page","status-publish","hentry"],"_links":{"self":[{"href":"https:\/\/ekb.org.pl\/en\/wp-json\/wp\/v2\/pages\/2824","targetHints":{"allow":["GET"]}}],"collection":[{"href":"https:\/\/ekb.org.pl\/en\/wp-json\/wp\/v2\/pages"}],"about":[{"href":"https:\/\/ekb.org.pl\/en\/wp-json\/wp\/v2\/types\/page"}],"author":[{"embeddable":true,"href":"https:\/\/ekb.org.pl\/en\/wp-json\/wp\/v2\/users\/1"}],"replies":[{"embeddable":true,"href":"https:\/\/ekb.org.pl\/en\/wp-json\/wp\/v2\/comments?post=2824"}],"version-history":[{"count":1,"href":"https:\/\/ekb.org.pl\/en\/wp-json\/wp\/v2\/pages\/2824\/revisions"}],"predecessor-version":[{"id":2830,"href":"https:\/\/ekb.org.pl\/en\/wp-json\/wp\/v2\/pages\/2824\/revisions\/2830"}],"up":[{"embeddable":true,"href":"https:\/\/ekb.org.pl\/en\/wp-json\/wp\/v2\/pages\/1965"}],"wp:attachment":[{"href":"https:\/\/ekb.org.pl\/en\/wp-json\/wp\/v2\/media?parent=2824"}],"curies":[{"name":"wp","href":"https:\/\/api.w.org\/{rel}","templated":true}]}}