{"id":2423,"date":"2018-05-04T19:33:22","date_gmt":"2018-05-04T17:33:22","guid":{"rendered":"http:\/\/ekb.org.pl\/en\/?page_id=2423"},"modified":"2018-05-04T19:33:22","modified_gmt":"2018-05-04T17:33:22","slug":"zdzislaw-nowakowski","status":"publish","type":"page","link":"https:\/\/ekb.org.pl\/en\/konkursy\/nagrody-europejskiego-klubu-biznesu\/awards-of-the-european-business-club-poland-2015\/zdzislaw-nowakowski\/","title":{"rendered":"Zdzis\u0142aw Nowakowski"},"content":{"rendered":"<h4>\u201eSIGNUM TEMPORIS\u201d ( SIGN OF THE TIMES) 2015<\/h4>\n<p>\u201cfor innovative activities and exceptional achievements in the development of higher education\u201d<\/p>\n<p><a href=\"http:\/\/ekb.org.pl\/ekb\/wp-content\/uploads\/2014\/11\/Zdjecie_rektor_poprawione.jpg\" rel=\"lightbox[2423]\"><img loading=\"lazy\" decoding=\"async\" class=\"aligncenter size-medium wp-image-2163\" src=\"http:\/\/ekb.org.pl\/ekb\/wp-content\/uploads\/2014\/11\/Zdjecie_rektor_poprawione-300x200.jpg\" alt=\"Rektor Wy\u017cszej Szko\u0142y Informatyki, Zarz\u0105dzania i Administracji w Warszawie prof. ndzw. dr hab. in\u017c. Zdzis\u0142aw Nowakowski.\" width=\"300\" height=\"200\" \/><\/a><\/p>\n<p style=\"text-align: justify;\">Prof. dr hab. in\u017c. Zdzis\u0142aw Nowakowski \u2013 the Dean of the Higher School of Information Technology, Management and Administration (known as the \u201cGood University\u201d) is a graduate of the Faculty of Electrical Engineering at the Warsaw University of Technology and the Faculty of Foreign Trade at the Main School of Planning and Statistics (currently the Warsaw School of Economics). He has a PhD and a doktor habilitowany degrees in politics, which he obtained at the Faculty of Political Sciences at the Maria Curie-Sk\u0142odowska University in Lublin. Since 2002, he has been the Dean of the Higher School of Information Technology, Management and Administration, and since 2001, he has been employed as a professor. For many years he has been engaging in research, taking part in numerous research projects and conferences. He is the author and coauthor of hundreds of national and international publications, including about a dozen books in the area of IT, telecommunication, energy, administration, management, political science and the widely spoken security of the state. For about a dozen years he worked in the area of ICT, being in the management and supervisory bodies (i.a., Radomska Wytw\u00f3rnia Telefon\u00f3w S.A, PWP Mescomp S.A., Aster City Cable, TVM S.A).<\/p>\n<p style=\"text-align: justify;\">He was active in employers\u2019 organisations. Inter alia he was the President of the Economic Society in Warsaw and a member of the Management Board of The Union of Employers in Foreign Trade. He is a member of the European Society for Engineering Education, as well as an expert in The Mazowiecki Credit Guarantee Fund.<\/p>\n<p><a href=\"http:\/\/ekb.org.pl\/ekb\/wp-content\/uploads\/2015\/09\/Certyfikaty-Nagr\u00f3d-EKB-Polska-2015-012.jpg\" rel=\"lightbox[2423]\"><img loading=\"lazy\" decoding=\"async\" class=\"aligncenter size-large wp-image-2970\" src=\"http:\/\/ekb.org.pl\/ekb\/wp-content\/uploads\/2015\/09\/Certyfikaty-Nagr\u00f3d-EKB-Polska-2015-012-708x1024.jpg\" alt=\"Certyfikaty Nagr\u00f3d EKB Polska 2015 012\" width=\"506\" height=\"732\" \/><\/a><\/p>\n","protected":false},"excerpt":{"rendered":"<p>\u201eSIGNUM TEMPORIS\u201d ( SIGN OF THE TIMES) 2015 \u201cfor innovative activities and exceptional achievements in the development of higher education\u201d Prof. dr hab. in\u017c. Zdzis\u0142aw<\/p>\n","protected":false},"author":32,"featured_media":0,"parent":2382,"menu_order":0,"comment_status":"closed","ping_status":"closed","template":"","meta":{"footnotes":""},"class_list":["post-2423","page","type-page","status-publish","hentry"],"_links":{"self":[{"href":"https:\/\/ekb.org.pl\/en\/wp-json\/wp\/v2\/pages\/2423","targetHints":{"allow":["GET"]}}],"collection":[{"href":"https:\/\/ekb.org.pl\/en\/wp-json\/wp\/v2\/pages"}],"about":[{"href":"https:\/\/ekb.org.pl\/en\/wp-json\/wp\/v2\/types\/page"}],"author":[{"embeddable":true,"href":"https:\/\/ekb.org.pl\/en\/wp-json\/wp\/v2\/users\/32"}],"replies":[{"embeddable":true,"href":"https:\/\/ekb.org.pl\/en\/wp-json\/wp\/v2\/comments?post=2423"}],"version-history":[{"count":1,"href":"https:\/\/ekb.org.pl\/en\/wp-json\/wp\/v2\/pages\/2423\/revisions"}],"predecessor-version":[{"id":2424,"href":"https:\/\/ekb.org.pl\/en\/wp-json\/wp\/v2\/pages\/2423\/revisions\/2424"}],"up":[{"embeddable":true,"href":"https:\/\/ekb.org.pl\/en\/wp-json\/wp\/v2\/pages\/2382"}],"wp:attachment":[{"href":"https:\/\/ekb.org.pl\/en\/wp-json\/wp\/v2\/media?parent=2423"}],"curies":[{"name":"wp","href":"https:\/\/api.w.org\/{rel}","templated":true}]}}