{"id":2391,"date":"2018-05-03T16:36:38","date_gmt":"2018-05-03T14:36:38","guid":{"rendered":"http:\/\/ekb.org.pl\/en\/?page_id=2391"},"modified":"2018-05-03T16:43:00","modified_gmt":"2018-05-03T14:43:00","slug":"herbert-wirth","status":"publish","type":"page","link":"https:\/\/ekb.org.pl\/en\/konkursy\/nagrody-europejskiego-klubu-biznesu\/awards-of-the-european-business-club-poland-2015\/herbert-wirth\/","title":{"rendered":"Herbert Wirth"},"content":{"rendered":"<h4>\u201eENTREPRENEUR MAGNUS\u201d (EXTRAORDINARY ENTREPRENEUR) 2015<\/h4>\n<p>\u201efor professionalism, creativity, courageous and dynamic management<br \/>\nof the Polish worldwide strategic company\u201d<\/p>\n<p><a href=\"http:\/\/ekb.org.pl\/ekb\/wp-content\/uploads\/2015\/09\/151.jpg\" rel=\"lightbox[2391]\"><img loading=\"lazy\" decoding=\"async\" class=\"aligncenter size-large wp-image-3096\" src=\"http:\/\/ekb.org.pl\/ekb\/wp-content\/uploads\/2015\/09\/151-1024x680.jpg\" alt=\"Pan Herbert Wirth z Nagrod\u0105 Europejskiego Klubu Biznesu Polska ENTREPRENEUR MAGNUS (WYBITNY PRZEDSI\u0118BIORCA).\" width=\"506\" height=\"336\" \/><\/a><\/p>\n<p style=\"text-align: justify;\">Herbert Wirth \u2013 a Polish engineer, geologist, manager, professor of technical sciences, since 2009 the President of the Management Board of KGHM Polska Mied\u017a S.A.( KGHM Polish Copper plc.) He is a co-founder of the think tank Poland Go Global. In 2009, he became the General Director of Mining of the 1st Degree, appointed by the Ministry of Economy. He is a member of the EIT Raw Materials Management Committee with its seat in Berlin, of the Mineral and Energy Economy Research Institute at the Polish Academy of Sciences, the Polish Association of Mining Engineers and Technicians, the Mining Sciences Committee at the Lower Silesia Branch of the Polish Academy of Sciences in Wroc\u0142aw. He initiated the founding of the Polish Association<br \/>\nof Mineral Asset Valuators, of which he is also a member. He was granted the title of doctor honoris causa by the Wroc\u0142aw University of Economics and the AGH University of Science and Technology in Krak\u00f3w, as well as many awards and honorary badges. The author and coauthor of more than 13 monographs, 95 research articles, 63 research theses and over 70 expertise papers concerning the evaluation of investment possibilities.<\/p>\n<p style=\"text-align: justify;\">KGHM Polska Mied\u017a S.A. (formerly: Kombinat G\u00f3rniczo-Hutniczy Miedzi) \u2013 a strategic company, one of the largest Polish State Treasury companies, one of the main producers of copper and refined silver in the world. According to the data of KGHM, it is the sixth largest producer of electrolytic copper (approx. 500-550 thousand tons) and the largest producer of silver in the world (approx. 1260 tons of refined silver in 2011). KGHM produces also gold (903 kg in 2008), palladium and platinum concentrate (93 kg), lead and other metals, although those in<br \/>\nsmaller quantities. KGHM also extracts rock salt. KGHM is one of the largest companies listed on the Warsaw Stock Exchange, it is a part of the WIG20 and WIG30 indexes. It was a part of the group of 16 companies which had their debut on November 19, 2009 at the Warsaw Stock Exchange creating the RESPECT Index. Those companies obtained the highest ranking class \u2013 they became the leaders in the ranking. KGHM Polska Mied\u017a S.A. employs over 18,000 employees. Another 10,000 (not including KGHM International) work in the KGHM Polska Mied\u017a S.A. Capital Group. Including the employees of the companies co-operating with KGHM, one can say that Polska Mied\u017a employs over 100,000 people. KGHM Polska Mied\u017a S.A. completed the 2009 strategy, giving its shareholders more than the average return rate:<\/p>\n<ul>\n<li>The rising trend of production costs was reversed \u2013 since 2012 a mid-year drop of production costs per ton by 2 percent has been recorded;<\/li>\n<li>KGHM expanded its resource base and significantly increased the production of copper \u2013 in 2012 Quadra FNX was acquired for a good price. Thanks to the active expansion completed with the acquisition of Quadra FNX, the company joined the global copper producers \u2013 in 2014 a world class project called \u201cSierra Gorda\u201d was launched \u2013 the total resource base increased by 12 million tons of copper, i.e. by over 40 percent.<\/li>\n<\/ul>\n<p style=\"text-align: justify;\">Development and implementation of new technologies makes KGHM a global leader guiding the industry towards new directions of development;<\/p>\n<ul>\n<li>KGHM\u2019s operations have been diversified due to the increase of the resources base \u2013 KGHM has got extraction projects in Europe, North America and Chile \u2013 production has been broadened to other non-iron metals (molybdenum, gold);<\/li>\n<li>KGHM remains an important partner in the region, generating 40% of the local taxes and directly employing nearly 40,000 people;<\/li>\n<li>KGHM introduced management by goals for key managers and worked out a number of programmes promoting the transfer of knowledge and development of talents in the company. Following the path of the existing strategic directions, KGHM sets a new goal \u2013 to achieve the level of production of over 1 million tons of copper from own resources by 2020:<\/li>\n<li>KGHM\u2019s New Strategy will be based on three pillars: development of the resource base (a wide programme of exploration in Poland and in the world, as well as potential further acquisitions of pre-production assets); development of assets (an investment programme focused on the current projects with the value of PLN 27 billion by 2020); optimization of production (decreasing the Capital Group\u2018s C1 production costs by about 10 percent by 2020);<\/li>\n<li>At the same time, KGHM is developing innovative technologies in the area of production and processing of metal ores, which will translate to durable competitive advantage and to a long-term increase of goodwill;<\/li>\n<li> KGHM is an attractive investment due to good perspectives on the copper market, rich resource base, diversified portfolio of world class projects, experienced employees and stable shareholding policy (up to 1\/3 of the net profit).<\/li>\n<\/ul>\n<p>In 2012, Mr. Herbert Wirth was awarded with the \u201dBene Merito\u201d Honorary Badge and, in 2013,with the Golden Cross of Merit.<\/p>\n<p><a href=\"http:\/\/ekb.org.pl\/ekb\/wp-content\/uploads\/2015\/09\/Certyfikaty-Nagr\u00f3d-EKB-Polska-2015-002.jpg\" rel=\"lightbox[2391]\"><img loading=\"lazy\" decoding=\"async\" class=\"aligncenter size-large wp-image-2960\" src=\"http:\/\/ekb.org.pl\/ekb\/wp-content\/uploads\/2015\/09\/Certyfikaty-Nagr\u00f3d-EKB-Polska-2015-002-712x1024.jpg\" alt=\"Certyfikaty Nagr\u00f3d EKB Polska 2015 002\" width=\"506\" height=\"728\" \/><\/a><\/p>\n","protected":false},"excerpt":{"rendered":"<p>\u201eENTREPRENEUR MAGNUS\u201d (EXTRAORDINARY ENTREPRENEUR) 2015 \u201efor professionalism, creativity, courageous and dynamic management of the Polish worldwide strategic company\u201d Herbert Wirth \u2013 a Polish engineer, geologist,<\/p>\n","protected":false},"author":32,"featured_media":0,"parent":2382,"menu_order":0,"comment_status":"closed","ping_status":"closed","template":"","meta":{"footnotes":""},"class_list":["post-2391","page","type-page","status-publish","hentry"],"_links":{"self":[{"href":"https:\/\/ekb.org.pl\/en\/wp-json\/wp\/v2\/pages\/2391","targetHints":{"allow":["GET"]}}],"collection":[{"href":"https:\/\/ekb.org.pl\/en\/wp-json\/wp\/v2\/pages"}],"about":[{"href":"https:\/\/ekb.org.pl\/en\/wp-json\/wp\/v2\/types\/page"}],"author":[{"embeddable":true,"href":"https:\/\/ekb.org.pl\/en\/wp-json\/wp\/v2\/users\/32"}],"replies":[{"embeddable":true,"href":"https:\/\/ekb.org.pl\/en\/wp-json\/wp\/v2\/comments?post=2391"}],"version-history":[{"count":2,"href":"https:\/\/ekb.org.pl\/en\/wp-json\/wp\/v2\/pages\/2391\/revisions"}],"predecessor-version":[{"id":2395,"href":"https:\/\/ekb.org.pl\/en\/wp-json\/wp\/v2\/pages\/2391\/revisions\/2395"}],"up":[{"embeddable":true,"href":"https:\/\/ekb.org.pl\/en\/wp-json\/wp\/v2\/pages\/2382"}],"wp:attachment":[{"href":"https:\/\/ekb.org.pl\/en\/wp-json\/wp\/v2\/media?parent=2391"}],"curies":[{"name":"wp","href":"https:\/\/api.w.org\/{rel}","templated":true}]}}