{"id":2373,"date":"2018-05-03T14:34:51","date_gmt":"2018-05-03T12:34:51","guid":{"rendered":"http:\/\/ekb.org.pl\/en\/?page_id=2373"},"modified":"2018-07-06T07:01:17","modified_gmt":"2018-07-06T05:01:17","slug":"father-jacek-stryczek","status":"publish","type":"page","link":"https:\/\/ekb.org.pl\/en\/konkursy\/nagrody-europejskiego-klubu-biznesu\/awards-of-the-european-business-club-poland-2017\/father-jacek-stryczek\/","title":{"rendered":"Father Jacek Stryczek"},"content":{"rendered":"<p><a href=\"http:\/\/ekb.org.pl\/en\/wp-content\/uploads\/2018\/05\/Stryczek_plansza_EN.jpg\" rel=\"lightbox[2373]\"><img loading=\"lazy\" decoding=\"async\" class=\"aligncenter size-full wp-image-5382\" src=\"http:\/\/ekb.org.pl\/en\/wp-content\/uploads\/2018\/05\/Stryczek_plansza_EN.jpg\" alt=\"\" width=\"1920\" height=\"1080\" \/><\/a><\/p>\n<p style=\"text-align: justify;\">Jacek Stryczek \u2013 the Polish catholic priest, academic chaplain and the President of the SPRING Association. He studied vibroacoustics at the University of Science and Technology in Cracow (AGH), from which he graduated 1988. In the years 1988\u20131993, he studied at the Papal Theological Academy. He was ordained to the priesthood on 15 May 1993. As from 1995 he was the academic chaplain, among other things, at the St. Anna Collegiate and Collegium Medicum at Jagiellonian University. In the years 1999\u20132007, he was vicar of the Divine Mercy parish in Prokocim Nowy. Since 2007 he has been the Businessmen Chaplain and the Volunteers\u2019 Chaplain in the Ma\u0142opolska province. He specialises in the Church PR and the business social responsibility.<\/p>\n<p style=\"text-align: justify;\">In 2001, he was one of the founders of the SPRING Association engaged in such projects as \u201cNoble Parcel\u201d and \u201cAcademy of the Future\u201d. Noble Parcel (until 2009 the Christmas Parcel) \u2013 a nationwide project of assisting families in difficult financial situation implemented by the SPRING Association. Parcels are delivered to such families two weeks before christmas.<\/p>\n<p><a href=\"http:\/\/ekb.org.pl\/en\/wp-content\/uploads\/2018\/06\/jacekstryczek-01.jpg\" rel=\"lightbox[2373]\"><img loading=\"lazy\" decoding=\"async\" src=\"http:\/\/ekb.org.pl\/en\/wp-content\/uploads\/2018\/06\/jacekstryczek-01-1024x490.jpg\" alt=\"\" width=\"783\" height=\"375\" class=\"aligncenter size-large wp-image-2528\" srcset=\"https:\/\/ekb.org.pl\/en\/wp-content\/uploads\/2018\/06\/jacekstryczek-01-1024x490.jpg 1024w, https:\/\/ekb.org.pl\/en\/wp-content\/uploads\/2018\/06\/jacekstryczek-01-300x144.jpg 300w, https:\/\/ekb.org.pl\/en\/wp-content\/uploads\/2018\/06\/jacekstryczek-01-768x367.jpg 768w, https:\/\/ekb.org.pl\/en\/wp-content\/uploads\/2018\/06\/jacekstryczek-01.jpg 1415w\" sizes=\"auto, (max-width: 783px) 100vw, 783px\" \/><\/a><\/p>\n<p><a href=\"http:\/\/ekb.org.pl\/en\/wp-content\/uploads\/2018\/06\/jacekstryczek-02.jpg\" rel=\"lightbox[2373]\"><img loading=\"lazy\" decoding=\"async\" src=\"http:\/\/ekb.org.pl\/en\/wp-content\/uploads\/2018\/06\/jacekstryczek-02-1024x512.jpg\" alt=\"\" width=\"783\" height=\"392\" class=\"aligncenter size-large wp-image-2529\" srcset=\"https:\/\/ekb.org.pl\/en\/wp-content\/uploads\/2018\/06\/jacekstryczek-02-1024x512.jpg 1024w, https:\/\/ekb.org.pl\/en\/wp-content\/uploads\/2018\/06\/jacekstryczek-02-300x150.jpg 300w, https:\/\/ekb.org.pl\/en\/wp-content\/uploads\/2018\/06\/jacekstryczek-02-768x384.jpg 768w, https:\/\/ekb.org.pl\/en\/wp-content\/uploads\/2018\/06\/jacekstryczek-02.jpg 1415w\" sizes=\"auto, (max-width: 783px) 100vw, 783px\" \/><\/a><\/p>\n<p style=\"text-align: justify;\">The campaign was organised for the first time in Cracow in 2000 when the group of academic pastoral care led by priest Jacek Stryczek (currently the President of the SPRING Association) gave gifts to 30 poor families. In the edition of 2013, within the framework of this campaign, 530.5 thousand donors provided parcels to 17,684 families (70,700 persons), and the total value of such aid amounted to PLN 33.1 million. One parcel was prepared on average by 30 persons. The programme is based on donations from private donors who respond to the needs of the most deprived persons from local communities. These needs are identified by volunteers, and they are entered in the anonymous web-based database. From this database, donors can chose any family they want to help. Each year around November, one can chose the family from the web-based database and prepare a parcel for them. The main principle of the Noble Parcel is to provide aid to those families who wish to change their situation. In each region, the project is managed by the leader who coordinates the whole work of the team of volunteers. Families are covered by the project according to one of the categories: a sick\/disabled child in the family, a large family, old age and loneliness, illness, disability in the family, misfortune, a single-parent, others.<\/p>\n<p><a href=\"http:\/\/ekb.org.pl\/en\/wp-content\/uploads\/2018\/06\/jacekstryczek-03.jpg\" rel=\"lightbox[2373]\"><img loading=\"lazy\" decoding=\"async\" src=\"http:\/\/ekb.org.pl\/en\/wp-content\/uploads\/2018\/06\/jacekstryczek-03-1024x512.jpg\" alt=\"\" width=\"783\" height=\"392\" class=\"aligncenter size-large wp-image-2530\" srcset=\"https:\/\/ekb.org.pl\/en\/wp-content\/uploads\/2018\/06\/jacekstryczek-03-1024x512.jpg 1024w, https:\/\/ekb.org.pl\/en\/wp-content\/uploads\/2018\/06\/jacekstryczek-03-300x150.jpg 300w, https:\/\/ekb.org.pl\/en\/wp-content\/uploads\/2018\/06\/jacekstryczek-03-768x384.jpg 768w, https:\/\/ekb.org.pl\/en\/wp-content\/uploads\/2018\/06\/jacekstryczek-03.jpg 1415w\" sizes=\"auto, (max-width: 783px) 100vw, 783px\" \/><\/a><\/p>\n<p style=\"text-align: justify;\">In the Noble Parcel project, each and every interested person may become the donor. Donors often group together to prepare a given parcel. They also encourage their friends, colleagues, associates, families, schoolchildren or students to do so. This campaign requires also the assistance of benefactors. The benefactor is a person who contributes financial resources to the Noble Parcel. By supporting this project on a regular basis one can join the club \u201cSpring and Friends\u201d. Apart from private donors, the campaign is also supported by various organisations and individuals. So far, the campaign was joined by Pope Francis, the Presidential Couple Andrzej and Agata Duda, Jerzy Dudek with the Real Madrid team, the sisters: Agnieszka and Urszula Radwa\u0144ska, Anna and Robert Lewandowski, Jakub B\u0142aszczykowski and \u0141ukasz Piszczek, just to mention a few.<\/p>\n<p><a href=\"http:\/\/ekb.org.pl\/en\/wp-content\/uploads\/2018\/06\/jacekstryczek-04.jpg\" rel=\"lightbox[2373]\"><img loading=\"lazy\" decoding=\"async\" src=\"http:\/\/ekb.org.pl\/en\/wp-content\/uploads\/2018\/06\/jacekstryczek-04-1024x592.jpg\" alt=\"\" width=\"783\" height=\"453\" class=\"aligncenter size-large wp-image-2531\" srcset=\"https:\/\/ekb.org.pl\/en\/wp-content\/uploads\/2018\/06\/jacekstryczek-04-1024x592.jpg 1024w, https:\/\/ekb.org.pl\/en\/wp-content\/uploads\/2018\/06\/jacekstryczek-04-300x174.jpg 300w, https:\/\/ekb.org.pl\/en\/wp-content\/uploads\/2018\/06\/jacekstryczek-04-768x444.jpg 768w, https:\/\/ekb.org.pl\/en\/wp-content\/uploads\/2018\/06\/jacekstryczek-04.jpg 1414w\" sizes=\"auto, (max-width: 783px) 100vw, 783px\" \/><\/a><\/p>\n<p><a href=\"http:\/\/ekb.org.pl\/en\/wp-content\/uploads\/2018\/06\/jacekstryczek-05.jpg\" rel=\"lightbox[2373]\"><img loading=\"lazy\" decoding=\"async\" src=\"http:\/\/ekb.org.pl\/en\/wp-content\/uploads\/2018\/06\/jacekstryczek-05-1024x592.jpg\" alt=\"\" width=\"783\" height=\"453\" class=\"aligncenter size-large wp-image-2532\" srcset=\"https:\/\/ekb.org.pl\/en\/wp-content\/uploads\/2018\/06\/jacekstryczek-05-1024x592.jpg 1024w, https:\/\/ekb.org.pl\/en\/wp-content\/uploads\/2018\/06\/jacekstryczek-05-300x173.jpg 300w, https:\/\/ekb.org.pl\/en\/wp-content\/uploads\/2018\/06\/jacekstryczek-05-768x444.jpg 768w, https:\/\/ekb.org.pl\/en\/wp-content\/uploads\/2018\/06\/jacekstryczek-05.jpg 1415w\" sizes=\"auto, (max-width: 783px) 100vw, 783px\" \/><\/a><\/p>\n<p style=\"text-align: center; line-height: 0.95;font-weight: bold;\"><small><b><i>Father Jacek Stryczek receiving the PRO PUBLICO BONO 2017 FOR THE FUTURE award,<br \/>\nhanded by Secretary of State in the Ministry of Development And\u017celika Mo\u017cd\u017canowska,<br \/>\nPresident of the Chapter of Awards professor El\u017cbieta M\u0105czy\u0144ska and Janusz Cie\u015blak,<br \/>\nPresident of EBC Poland.<\/i><\/b><\/small><\/p>\n<div id='gallery-1' class='gallery galleryid-2373 gallery-columns-3 gallery-size-full'><figure class='gallery-item'>\n\t\t\t<div class='gallery-icon landscape'>\n\t\t\t\t<a href='https:\/\/ekb.org.pl\/en\/36-2\/'><img loading=\"lazy\" decoding=\"async\" width=\"4288\" height=\"2848\" src=\"https:\/\/ekb.org.pl\/en\/wp-content\/uploads\/2018\/05\/36.jpg\" class=\"attachment-full size-full\" alt=\"\" srcset=\"https:\/\/ekb.org.pl\/en\/wp-content\/uploads\/2018\/05\/36.jpg 4288w, https:\/\/ekb.org.pl\/en\/wp-content\/uploads\/2018\/05\/36-300x199.jpg 300w, https:\/\/ekb.org.pl\/en\/wp-content\/uploads\/2018\/05\/36-768x510.jpg 768w, https:\/\/ekb.org.pl\/en\/wp-content\/uploads\/2018\/05\/36-1024x680.jpg 1024w\" sizes=\"auto, (max-width: 4288px) 100vw, 4288px\" \/><\/a>\n\t\t\t<\/div><\/figure><figure class='gallery-item'>\n\t\t\t<div class='gallery-icon landscape'>\n\t\t\t\t<a href='https:\/\/ekb.org.pl\/en\/37\/'><img loading=\"lazy\" decoding=\"async\" width=\"4288\" height=\"2848\" src=\"https:\/\/ekb.org.pl\/en\/wp-content\/uploads\/2018\/05\/37.jpg\" class=\"attachment-full size-full\" alt=\"\" srcset=\"https:\/\/ekb.org.pl\/en\/wp-content\/uploads\/2018\/05\/37.jpg 4288w, https:\/\/ekb.org.pl\/en\/wp-content\/uploads\/2018\/05\/37-300x199.jpg 300w, https:\/\/ekb.org.pl\/en\/wp-content\/uploads\/2018\/05\/37-768x510.jpg 768w, https:\/\/ekb.org.pl\/en\/wp-content\/uploads\/2018\/05\/37-1024x680.jpg 1024w\" sizes=\"auto, (max-width: 4288px) 100vw, 4288px\" \/><\/a>\n\t\t\t<\/div><\/figure>\n\t\t<\/div>\n\n","protected":false},"excerpt":{"rendered":"<p>Jacek Stryczek \u2013 the Polish catholic priest, academic chaplain and the President of the SPRING Association. He studied vibroacoustics at the University of Science and<\/p>\n","protected":false},"author":32,"featured_media":0,"parent":2144,"menu_order":0,"comment_status":"closed","ping_status":"closed","template":"","meta":{"footnotes":""},"class_list":["post-2373","page","type-page","status-publish","hentry"],"_links":{"self":[{"href":"https:\/\/ekb.org.pl\/en\/wp-json\/wp\/v2\/pages\/2373","targetHints":{"allow":["GET"]}}],"collection":[{"href":"https:\/\/ekb.org.pl\/en\/wp-json\/wp\/v2\/pages"}],"about":[{"href":"https:\/\/ekb.org.pl\/en\/wp-json\/wp\/v2\/types\/page"}],"author":[{"embeddable":true,"href":"https:\/\/ekb.org.pl\/en\/wp-json\/wp\/v2\/users\/32"}],"replies":[{"embeddable":true,"href":"https:\/\/ekb.org.pl\/en\/wp-json\/wp\/v2\/comments?post=2373"}],"version-history":[{"count":8,"href":"https:\/\/ekb.org.pl\/en\/wp-json\/wp\/v2\/pages\/2373\/revisions"}],"predecessor-version":[{"id":2584,"href":"https:\/\/ekb.org.pl\/en\/wp-json\/wp\/v2\/pages\/2373\/revisions\/2584"}],"up":[{"embeddable":true,"href":"https:\/\/ekb.org.pl\/en\/wp-json\/wp\/v2\/pages\/2144"}],"wp:attachment":[{"href":"https:\/\/ekb.org.pl\/en\/wp-json\/wp\/v2\/media?parent=2373"}],"curies":[{"name":"wp","href":"https:\/\/api.w.org\/{rel}","templated":true}]}}