{"id":2345,"date":"2018-05-03T13:27:15","date_gmt":"2018-05-03T11:27:15","guid":{"rendered":"http:\/\/ekb.org.pl\/en\/?page_id=2345"},"modified":"2018-07-06T06:53:17","modified_gmt":"2018-07-06T04:53:17","slug":"port-praski","status":"publish","type":"page","link":"https:\/\/ekb.org.pl\/en\/konkursy\/nagrody-europejskiego-klubu-biznesu\/awards-of-the-european-business-club-poland-2017\/port-praski\/","title":{"rendered":"Port Praski"},"content":{"rendered":"<p><a href=\"http:\/\/ekb.org.pl\/en\/wp-content\/uploads\/2018\/05\/Port-praski_plansza_EN.jpg\" rel=\"lightbox[2345]\"><img loading=\"lazy\" decoding=\"async\" class=\"aligncenter size-full wp-image-5355\" src=\"http:\/\/ekb.org.pl\/en\/wp-content\/uploads\/2018\/05\/Port-praski_plansza_EN.jpg\" alt=\"\" width=\"1920\" height=\"1080\" \/><\/a><\/p>\n<p style=\"text-align: justify;\">\u201cThe Port Praski \u2013 the city of a new generation\u201d is a tremendous investment being implemented at harbour basins on the area of approximately forty hectares located in the very centre of Warsaw, close to the Old Town. Although developers like to use big words, everything seems to indicate that the Port Praski will really contribute to changing the image of the whole city. It is one of the largest architectonic projects in Europe of which implementation, due to the modern construction technology, has chances of matching the effects of the London Docs and due to the surrounding historic architecture \u2013 Venetia. The character of the Port Praski project stirs up more and more interest of inhabitants of Warsaw. It is recognised as one of the unique and few investments in Europe, of which image will contribute to the development and enrichment of the southern side of Warsaw, and it will also add variety to it.<\/p>\n<p style=\"text-align: justify;\">Ultimately, the Port Praski will consist of four components: Stara Praga \u2013 the residential and shopping borough, the Docs \u2013 the luxury part with restaurants,  exclusive boutiques and marina, the City \u2013 the shopping and office area and the Media Park \u2013 the media and technological part. In addition, the developer will construct flood defences which will protect the southern side of Warsaw, the subway station \u201cNational Stadium\u201d at Sokola Street, the tunnel of the second subway line from Targowa to Sokola and Wybrze\u017ce Szczeci\u0144skie Streets, and also the adjacent area to Ratuszowa, Targowa and Francuska Streets. The project \u201cThe Port Praski \u2013 the city of new generation\u201d was launched at the end of 2011; four residential and retail buildings have been already completed: Krowia 6, Sierakowskiego 5, Port and Latarnia. The whole investment is planned to be completed within the next years. The Docs in the Warsaw Port Praski are intended to be not only the landmark of Warsaw in Europe but they are also planned to become the start point of water urban public transport. Due to becoming the beginning of the alternative for traffic-jammed streets, they are to become something more than the London Docs where water transport serves only tourist purposes. Developing the urban river transport may turn out to be a very effective way of solving the traffic-jam problems, provided that it is not limited only to one port. It should be possible for inhabitants of Warsaw to reach various destinations, specifically in view of the fact that more and more people work and spend their leisure time in locations close to the Vistula River. The necessity of revitalising the queen of Polish rivers has already been discussed for a long time, and such investments as the Port Praski are happening before our very eyes.<\/p>\n<p><a href=\"http:\/\/ekb.org.pl\/en\/wp-content\/uploads\/2018\/06\/port-praski-01.jpg\" rel=\"lightbox[2345]\"><img loading=\"lazy\" decoding=\"async\" src=\"http:\/\/ekb.org.pl\/en\/wp-content\/uploads\/2018\/06\/port-praski-01-1024x490.jpg\" alt=\"\" width=\"783\" height=\"375\" class=\"aligncenter size-large wp-image-2500\" srcset=\"https:\/\/ekb.org.pl\/en\/wp-content\/uploads\/2018\/06\/port-praski-01-1024x490.jpg 1024w, https:\/\/ekb.org.pl\/en\/wp-content\/uploads\/2018\/06\/port-praski-01-300x144.jpg 300w, https:\/\/ekb.org.pl\/en\/wp-content\/uploads\/2018\/06\/port-praski-01-768x367.jpg 768w, https:\/\/ekb.org.pl\/en\/wp-content\/uploads\/2018\/06\/port-praski-01.jpg 1415w\" sizes=\"auto, (max-width: 783px) 100vw, 783px\" \/><\/a><\/p>\n<p><a href=\"http:\/\/ekb.org.pl\/en\/wp-content\/uploads\/2018\/06\/port-praski-02.jpg\" rel=\"lightbox[2345]\"><img loading=\"lazy\" decoding=\"async\" src=\"http:\/\/ekb.org.pl\/en\/wp-content\/uploads\/2018\/06\/port-praski-02-1024x490.jpg\" alt=\"\" width=\"783\" height=\"375\" class=\"aligncenter size-large wp-image-2501\" srcset=\"https:\/\/ekb.org.pl\/en\/wp-content\/uploads\/2018\/06\/port-praski-02-1024x490.jpg 1024w, https:\/\/ekb.org.pl\/en\/wp-content\/uploads\/2018\/06\/port-praski-02-300x143.jpg 300w, https:\/\/ekb.org.pl\/en\/wp-content\/uploads\/2018\/06\/port-praski-02-768x367.jpg 768w, https:\/\/ekb.org.pl\/en\/wp-content\/uploads\/2018\/06\/port-praski-02.jpg 1414w\" sizes=\"auto, (max-width: 783px) 100vw, 783px\" \/><\/a><\/p>\n<p><a href=\"http:\/\/ekb.org.pl\/en\/wp-content\/uploads\/2018\/06\/port-praski-03.jpg\" rel=\"lightbox[2345]\"><img loading=\"lazy\" decoding=\"async\" src=\"http:\/\/ekb.org.pl\/en\/wp-content\/uploads\/2018\/06\/port-praski-03-1024x490.jpg\" alt=\"\" width=\"783\" height=\"375\" class=\"aligncenter size-large wp-image-2502\" srcset=\"https:\/\/ekb.org.pl\/en\/wp-content\/uploads\/2018\/06\/port-praski-03-1024x490.jpg 1024w, https:\/\/ekb.org.pl\/en\/wp-content\/uploads\/2018\/06\/port-praski-03-300x143.jpg 300w, https:\/\/ekb.org.pl\/en\/wp-content\/uploads\/2018\/06\/port-praski-03-768x367.jpg 768w, https:\/\/ekb.org.pl\/en\/wp-content\/uploads\/2018\/06\/port-praski-03.jpg 1414w\" sizes=\"auto, (max-width: 783px) 100vw, 783px\" \/><\/a><\/p>\n<p><a href=\"http:\/\/ekb.org.pl\/en\/wp-content\/uploads\/2018\/06\/port-praski-04.jpg\" rel=\"lightbox[2345]\"><img loading=\"lazy\" decoding=\"async\" src=\"http:\/\/ekb.org.pl\/en\/wp-content\/uploads\/2018\/06\/port-praski-04-1024x490.jpg\" alt=\"\" width=\"783\" height=\"375\" class=\"aligncenter size-large wp-image-2503\" srcset=\"https:\/\/ekb.org.pl\/en\/wp-content\/uploads\/2018\/06\/port-praski-04-1024x490.jpg 1024w, https:\/\/ekb.org.pl\/en\/wp-content\/uploads\/2018\/06\/port-praski-04-300x144.jpg 300w, https:\/\/ekb.org.pl\/en\/wp-content\/uploads\/2018\/06\/port-praski-04-768x367.jpg 768w, https:\/\/ekb.org.pl\/en\/wp-content\/uploads\/2018\/06\/port-praski-04.jpg 1415w\" sizes=\"auto, (max-width: 783px) 100vw, 783px\" \/><\/a><\/p>\n<p><a href=\"http:\/\/ekb.org.pl\/en\/wp-content\/uploads\/2018\/06\/port-praski-05.jpg\" rel=\"lightbox[2345]\"><img loading=\"lazy\" decoding=\"async\" src=\"http:\/\/ekb.org.pl\/en\/wp-content\/uploads\/2018\/06\/port-praski-05-1024x490.jpg\" alt=\"\" width=\"783\" height=\"375\" class=\"aligncenter size-large wp-image-2504\" srcset=\"https:\/\/ekb.org.pl\/en\/wp-content\/uploads\/2018\/06\/port-praski-05-1024x490.jpg 1024w, https:\/\/ekb.org.pl\/en\/wp-content\/uploads\/2018\/06\/port-praski-05-300x143.jpg 300w, https:\/\/ekb.org.pl\/en\/wp-content\/uploads\/2018\/06\/port-praski-05-768x367.jpg 768w, https:\/\/ekb.org.pl\/en\/wp-content\/uploads\/2018\/06\/port-praski-05.jpg 1414w\" sizes=\"auto, (max-width: 783px) 100vw, 783px\" \/><\/a><\/p>\n<p><a href=\"http:\/\/ekb.org.pl\/en\/wp-content\/uploads\/2018\/06\/port-praski-06.jpg\" rel=\"lightbox[2345]\"><img loading=\"lazy\" decoding=\"async\" src=\"http:\/\/ekb.org.pl\/en\/wp-content\/uploads\/2018\/06\/port-praski-06-1024x490.jpg\" alt=\"\" width=\"783\" height=\"375\" class=\"aligncenter size-large wp-image-2505\" srcset=\"https:\/\/ekb.org.pl\/en\/wp-content\/uploads\/2018\/06\/port-praski-06-1024x490.jpg 1024w, https:\/\/ekb.org.pl\/en\/wp-content\/uploads\/2018\/06\/port-praski-06-300x144.jpg 300w, https:\/\/ekb.org.pl\/en\/wp-content\/uploads\/2018\/06\/port-praski-06-768x367.jpg 768w, https:\/\/ekb.org.pl\/en\/wp-content\/uploads\/2018\/06\/port-praski-06.jpg 1415w\" sizes=\"auto, (max-width: 783px) 100vw, 783px\" \/><\/a><\/p>\n<p style=\"text-align: center; line-height: 0.95;font-weight: bold;\"><small><b><i>The SIGNUM TEMPORIS 2017 SIGN OF THE TIMES award for Port Praski was received by Chairman<br \/>\nof the Board Adam Pykel, and was handed by Undersecretary of State in the Ministry of Foreign<br \/>\nAffairs Marek Magierowski, President of the Chapter of Awards professor El\u017cbieta M\u0105czy\u0144ska<br \/>\nand Janusz Cie\u015blak, President of EBC Poland.<\/i><\/b><\/small><\/p>\n<p><a href=\"http:\/\/ekb.org.pl\/ekb\/wp-content\/uploads\/2017\/10\/56-1.jpg\" rel=\"lightbox[2345]\"><img loading=\"lazy\" decoding=\"async\" class=\"size-full wp-image-5186\" src=\"http:\/\/ekb.org.pl\/ekb\/wp-content\/uploads\/2017\/10\/56-1.jpg\" alt=\"\" width=\"4288\" height=\"2848\" \/><\/a><\/p>\n","protected":false},"excerpt":{"rendered":"<p>\u201cThe Port Praski \u2013 the city of a new generation\u201d is a tremendous investment being implemented at harbour basins on the area of approximately forty<\/p>\n","protected":false},"author":32,"featured_media":0,"parent":2144,"menu_order":0,"comment_status":"closed","ping_status":"closed","template":"","meta":{"footnotes":""},"class_list":["post-2345","page","type-page","status-publish","hentry"],"_links":{"self":[{"href":"https:\/\/ekb.org.pl\/en\/wp-json\/wp\/v2\/pages\/2345","targetHints":{"allow":["GET"]}}],"collection":[{"href":"https:\/\/ekb.org.pl\/en\/wp-json\/wp\/v2\/pages"}],"about":[{"href":"https:\/\/ekb.org.pl\/en\/wp-json\/wp\/v2\/types\/page"}],"author":[{"embeddable":true,"href":"https:\/\/ekb.org.pl\/en\/wp-json\/wp\/v2\/users\/32"}],"replies":[{"embeddable":true,"href":"https:\/\/ekb.org.pl\/en\/wp-json\/wp\/v2\/comments?post=2345"}],"version-history":[{"count":9,"href":"https:\/\/ekb.org.pl\/en\/wp-json\/wp\/v2\/pages\/2345\/revisions"}],"predecessor-version":[{"id":2579,"href":"https:\/\/ekb.org.pl\/en\/wp-json\/wp\/v2\/pages\/2345\/revisions\/2579"}],"up":[{"embeddable":true,"href":"https:\/\/ekb.org.pl\/en\/wp-json\/wp\/v2\/pages\/2144"}],"wp:attachment":[{"href":"https:\/\/ekb.org.pl\/en\/wp-json\/wp\/v2\/media?parent=2345"}],"curies":[{"name":"wp","href":"https:\/\/api.w.org\/{rel}","templated":true}]}}