{"id":2337,"date":"2018-05-03T13:16:37","date_gmt":"2018-05-03T11:16:37","guid":{"rendered":"http:\/\/ekb.org.pl\/en\/?page_id=2337"},"modified":"2018-07-06T06:51:07","modified_gmt":"2018-07-06T04:51:07","slug":"tvp-polonia","status":"publish","type":"page","link":"https:\/\/ekb.org.pl\/en\/konkursy\/nagrody-europejskiego-klubu-biznesu\/awards-of-the-european-business-club-poland-2017\/tvp-polonia\/","title":{"rendered":"TVP POLONIA"},"content":{"rendered":"<p><a href=\"http:\/\/ekb.org.pl\/en\/wp-content\/uploads\/2018\/05\/Tvp-polonia_plansza_EN.jpg\" rel=\"lightbox[2337]\"><img loading=\"lazy\" decoding=\"async\" class=\"aligncenter size-full wp-image-5350\" src=\"http:\/\/ekb.org.pl\/en\/wp-content\/uploads\/2018\/05\/Tvp-polonia_plansza_EN.jpg\" alt=\"\" width=\"1920\" height=\"1080\" \/><\/a><\/p>\n<p style=\"text-align: justify;\">TVP POLONIA is a Polish satellite television channel addressed mostly to Polish people living abroad who are estimated to reach 20 million. TVP Polonia started regular broadcasts as from 31 March 1993, although trials of this programme started in 24 October 1992. TVP Polonia is an important media centre broadcasting information about Poland abroad, specifically about Poland\u2019s economy which is of key importance for promoting Polish entrepreneurship. TVP Polonia informs about the most important economic events taking place in Poland, adopted legal solutions regulating all business activity, Poland\u2019s representatives participating in the most important economic events worldwide. By broadcasting documentaries, interviews, feature stories, movies and educational programmes about our country, TVP Polonia contributes also to build national pride of being Polish in Poles and Polish people living in various parts of the world, and it also maintains Polish identity and patriotic awareness of successive generations of Poles and Polish people living abroad. The most important programmes of TVP POLONIA are: POLONIA 24, Racja stanu, Halo Polonia, Rozmowa Polonii and ZUS bez granic.<\/p>\n<p><a href=\"http:\/\/ekb.org.pl\/en\/wp-content\/uploads\/2018\/06\/polonia-01.jpg\" rel=\"lightbox[2337]\"><img loading=\"lazy\" decoding=\"async\" src=\"http:\/\/ekb.org.pl\/en\/wp-content\/uploads\/2018\/06\/polonia-01-1024x490.jpg\" alt=\"\" width=\"783\" height=\"375\" class=\"aligncenter size-large wp-image-2495\" srcset=\"https:\/\/ekb.org.pl\/en\/wp-content\/uploads\/2018\/06\/polonia-01-1024x490.jpg 1024w, https:\/\/ekb.org.pl\/en\/wp-content\/uploads\/2018\/06\/polonia-01-300x144.jpg 300w, https:\/\/ekb.org.pl\/en\/wp-content\/uploads\/2018\/06\/polonia-01-768x368.jpg 768w, https:\/\/ekb.org.pl\/en\/wp-content\/uploads\/2018\/06\/polonia-01.jpg 1414w\" sizes=\"auto, (max-width: 783px) 100vw, 783px\" \/><\/a><\/p>\n<p><a href=\"http:\/\/ekb.org.pl\/en\/wp-content\/uploads\/2018\/06\/polonia-02.jpg\" rel=\"lightbox[2337]\"><img loading=\"lazy\" decoding=\"async\" src=\"http:\/\/ekb.org.pl\/en\/wp-content\/uploads\/2018\/06\/polonia-02-1024x490.jpg\" alt=\"\" width=\"783\" height=\"375\" class=\"aligncenter size-large wp-image-2496\" srcset=\"https:\/\/ekb.org.pl\/en\/wp-content\/uploads\/2018\/06\/polonia-02-1024x490.jpg 1024w, https:\/\/ekb.org.pl\/en\/wp-content\/uploads\/2018\/06\/polonia-02-300x143.jpg 300w, https:\/\/ekb.org.pl\/en\/wp-content\/uploads\/2018\/06\/polonia-02-768x367.jpg 768w, https:\/\/ekb.org.pl\/en\/wp-content\/uploads\/2018\/06\/polonia-02.jpg 1414w\" sizes=\"auto, (max-width: 783px) 100vw, 783px\" \/><\/a><\/p>\n<p><a href=\"http:\/\/ekb.org.pl\/en\/wp-content\/uploads\/2018\/06\/polonia-03.jpg\" rel=\"lightbox[2337]\"><img loading=\"lazy\" decoding=\"async\" src=\"http:\/\/ekb.org.pl\/en\/wp-content\/uploads\/2018\/06\/polonia-03-1024x490.jpg\" alt=\"\" width=\"783\" height=\"375\" class=\"aligncenter size-large wp-image-2497\" srcset=\"https:\/\/ekb.org.pl\/en\/wp-content\/uploads\/2018\/06\/polonia-03-1024x490.jpg 1024w, https:\/\/ekb.org.pl\/en\/wp-content\/uploads\/2018\/06\/polonia-03-300x143.jpg 300w, https:\/\/ekb.org.pl\/en\/wp-content\/uploads\/2018\/06\/polonia-03-768x367.jpg 768w, https:\/\/ekb.org.pl\/en\/wp-content\/uploads\/2018\/06\/polonia-03.jpg 1414w\" sizes=\"auto, (max-width: 783px) 100vw, 783px\" \/><\/a><\/p>\n<p><a href=\"http:\/\/ekb.org.pl\/en\/wp-content\/uploads\/2018\/06\/polonia-04.jpg\" rel=\"lightbox[2337]\"><img loading=\"lazy\" decoding=\"async\" src=\"http:\/\/ekb.org.pl\/en\/wp-content\/uploads\/2018\/06\/polonia-04-1024x490.jpg\" alt=\"\" width=\"783\" height=\"375\" class=\"aligncenter size-large wp-image-2498\" srcset=\"https:\/\/ekb.org.pl\/en\/wp-content\/uploads\/2018\/06\/polonia-04-1024x490.jpg 1024w, https:\/\/ekb.org.pl\/en\/wp-content\/uploads\/2018\/06\/polonia-04-300x144.jpg 300w, https:\/\/ekb.org.pl\/en\/wp-content\/uploads\/2018\/06\/polonia-04-768x368.jpg 768w, https:\/\/ekb.org.pl\/en\/wp-content\/uploads\/2018\/06\/polonia-04.jpg 1414w\" sizes=\"auto, (max-width: 783px) 100vw, 783px\" \/><\/a><\/p>\n<p style=\"text-align: center; line-height: 0.95;font-weight: bold;\"><small><b><i>The BENE MERITUS 2017 HIGHLY DISTINGUISHED award for TVP POLONIA was received by Deputy<br \/>\nDirector of TVP POLONIA Filip Fr\u0105ckowiak. The award was handed by Secretary of State in the<br \/>\nMinistry of Development And\u017celika Mo\u017cd\u017canowska, President of the Chapter of Awards professor<br \/>\nEl\u017cbieta M\u0105czy\u0144ska and Janusz Cie\u015blak, President of EBC Poland.<\/i><\/b><\/small><\/p>\n<div id='gallery-1' class='gallery galleryid-2337 gallery-columns-3 gallery-size-full'><figure class='gallery-item'>\n\t\t\t<div class='gallery-icon landscape'>\n\t\t\t\t<a href='https:\/\/ekb.org.pl\/en\/60\/'><img loading=\"lazy\" decoding=\"async\" width=\"4288\" height=\"2848\" src=\"https:\/\/ekb.org.pl\/en\/wp-content\/uploads\/2018\/05\/60.jpg\" class=\"attachment-full size-full\" alt=\"\" srcset=\"https:\/\/ekb.org.pl\/en\/wp-content\/uploads\/2018\/05\/60.jpg 4288w, https:\/\/ekb.org.pl\/en\/wp-content\/uploads\/2018\/05\/60-300x199.jpg 300w, https:\/\/ekb.org.pl\/en\/wp-content\/uploads\/2018\/05\/60-768x510.jpg 768w, https:\/\/ekb.org.pl\/en\/wp-content\/uploads\/2018\/05\/60-1024x680.jpg 1024w\" sizes=\"auto, (max-width: 4288px) 100vw, 4288px\" \/><\/a>\n\t\t\t<\/div><\/figure><figure class='gallery-item'>\n\t\t\t<div class='gallery-icon landscape'>\n\t\t\t\t<a href='https:\/\/ekb.org.pl\/en\/64\/'><img loading=\"lazy\" decoding=\"async\" width=\"4288\" height=\"2848\" src=\"https:\/\/ekb.org.pl\/en\/wp-content\/uploads\/2018\/05\/64.jpg\" class=\"attachment-full size-full\" alt=\"\" srcset=\"https:\/\/ekb.org.pl\/en\/wp-content\/uploads\/2018\/05\/64.jpg 4288w, https:\/\/ekb.org.pl\/en\/wp-content\/uploads\/2018\/05\/64-300x199.jpg 300w, https:\/\/ekb.org.pl\/en\/wp-content\/uploads\/2018\/05\/64-768x510.jpg 768w, https:\/\/ekb.org.pl\/en\/wp-content\/uploads\/2018\/05\/64-1024x680.jpg 1024w\" sizes=\"auto, (max-width: 4288px) 100vw, 4288px\" \/><\/a>\n\t\t\t<\/div><\/figure>\n\t\t<\/div>\n\n","protected":false},"excerpt":{"rendered":"<p>TVP POLONIA is a Polish satellite television channel addressed mostly to Polish people living abroad who are estimated to reach 20 million. TVP Polonia started<\/p>\n","protected":false},"author":32,"featured_media":0,"parent":2144,"menu_order":0,"comment_status":"closed","ping_status":"closed","template":"","meta":{"footnotes":""},"class_list":["post-2337","page","type-page","status-publish","hentry"],"_links":{"self":[{"href":"https:\/\/ekb.org.pl\/en\/wp-json\/wp\/v2\/pages\/2337","targetHints":{"allow":["GET"]}}],"collection":[{"href":"https:\/\/ekb.org.pl\/en\/wp-json\/wp\/v2\/pages"}],"about":[{"href":"https:\/\/ekb.org.pl\/en\/wp-json\/wp\/v2\/types\/page"}],"author":[{"embeddable":true,"href":"https:\/\/ekb.org.pl\/en\/wp-json\/wp\/v2\/users\/32"}],"replies":[{"embeddable":true,"href":"https:\/\/ekb.org.pl\/en\/wp-json\/wp\/v2\/comments?post=2337"}],"version-history":[{"count":7,"href":"https:\/\/ekb.org.pl\/en\/wp-json\/wp\/v2\/pages\/2337\/revisions"}],"predecessor-version":[{"id":2578,"href":"https:\/\/ekb.org.pl\/en\/wp-json\/wp\/v2\/pages\/2337\/revisions\/2578"}],"up":[{"embeddable":true,"href":"https:\/\/ekb.org.pl\/en\/wp-json\/wp\/v2\/pages\/2144"}],"wp:attachment":[{"href":"https:\/\/ekb.org.pl\/en\/wp-json\/wp\/v2\/media?parent=2337"}],"curies":[{"name":"wp","href":"https:\/\/api.w.org\/{rel}","templated":true}]}}