{"id":2313,"date":"2018-05-01T15:57:01","date_gmt":"2018-05-01T13:57:01","guid":{"rendered":"http:\/\/ekb.org.pl\/en\/?page_id=2313"},"modified":"2018-07-06T06:47:21","modified_gmt":"2018-07-06T04:47:21","slug":"beata-drzazga","status":"publish","type":"page","link":"https:\/\/ekb.org.pl\/en\/konkursy\/nagrody-europejskiego-klubu-biznesu\/awards-of-the-european-business-club-poland-2017\/beata-drzazga\/","title":{"rendered":"Beata Drzazga"},"content":{"rendered":"<p><a href=\"http:\/\/ekb.org.pl\/en\/wp-content\/uploads\/2018\/05\/Betamed_plansza_EN.jpg\" rel=\"lightbox[2313]\"><img loading=\"lazy\" decoding=\"async\" class=\"aligncenter size-full wp-image-5331\" src=\"http:\/\/ekb.org.pl\/en\/wp-content\/uploads\/2018\/05\/Betamed_plansza_EN.jpg\" alt=\"\" width=\"1920\" height=\"1080\" \/><\/a><\/p>\n<div style=\"text-align: justify\">Beata Drzazga is the founder and owner of the biggest all-Polish medical centres network Beta-Med SA specialising in providing the long-term care services.<\/div>\n<div style=\"text-align: justify\">BetaMed SA has been on the market for 15 years, employs approximately 3 thousand people and operates through 84 affiliates located in 11 provinces. The company she runs is the biggest medical firm in Poland providing home and inpatient care for the chronically ill and the elderly. It is an innovative firm which places emphasis on activation of the elderly, the top quality of medical care and empathy to others.<\/div>\n<div style=\"text-align: justify\">\u201cI took \u2013 for safety reasons \u2013 unpaid leave from the hospital I worked in, and I founded my own company. I was encouraged, moreover, to do so by everyone \u2013 the nursing board and politicians. I started from the ozone therapy which is the set of treatments for persons with sight problems (after the treatment their sight was brighter and sharper). One year after, I signed the contract for the long-term care services. As a nurse, already from the very beginning I knew that my mission was to care for the ill \u2013 says Beata Drzazga.\u201d The beginnings were not easy. I had to learn how to place offers to the National Health Fund (NFZ), get used to inspections and thousands of documents to be filled in. Obstinacy, passion \u2026 results\u201d The firm renders the home care services covering long-term nursing care and mechanical ventilation for over 5 thousand patients within the framework of the contract with the National Health Fund. The inpatient care services are provided at the Clinic BetaMed Medical Active Care in Chorz\u00f3w of which mission is to provide the complex medical assistance to patients of any age. Within the framework of BetaMed MAC the following facilities operate and services are available:<\/div>\n<ul>\n<li>Nursing Home (within the framework of the contract with the National Health Fund) \u2013 services in the scope of treatment, rehabilitation, nursing and psychotherapy, 24-hour medical care;<\/li>\n<li>Private daily and 24-hour stays \u2013 for the elderly and disabled who need emergency care and wish to spend time actively in the company of people in the similar stage of  life;<\/li>\n<li>Rehabilitation for persons of any age (within the framework of the contract with the National Health Fund and on a commercial basis) \u2013 a wide range of rehabilitation treatments covering physiotherapy, kinesiotherapy, cryotherapy and hydrotherapy;<\/li>\n<li>Nursing Home for Children, Teenagers and Adults being Mechanically Ventilated (within the framework of the contract with the National Health Fund) \u2013 24-hour stays for patients with respiratory failures who do not require hospitalisation in intensive care units but require a permanent respiratory therapy with the use of a respirator device;<\/li>\n<li>Nursing stays for patients being mechanically ventilated (commercial services) \u2013 stays with mechanical ventilation therapy and complex treatment, rehabilitation, nursing and health care services;<\/li>\n<li>Specialist clinics \u2013 commercial services rendered by specialists in cardiology, gynaecology, diabetology, laryngology, neurology, ophthalmology, orthopaedics and the imaging diagnostics laboratory (ultrasonography and X-ray);<\/li>\n<\/ul>\n<p><a href=\"http:\/\/ekb.org.pl\/en\/wp-content\/uploads\/2018\/06\/drzazga-01.jpg\" rel=\"lightbox[2313]\"><img loading=\"lazy\" decoding=\"async\" src=\"http:\/\/ekb.org.pl\/en\/wp-content\/uploads\/2018\/06\/drzazga-01-1024x570.jpg\" alt=\"\" width=\"783\" height=\"436\" class=\"aligncenter size-large wp-image-2472\" srcset=\"https:\/\/ekb.org.pl\/en\/wp-content\/uploads\/2018\/06\/drzazga-01-1024x570.jpg 1024w, https:\/\/ekb.org.pl\/en\/wp-content\/uploads\/2018\/06\/drzazga-01-300x167.jpg 300w, https:\/\/ekb.org.pl\/en\/wp-content\/uploads\/2018\/06\/drzazga-01-768x427.jpg 768w, https:\/\/ekb.org.pl\/en\/wp-content\/uploads\/2018\/06\/drzazga-01.jpg 1415w\" sizes=\"auto, (max-width: 783px) 100vw, 783px\" \/><\/a><\/p>\n<div style=\"text-align: justify\">In addition, the Clinic is a place where health and education-related meetings and workshops, and also theatrical performances, dancing parties and artistic performances addressed both to patients and local community are organised. In 2016, the medical centre BetaMed based in Chorz\u00f3w opened its branch in Las Vegas \u2013 \u201cBeta-Med International\u201d. \u201cFor the time being I am getting familiar with the American market and its demand. I wonder whether I should focus on the home, social, specialist, nursing or rehabilitation care services, or all of them in one package\u201d \u2013 explained Beata Drzazga who was honoured, for the first time anywhere in the world, the title of the \u201cBusiness Ambassador of Nevada\u201d for cooperation, merits and promoting the State of Nevada. Governor of Nevada Brian Sandoval justified that \u201cBeata is a very sociable, smart person, and she can serve as a great model for other businesswomen. For this reason, we came to the conclusion that it would be really great if she agreed to become the business ambassador of Nevada. She is very precious to us\u201d.<\/div>\n<div style=\"text-align: justify\">The firm \u201cBetaMed International\u201d which was established in Las Vegas is the product of cooperation within the framework of economic missions Poland\u2013Nevada. \u201cThe cooperation between Beta-Med and firms operating in Nevada is very good, and I believe that it will remain like this\u201d \u2013 says the Governor of Nevada, and he also stresses that there are some small-sized Polish entrepreneurs in Nevada who are doing quite well in the US. He stressed: \u201cBeata could serve as an example to them, just like she can serve as an example in Poland\u201d. Apart from the fact that Beata Drzazga is the owner of BetaMed, she is also the director of the US-Poland Chamber of Commerce of the State of Nevada in Poland. By acting on the international scene she helps Polish firms to establish contacts with firms based in Nevada. \u201cI am a very happy person. I was waiting for this moment to show Nevada what I do here and how BetaMed \u2013 the first fruit of my mission \u2013 looks like, i.e. what I would like to do in future in Nevada\u201d says Beata Drzazga. \u201cNevada established such a great relationship with Poland as no one in the entire world. We share the same values as hard working, pride of our own countries and a very close friendship\u201d \u2013 says Brian Sandoval, Governor of Nevada.<\/div>\n<p><a href=\"http:\/\/ekb.org.pl\/en\/wp-content\/uploads\/2018\/06\/drzazga-02.jpg\" rel=\"lightbox[2313]\"><img loading=\"lazy\" decoding=\"async\" src=\"http:\/\/ekb.org.pl\/en\/wp-content\/uploads\/2018\/06\/drzazga-02-1024x488.jpg\" alt=\"\" width=\"783\" height=\"373\" class=\"aligncenter size-large wp-image-2475\" srcset=\"https:\/\/ekb.org.pl\/en\/wp-content\/uploads\/2018\/06\/drzazga-02-1024x488.jpg 1024w, https:\/\/ekb.org.pl\/en\/wp-content\/uploads\/2018\/06\/drzazga-02-300x143.jpg 300w, https:\/\/ekb.org.pl\/en\/wp-content\/uploads\/2018\/06\/drzazga-02-768x366.jpg 768w, https:\/\/ekb.org.pl\/en\/wp-content\/uploads\/2018\/06\/drzazga-02.jpg 1415w\" sizes=\"auto, (max-width: 783px) 100vw, 783px\" \/><\/a><\/p>\n<p><a href=\"http:\/\/ekb.org.pl\/en\/wp-content\/uploads\/2018\/06\/drzazga-03.jpg\" rel=\"lightbox[2313]\"><img loading=\"lazy\" decoding=\"async\" src=\"http:\/\/ekb.org.pl\/en\/wp-content\/uploads\/2018\/06\/drzazga-03-1024x489.jpg\" alt=\"\" width=\"783\" height=\"374\" class=\"aligncenter size-large wp-image-2476\" srcset=\"https:\/\/ekb.org.pl\/en\/wp-content\/uploads\/2018\/06\/drzazga-03-1024x489.jpg 1024w, https:\/\/ekb.org.pl\/en\/wp-content\/uploads\/2018\/06\/drzazga-03-300x143.jpg 300w, https:\/\/ekb.org.pl\/en\/wp-content\/uploads\/2018\/06\/drzazga-03-768x367.jpg 768w, https:\/\/ekb.org.pl\/en\/wp-content\/uploads\/2018\/06\/drzazga-03.jpg 1415w\" sizes=\"auto, (max-width: 783px) 100vw, 783px\" \/><\/a><\/p>\n<p><a href=\"http:\/\/ekb.org.pl\/en\/wp-content\/uploads\/2018\/06\/drzazga-04.jpg\" rel=\"lightbox[2313]\"><img loading=\"lazy\" decoding=\"async\" src=\"http:\/\/ekb.org.pl\/en\/wp-content\/uploads\/2018\/06\/drzazga-04-1024x489.jpg\" alt=\"\" width=\"783\" height=\"374\" class=\"aligncenter size-large wp-image-2477\" srcset=\"https:\/\/ekb.org.pl\/en\/wp-content\/uploads\/2018\/06\/drzazga-04-1024x489.jpg 1024w, https:\/\/ekb.org.pl\/en\/wp-content\/uploads\/2018\/06\/drzazga-04-300x143.jpg 300w, https:\/\/ekb.org.pl\/en\/wp-content\/uploads\/2018\/06\/drzazga-04-768x367.jpg 768w, https:\/\/ekb.org.pl\/en\/wp-content\/uploads\/2018\/06\/drzazga-04.jpg 1415w\" sizes=\"auto, (max-width: 783px) 100vw, 783px\" \/><\/a><\/p>\n<p style=\"text-align: center; line-height: 0.95;font-weight: bold;\"><small><b><i>President Beata Drzazga receiving the ENTREPRENEUR MAGNUS 2017 EXTRAORDINARY<br \/>\nENTREPRENEUR award, which is handed by Secretary of State in the Ministry of Development<br \/>\nAnd\u017celika Mo\u017cd\u017canowska, President of the Chapter of Awards professor El\u017cbieta M\u0105czy\u0144ska<br \/>\nand Janusz Cie\u015blak, President of EBC Poland.<\/i><\/b><\/small><\/p>\n<div id='gallery-1' class='gallery galleryid-2313 gallery-columns-3 gallery-size-full'><figure class='gallery-item'>\n\t\t\t<div class='gallery-icon landscape'>\n\t\t\t\t<a href='https:\/\/ekb.org.pl\/en\/95-2\/'><img loading=\"lazy\" decoding=\"async\" width=\"4288\" height=\"2848\" src=\"https:\/\/ekb.org.pl\/en\/wp-content\/uploads\/2018\/06\/95.jpg\" class=\"attachment-full size-full\" alt=\"\" srcset=\"https:\/\/ekb.org.pl\/en\/wp-content\/uploads\/2018\/06\/95.jpg 4288w, https:\/\/ekb.org.pl\/en\/wp-content\/uploads\/2018\/06\/95-300x199.jpg 300w, https:\/\/ekb.org.pl\/en\/wp-content\/uploads\/2018\/06\/95-768x510.jpg 768w, https:\/\/ekb.org.pl\/en\/wp-content\/uploads\/2018\/06\/95-1024x680.jpg 1024w\" sizes=\"auto, (max-width: 4288px) 100vw, 4288px\" \/><\/a>\n\t\t\t<\/div><\/figure><figure class='gallery-item'>\n\t\t\t<div class='gallery-icon landscape'>\n\t\t\t\t<a href='https:\/\/ekb.org.pl\/en\/97\/'><img loading=\"lazy\" decoding=\"async\" width=\"4288\" height=\"2848\" src=\"https:\/\/ekb.org.pl\/en\/wp-content\/uploads\/2018\/06\/97.jpg\" class=\"attachment-full size-full\" alt=\"\" srcset=\"https:\/\/ekb.org.pl\/en\/wp-content\/uploads\/2018\/06\/97.jpg 4288w, https:\/\/ekb.org.pl\/en\/wp-content\/uploads\/2018\/06\/97-300x199.jpg 300w, https:\/\/ekb.org.pl\/en\/wp-content\/uploads\/2018\/06\/97-768x510.jpg 768w, https:\/\/ekb.org.pl\/en\/wp-content\/uploads\/2018\/06\/97-1024x680.jpg 1024w\" sizes=\"auto, (max-width: 4288px) 100vw, 4288px\" \/><\/a>\n\t\t\t<\/div><\/figure><figure class='gallery-item'>\n\t\t\t<div class='gallery-icon landscape'>\n\t\t\t\t<a href='https:\/\/ekb.org.pl\/en\/98\/'><img loading=\"lazy\" decoding=\"async\" width=\"4288\" height=\"2848\" src=\"https:\/\/ekb.org.pl\/en\/wp-content\/uploads\/2018\/06\/98.jpg\" class=\"attachment-full size-full\" alt=\"\" srcset=\"https:\/\/ekb.org.pl\/en\/wp-content\/uploads\/2018\/06\/98.jpg 4288w, https:\/\/ekb.org.pl\/en\/wp-content\/uploads\/2018\/06\/98-300x199.jpg 300w, https:\/\/ekb.org.pl\/en\/wp-content\/uploads\/2018\/06\/98-768x510.jpg 768w, https:\/\/ekb.org.pl\/en\/wp-content\/uploads\/2018\/06\/98-1024x680.jpg 1024w\" sizes=\"auto, (max-width: 4288px) 100vw, 4288px\" \/><\/a>\n\t\t\t<\/div><\/figure><figure class='gallery-item'>\n\t\t\t<div class='gallery-icon landscape'>\n\t\t\t\t<a href='https:\/\/ekb.org.pl\/en\/99-2\/'><img loading=\"lazy\" decoding=\"async\" width=\"4288\" height=\"2848\" src=\"https:\/\/ekb.org.pl\/en\/wp-content\/uploads\/2018\/06\/99.jpg\" class=\"attachment-full size-full\" alt=\"\" srcset=\"https:\/\/ekb.org.pl\/en\/wp-content\/uploads\/2018\/06\/99.jpg 4288w, https:\/\/ekb.org.pl\/en\/wp-content\/uploads\/2018\/06\/99-300x199.jpg 300w, https:\/\/ekb.org.pl\/en\/wp-content\/uploads\/2018\/06\/99-768x510.jpg 768w, https:\/\/ekb.org.pl\/en\/wp-content\/uploads\/2018\/06\/99-1024x680.jpg 1024w\" sizes=\"auto, (max-width: 4288px) 100vw, 4288px\" \/><\/a>\n\t\t\t<\/div><\/figure>\n\t\t<\/div>\n\n","protected":false},"excerpt":{"rendered":"<p>Beata Drzazga is the founder and owner of the biggest all-Polish medical centres network Beta-Med SA specialising in providing the long-term care services. BetaMed SA<\/p>\n","protected":false},"author":32,"featured_media":0,"parent":2144,"menu_order":0,"comment_status":"closed","ping_status":"closed","template":"","meta":{"footnotes":""},"class_list":["post-2313","page","type-page","status-publish","hentry"],"_links":{"self":[{"href":"https:\/\/ekb.org.pl\/en\/wp-json\/wp\/v2\/pages\/2313","targetHints":{"allow":["GET"]}}],"collection":[{"href":"https:\/\/ekb.org.pl\/en\/wp-json\/wp\/v2\/pages"}],"about":[{"href":"https:\/\/ekb.org.pl\/en\/wp-json\/wp\/v2\/types\/page"}],"author":[{"embeddable":true,"href":"https:\/\/ekb.org.pl\/en\/wp-json\/wp\/v2\/users\/32"}],"replies":[{"embeddable":true,"href":"https:\/\/ekb.org.pl\/en\/wp-json\/wp\/v2\/comments?post=2313"}],"version-history":[{"count":12,"href":"https:\/\/ekb.org.pl\/en\/wp-json\/wp\/v2\/pages\/2313\/revisions"}],"predecessor-version":[{"id":2576,"href":"https:\/\/ekb.org.pl\/en\/wp-json\/wp\/v2\/pages\/2313\/revisions\/2576"}],"up":[{"embeddable":true,"href":"https:\/\/ekb.org.pl\/en\/wp-json\/wp\/v2\/pages\/2144"}],"wp:attachment":[{"href":"https:\/\/ekb.org.pl\/en\/wp-json\/wp\/v2\/media?parent=2313"}],"curies":[{"name":"wp","href":"https:\/\/api.w.org\/{rel}","templated":true}]}}