{"id":2026,"date":"2017-03-18T16:17:50","date_gmt":"2017-03-18T15:17:50","guid":{"rendered":"http:\/\/ekb.org.pl\/en\/?page_id=2026"},"modified":"2018-05-01T13:52:29","modified_gmt":"2018-05-01T11:52:29","slug":"rada-pan-przy-polskim-czerwonym-krzyzu","status":"publish","type":"page","link":"https:\/\/ekb.org.pl\/en\/konkursy\/nagrody-europejskiego-klubu-biznesu\/awards-of-the-european-business-club-poland-2016\/rada-pan-przy-polskim-czerwonym-krzyzu\/","title":{"rendered":"Board of Women by the Polish Red Cross"},"content":{"rendered":"<p><a href=\"http:\/\/ekb.org.pl\/en\/wp-content\/uploads\/2018\/05\/RadaPan-planszaEN.jpg\" rel=\"lightbox[2026]\"><img loading=\"lazy\" decoding=\"async\" class=\"aligncenter size-full wp-image-4238\" src=\"http:\/\/ekb.org.pl\/en\/wp-content\/uploads\/2018\/05\/RadaPan-planszaEN.jpg\" alt=\"radapan-plansza\" width=\"1440\" height=\"1152\" \/><\/a><\/p>\n<div style=\"text-align: justify;\">Rada Pa\u0144 przy Polskim Czerwonym Krzy\u017cu is a non-profit organisation. It was established in 1995 and its follows traditions of the pre-war Committee of Women which brought help to people who were injured or in need during the war and occupation. Currently the main goal of Rada Pa\u0144\u2019s activities is organising financial and material assistance for the most needy children from poor and large families all over Poland.<\/p>\n<p>Rada Pa\u0144 is composed of women who are sensitive to the needs of children and who charitably raise funds and make gifts and donations. Rada Pa\u0144 przy Polskim Czerwonym Krzy\u017cu brings together a dozen or so women of various professions who initiate charity campaigns (Christmas packages, extra meals at schools and orphanages, school kits, camps, etc.) from which the entire income is designated for the needs of children. Its members not only raise funds from sponsors, but they also provide own funds and donations in kind.<\/p>\n<p>Rada Pa\u0144 is the promoter of the cyclic project Let\u2019s provide holiday to poor children of which income is designated for holidays of children from poor and large families from various regions of our country. Rada Pa\u0144 organises Christmas and food packages for children. <\/p>\n<p>Every year Rada Pa\u0144 organises, with the partners\u2019 assistance, a gala concert at the Royal \u0141azienki Park in Warsaw which sums up the campaign Let\u2019s provide holiday to poor children. It is attended by representatives of government and local government authorities, business, social and media organisations as well as entrepreneurs. Thanks to this initiative, already for a few years over one hundred children from poor families from various regions of Poland can enjoy their holidays each year. For instance, in 2015 &#8211; children from the Ma\u0142opolska and Podkarpacie regions and in 2016 &#8211; children from the Mazowsze and \u015al\u0105sk regions enjoyed holiday camps.<\/p><\/div>\n<p><a href=\"http:\/\/ekb.org.pl\/ekb\/wp-content\/uploads\/2016\/11\/DSC_0095.jpg\" rel=\"lightbox[2026]\"><img loading=\"lazy\" decoding=\"async\" class=\"size-full wp-image-4241\" src=\"http:\/\/ekb.org.pl\/ekb\/wp-content\/uploads\/2016\/11\/DSC_0095.jpg\" alt=\"Pani Anna Maria Podniesi\u0144ska, prezes i w\u0142a\u015bcicielka grupy firm rodzinnych i Pani Anna Podniesi\u0144ska, specjalista ds. marketingi i PR w firmie Interhart odbieraj\u0105 nagrod\u0119 dla Rady Pa\u0144 przy PCK\" width=\"4288\" height=\"2848\" \/><\/a><\/p>\n<p><a href=\"http:\/\/ekb.org.pl\/ekb\/wp-content\/uploads\/2016\/11\/Certyfikaty-RADA-PA\u0143.jpg\" rel=\"lightbox[2026]\"><img loading=\"lazy\" decoding=\"async\" class=\"aligncenter size-full wp-image-4242\" src=\"http:\/\/ekb.org.pl\/ekb\/wp-content\/uploads\/2016\/11\/Certyfikaty-RADA-PA\u0143.jpg\" alt=\"certyfikaty-rada-pan\" width=\"2344\" height=\"3344\" \/><\/a><\/p>\n","protected":false},"excerpt":{"rendered":"<p>Rada Pa\u0144 przy Polskim Czerwonym Krzy\u017cu is a non-profit organisation. It was established in 1995 and its follows traditions of the pre-war Committee of Women<\/p>\n","protected":false},"author":32,"featured_media":0,"parent":1965,"menu_order":0,"comment_status":"closed","ping_status":"closed","template":"","meta":{"footnotes":""},"class_list":["post-2026","page","type-page","status-publish","hentry"],"_links":{"self":[{"href":"https:\/\/ekb.org.pl\/en\/wp-json\/wp\/v2\/pages\/2026","targetHints":{"allow":["GET"]}}],"collection":[{"href":"https:\/\/ekb.org.pl\/en\/wp-json\/wp\/v2\/pages"}],"about":[{"href":"https:\/\/ekb.org.pl\/en\/wp-json\/wp\/v2\/types\/page"}],"author":[{"embeddable":true,"href":"https:\/\/ekb.org.pl\/en\/wp-json\/wp\/v2\/users\/32"}],"replies":[{"embeddable":true,"href":"https:\/\/ekb.org.pl\/en\/wp-json\/wp\/v2\/comments?post=2026"}],"version-history":[{"count":4,"href":"https:\/\/ekb.org.pl\/en\/wp-json\/wp\/v2\/pages\/2026\/revisions"}],"predecessor-version":[{"id":2285,"href":"https:\/\/ekb.org.pl\/en\/wp-json\/wp\/v2\/pages\/2026\/revisions\/2285"}],"up":[{"embeddable":true,"href":"https:\/\/ekb.org.pl\/en\/wp-json\/wp\/v2\/pages\/1965"}],"wp:attachment":[{"href":"https:\/\/ekb.org.pl\/en\/wp-json\/wp\/v2\/media?parent=2026"}],"curies":[{"name":"wp","href":"https:\/\/api.w.org\/{rel}","templated":true}]}}