{"id":2012,"date":"2017-03-18T15:40:03","date_gmt":"2017-03-18T14:40:03","guid":{"rendered":"http:\/\/ekb.org.pl\/en\/?page_id=2012"},"modified":"2018-05-01T13:46:32","modified_gmt":"2018-05-01T11:46:32","slug":"2012-2","status":"publish","type":"page","link":"https:\/\/ekb.org.pl\/en\/konkursy\/nagrody-europejskiego-klubu-biznesu\/awards-of-the-european-business-club-poland-2016\/2012-2\/","title":{"rendered":"GRZEGORZ  \u0141UBCZYK"},"content":{"rendered":"<p><a href=\"http:\/\/ekb.org.pl\/en\/wp-content\/uploads\/2018\/05\/GrzegorzLubczyk-planszaEN.jpg\" rel=\"lightbox[2012]\"><img loading=\"lazy\" decoding=\"async\" class=\"aligncenter size-full wp-image-4201\" src=\"http:\/\/ekb.org.pl\/en\/wp-content\/uploads\/2018\/05\/GrzegorzLubczyk-planszaEN.jpg\" alt=\"grzegorzlubczyk-plansza\" width=\"1440\" height=\"1152\" \/><\/a><\/p>\n<div style=\"text-align: justify;\">Grzegorz \u0141ubczyk is a journalist\u2013reporter, film documentarist, graduate of Polish studies and journalism at the University of Warsaw, long-standing correspondent in Budapest of, among other things, the Polish newspaper \u201cRzeczpospolita\u201d. <\/p>\n<p>In the years 1997\u20132001, he served as the Ambassador of the Republic of Poland in Hungary, and in the years 2002-2004, he was Vice-president of the \u201cPomoc Polakom na Wschodzie\u201d Foundation. From 2001 until today, he was the main promoter of the Henryk S\u0142awik\u2019s character \u2013 protector of tens of thousands of Polish war refugees in the territory of Hungary, the greatest Polish \u201cRighteous\u201d killed in 1944 by the Nazis in the Mauthausen-Gusen concentration camp. In 2008, the prize-winner co-established &#8211; in Katowice &#8211; the association \u201cHenryk S\u0142awik \u2013 Pami\u0119\u0107 i Dzie\u0142o\u201d of which he is the Vice-president. Author of the first permanent museum exhibition entitled Henryk S\u0142awik z Szerokiej at the Gallery of the Jastrz\u0119bie-Zdr\u00f3j History (2014).<\/p>\n<p>He is an expert in Hungary-related issues, Polish-Hungarian relations during the Second World War and the Polish war diaspora in Hungary. Author of 10 books mainly devoted to the Hungary-related topics, such as: W\u0119gierski czy\u015bciec (1988), Wielog\u0142os w\u0119gierski (1994), Polski Wallenberg. Rzecz o Henryku S\u0142awiku (2003), Henryk S\u0142awik. Wielki zapomniany Bohater Trzech Narod\u00f3w (2008), co-author (with Krystyna \u0141ubczyk) of three volumes of the bilingual (in Polish and Hungarian) album Pami\u0119\u0107. Polscy uchod\u017acy na W\u0119grzech 1939-1946. His album Pami\u0119\u0107 and the documentary W\u0119gierskie serce present the tragic history of nations in Europe during the Second World War and the assistance received by Poles from Hungarians. After the outbreak of the War, approximately 120 thousand soldiers and civilians found refuge in Hungary. Hungary was the only European country which opened up its borders and hosted refugees. Thanks to the great kindness of the Hungarian authorities, it was possible to transfer almost 40 thousand Polish soldiers and officers to France.<br \/>\nSince 2004 he has also been engaged in producing historical documentaries.<br \/>\nThe filmography of Grzegorz \u0141ubczyk:<\/p>\n<p><em>Henryk S\u0142awik. Polski Wallenberg<\/em> (TVP 2004), screenplay and direction: G. \u0141ubczyk and M. Maldis, the best film of TVP Polonia in 2004 (Kryszta\u0142 TVP Polonia);<\/p>\n<p><em>Pasterz z K\u0151b\u00e1nyi<\/em> (TVP Polonia 2005), screenplay and direction: G. \u0141ubczyk and M. Maldis;<\/p>\n<p><em>13 lat, 13 minut<\/em> (TVP Polonia 2006), screenplay and co-direction: G. \u0141ubczyk;<\/p>\n<p><em>\u017bycie po \u017cyciu nr 5308<\/em> (TVP Polonia  2007), screenplay and direction: Grzegorz \u0141ubczyk;<\/p>\n<p><em>Anio\u0142y Karola Malczyka<\/em> (OTTO Agencja Producencka Lublin 2008), and direction: G. \u0141ubczyk, screenplay: G. \u0141ubczyk and Father M. J\u00f3zefowicz;<\/p>\n<p><em>W\u0119gierskie serce<\/em> (Religia.TV 2012), screenplay and direction: Grzegorz \u0141ubczyk;<\/p>\n<p><em>\u017bycie na kraw\u0119dzi.<\/em> Henryk S\u0142awik-J\u00f3zsef Antall senior (Fundacja Dobre Wie\u015bci 2014), screenplay and direction: Grzegorz \u0141ubczyk.<\/p>\n<\/div>\n<p><a href=\"http:\/\/ekb.org.pl\/ekb\/wp-content\/uploads\/2016\/11\/DSC_0118.jpg\" rel=\"lightbox[2012]\"><img loading=\"lazy\" decoding=\"async\" class=\"size-full wp-image-4202\" src=\"http:\/\/ekb.org.pl\/ekb\/wp-content\/uploads\/2016\/11\/DSC_0118.jpg\" alt=\"Pan Grzegorz \u0141ubczyk odbiera nagrod\u0119\" width=\"4288\" height=\"2848\" \/><\/a><\/p>\n<p><a href=\"http:\/\/ekb.org.pl\/ekb\/wp-content\/uploads\/2016\/11\/Certyfikaty-\u0141ubczyk.jpg\" rel=\"lightbox[2012]\"><img loading=\"lazy\" decoding=\"async\" class=\"aligncenter size-full wp-image-4203\" src=\"http:\/\/ekb.org.pl\/ekb\/wp-content\/uploads\/2016\/11\/Certyfikaty-\u0141ubczyk.jpg\" alt=\"certyfikaty-lubczyk\" width=\"2344\" height=\"3328\" \/><\/a><\/p>\n","protected":false},"excerpt":{"rendered":"<p>Grzegorz \u0141ubczyk is a journalist\u2013reporter, film documentarist, graduate of Polish studies and journalism at the University of Warsaw, long-standing correspondent in Budapest of, among other<\/p>\n","protected":false},"author":32,"featured_media":0,"parent":1965,"menu_order":0,"comment_status":"closed","ping_status":"closed","template":"","meta":{"footnotes":""},"class_list":["post-2012","page","type-page","status-publish","hentry"],"_links":{"self":[{"href":"https:\/\/ekb.org.pl\/en\/wp-json\/wp\/v2\/pages\/2012","targetHints":{"allow":["GET"]}}],"collection":[{"href":"https:\/\/ekb.org.pl\/en\/wp-json\/wp\/v2\/pages"}],"about":[{"href":"https:\/\/ekb.org.pl\/en\/wp-json\/wp\/v2\/types\/page"}],"author":[{"embeddable":true,"href":"https:\/\/ekb.org.pl\/en\/wp-json\/wp\/v2\/users\/32"}],"replies":[{"embeddable":true,"href":"https:\/\/ekb.org.pl\/en\/wp-json\/wp\/v2\/comments?post=2012"}],"version-history":[{"count":3,"href":"https:\/\/ekb.org.pl\/en\/wp-json\/wp\/v2\/pages\/2012\/revisions"}],"predecessor-version":[{"id":2278,"href":"https:\/\/ekb.org.pl\/en\/wp-json\/wp\/v2\/pages\/2012\/revisions\/2278"}],"up":[{"embeddable":true,"href":"https:\/\/ekb.org.pl\/en\/wp-json\/wp\/v2\/pages\/1965"}],"wp:attachment":[{"href":"https:\/\/ekb.org.pl\/en\/wp-json\/wp\/v2\/media?parent=2012"}],"curies":[{"name":"wp","href":"https:\/\/api.w.org\/{rel}","templated":true}]}}