{"id":1965,"date":"2017-03-18T12:48:34","date_gmt":"2017-03-18T11:48:34","guid":{"rendered":"http:\/\/ekb.org.pl\/en\/?page_id=1965"},"modified":"2019-08-26T21:17:51","modified_gmt":"2019-08-26T19:17:51","slug":"awards-of-the-european-business-club-poland-2016","status":"publish","type":"page","link":"https:\/\/ekb.org.pl\/en\/konkursy\/nagrody-europejskiego-klubu-biznesu\/awards-of-the-european-business-club-poland-2016\/","title":{"rendered":"Awards of the European Business Club Poland"},"content":{"rendered":"<table>\n<tbody>\n<tr>\n<td style=\"border: none; vertical-align: top; width: 200px;\"><a href=\"\/\/ekb.org.pl\/en\/konkursy\/prizes\/victoria-europae\/\"><br \/>\n<img loading=\"lazy\" decoding=\"async\" src=\"\/\/ekb.org.pl\/ekb\/wp-content\/uploads\/2016\/09\/Victoria-Europae.jpg\" alt=\"Victoria Europae\" width=\"200\" height=\"200\" \/><br \/>\n<\/a><\/td>\n<td style=\"border: none;\">\n<h3>Victoria Europae &#8211; European Victory<\/h3>\n<h4>2018<\/h4>\n<ul>\n<li><a href=\"\/\/ekb.org.pl\/en\/konkursy\/nagrody-europejskiego-klubu-biznesu\/awards-of-the-european-business-club-poland-2016\/the-poland-mens-national-volleyball-team\/\">The Poland Men\u2019s National Volleyball Team <\/a><\/li>\n<\/ul>\n<h4>2017<\/h4>\n<ul>\n<li><a href=\"\/\/ekb.org.pl\/en\/konkursy\/nagrody-europejskiego-klubu-biznesu\/awards-of-the-european-business-club-poland-2017\/mateusz-morawiecki\/\">Mateusz Morawiecki<\/a><\/li>\n<\/ul>\n<h4>2016<\/h4>\n<ul>\n<li><a href=\"\/\/ekb.org.pl\/en\/?page_id=1969\">Economic Forum in Krynica Zdr\u00f3j<\/a><\/li>\n<\/ul>\n<h4>2015<\/h4>\n<ul>\n<li><a href=\"\/\/ekb.org.pl\/en\/konkursy\/nagrody-europejskiego-klubu-biznesu\/awards-of-the-european-business-club-poland-2015\/jerzy-buzek\/\">Jerzy Buzek<\/a><\/li>\n<\/ul>\n<\/td>\n<\/tr>\n<tr>\n<td style=\"border: none; vertical-align: top; width: 200px;\"><a href=\"\/\/ekb.org.pl\/en\/konkursy\/prizes\/entrepreneur-magnus\/\"><br \/>\n<img loading=\"lazy\" decoding=\"async\" src=\"\/\/ekb.org.pl\/ekb\/wp-content\/uploads\/2016\/09\/Entrepreneur-Magnus.jpg\" alt=\"Entrepreneur Magnus\" width=\"200\" height=\"200\" \/><br \/>\n<\/a><\/td>\n<td style=\"border: none;\">\n<h3>Entrepreneur Magnus &#8211; Extraordinary Entrepreneur<\/h3>\n<p><strong>2018<\/strong><\/p>\n<ul>\n<li><a href=\"\/\/ekb.org.pl\/en\/konkursy\/nagrody-europejskiego-klubu-biznesu\/awards-of-the-european-business-club-poland-2016\/adam-mokrysz\/\">Adam Mokrysz<\/a><\/li>\n<\/ul>\n<h4>2017<\/h4>\n<ul>\n<li><a href=\"\/\/ekb.org.pl\/en\/konkursy\/nagrody-europejskiego-klubu-biznesu\/awards-of-the-european-business-club-poland-2017\/beata-drzazga\/\">Beata Drzazga<\/a><\/li>\n<\/ul>\n<h4>2016<\/h4>\n<ul>\n<li><a href=\"\/\/ekb.org.pl\/en\/?page_id=1980\">Czes\u0142aw Lang<\/a><\/li>\n<li><a href=\"\/\/ekb.org.pl\/en\/?page_id=1988\">Tadeusz Wrze\u015bniak<\/a><\/li>\n<\/ul>\n<h4>2015<\/h4>\n<ul>\n<li><a href=\"\/\/ekb.org.pl\/en\/konkursy\/nagrody-europejskiego-klubu-biznesu\/awards-of-the-european-business-club-poland-2015\/herbert-wirth\/\">Herbert Wirth<\/a><\/li>\n<li><a href=\"\/\/ekb.org.pl\/en\/konkursy\/nagrody-europejskiego-klubu-biznesu\/awards-of-the-european-business-club-poland-2015\/wojciech-kuspik\/\">Wojciech Ku\u015bpik<\/a><\/li>\n<\/ul>\n<\/td>\n<\/tr>\n<tr>\n<td style=\"border: none; vertical-align: top; width: 200px;\"><a href=\"\/\/ekb.org.pl\/en\/konkursy\/prizes\/bene-meritus\/\"><br \/>\n<img loading=\"lazy\" decoding=\"async\" src=\"\/\/ekb.org.pl\/ekb\/wp-content\/uploads\/2016\/09\/Bene-Meritus.jpg\" alt=\"Bene Meritus\" width=\"200\" height=\"200\" \/><br \/>\n<\/a><\/td>\n<td style=\"border: none;\">\n<h3>Bene Meritus &#8211; Highly Distinguished<\/h3>\n<p><strong>2018<\/strong><\/p>\n<ul>\n<li><a href=\"\/\/ekb.org.pl\/en\/konkursy\/nagrody-europejskiego-klubu-biznesu\/awards-of-the-european-business-club-poland-2016\/the-polish-olympic-committee\/\" rel=\"noopener\">The Polish Olympic Committee<\/a><\/li>\n<li><a href=\"\/\/ekb.org.pl\/en\/konkursy\/nagrody-europejskiego-klubu-biznesu\/awards-of-the-european-business-club-poland-2016\/polish-patent-office\/\">Polish Patent Office<\/a><\/li>\n<li><a href=\"\/\/ekb.org.pl\/en\/konkursy\/nagrody-europejskiego-klubu-biznesu\/awards-of-the-european-business-club-poland-2016\/the-teatr-wielki- national-opera-in-warsaw\/\">The Teatr Wielki National Opera in Warsaw<\/a><\/li>\n<li><a href=\"\/\/ekb.org.pl\/en\/konkursy\/nagrody-europejskiego-klubu-biznesu\/awards-of-the-european-business-club-poland-2016\/the-port-of-gdynia\/\">The Port of Gdynia<\/a><\/li>\n<\/ul>\n<h4>2017<\/h4>\n<ul>\n<li><a href=\"\/\/ekb.org.pl\/en\/konkursy\/nagrody-europejskiego-klubu-biznesu\/awards-of-the-european-business-club-poland-2017\/lidia-staron\/\">Lidia Staro\u0144<\/a><\/li>\n<li><a href=\"\/\/ekb.org.pl\/en\/konkursy\/nagrody-europejskiego-klubu-biznesu\/awards-of-the-european-business-club-poland-2017\/the-ski-jumpers-team-composed-of-maciej-kot-dawid-kubacki-kamil-stoch-and-piotr-zyla\/\">The ski jumpers team composed of: Maciej Kot, Dawid Kubacki, Kamil Stoch and Piotr \u017by\u0142a<\/a><\/li>\n<li><a href=\"\/\/ekb.org.pl\/en\/konkursy\/nagrody-europejskiego-klubu-biznesu\/awards-of-the-european-business-club-poland-2017\/tvp-polonia\/\">TVP POLONIA<\/a><\/li>\n<\/ul>\n<h4>2016<\/h4>\n<ul>\n<li><a href=\"\/\/ekb.org.pl\/en\/?page_id=1992\">Ewa B\u0142aszczyk<\/a><\/li>\n<li><a href=\"\/\/ekb.org.pl\/en\/?page_id=1997\">\u017baneta Berus<\/a><\/li>\n<li><a href=\"\/\/ekb.org.pl\/en\/?page_id=2004\">Robert Roguski<\/a><\/li>\n<li><a href=\"\/\/ekb.org.pl\/en\/?page_id=2008\">Henryk Sobierajski<\/a><\/li>\n<\/ul>\n<h4>2015<\/h4>\n<ul>\n<li><a href=\"\/\/ekb.org.pl\/en\/konkursy\/nagrody-europejskiego-klubu-biznesu\/awards-of-the-european-business-club-poland-2015\/maria-jolanta-batycka-wasik\/\">Maria Jolanta Batycka &#8211; W\u0105sik<\/a><\/li>\n<li><a href=\"\/\/ekb.org.pl\/en\/konkursy\/nagrody-europejskiego-klubu-biznesu\/awards-of-the-european-business-club-poland-2015\/grazyna-rydzewska\/\">Gra\u017cyna Rydzewska<\/a><\/li>\n<li><a href=\"\/\/ekb.org.pl\/en\/konkursy\/nagrody-europejskiego-klubu-biznesu\/awards-of-the-european-business-club-poland-2015\/przemyslaw-talkowski\/\">Przemys\u0142aw Talkowski<\/a><\/li>\n<li><a href=\"\/\/ekb.org.pl\/en\/konkursy\/nagrody-europejskiego-klubu-biznesu\/awards-of-the-european-business-club-poland-2015\/andrzej-strejlau\/\">Andrzej Strejlau<\/a><\/li>\n<li><a href=\"\/\/ekb.org.pl\/en\/konkursy\/nagrody-europejskiego-klubu-biznesu\/awards-of-the-european-business-club-poland-2015\/warsaw-uprising-museum\/\">Warsaw Uprising Museum<\/a><\/li>\n<li><a href=\"\/\/ekb.org.pl\/en\/konkursy\/nagrody-europejskiego-klubu-biznesu\/awards-of-the-european-business-club-poland-2015\/slask-song-and-dance-ensemble-in-memory-of-stanislaw-hadyna\/\">\u015al\u0105sk song and dance ensemble in memory of Stanis\u0142aw Hadyna<\/a><\/li>\n<\/ul>\n<\/td>\n<\/tr>\n<tr>\n<td style=\"border: none; vertical-align: top; width: 200px;\"><a href=\"\/\/ekb.org.pl\/en\/konkursy\/prizes\/signum-temporis\/\"><br \/>\n<img loading=\"lazy\" decoding=\"async\" src=\"\/\/ekb.org.pl\/ekb\/wp-content\/uploads\/2016\/09\/Signum-Temporis.jpg\" alt=\"Signum Temporis\" width=\"200\" height=\"200\" \/><br \/>\n<\/a><\/td>\n<td style=\"border: none;\">\n<h3>Signum Temporis &#8211; Sign of the Times<\/h3>\n<p><strong>2018<\/strong><\/p>\n<ul>\n<li><a href=\"\/\/ekb.org.pl\/en\/konkursy\/nagrody-europejskiego-klubu-biznesu\/awards-of-the-european-business-club-poland-2016\/pogon-lwow-sport-club\/\">\u201ePOGO\u0143\u00a0 LW\u00d3W\u201d SPORT CLUB<\/a><\/li>\n<li><a href=\"\/\/ekb.org.pl\/en\/konkursy\/nagrody-europejskiego-klubu-biznesu\/awards-of-the-european-business-club-poland-2016\/hefra-s-a\/\">HEFRA S.A.<\/a><\/li>\n<\/ul>\n<h4>2017<\/h4>\n<ul>\n<li><a href=\"\/\/ekb.org.pl\/en\/konkursy\/nagrody-europejskiego-klubu-biznesu\/awards-of-the-european-business-club-poland-2017\/port-praski\/\">Port Praski<\/a><\/li>\n<li><a href=\"\/\/ekb.org.pl\/en\/konkursy\/nagrody-europejskiego-klubu-biznesu\/awards-of-the-european-business-club-poland-2017\/walkrys-security\/\">Walkrys Security<\/a><\/li>\n<\/ul>\n<h4>2016<\/h4>\n<ul>\n<li><a href=\"\/\/ekb.org.pl\/en\/?page_id=2012\">Grzegorz \u0141ubczyk<\/a><\/li>\n<li><a href=\"\/\/ekb.org.pl\/en\/?page_id=2016\">Adam Zdanowicz<\/a><\/li>\n<\/ul>\n<h4>2015<\/h4>\n<ul>\n<li><a href=\"\/\/ekb.org.pl\/en\/konkursy\/nagrody-europejskiego-klubu-biznesu\/awards-of-the-european-business-club-poland-2015\/zdzislaw-nowakowski\/\">Zdzis\u0142aw Nowakowski<\/a><\/li>\n<li><a href=\"\/\/ekb.org.pl\/en\/konkursy\/nagrody-europejskiego-klubu-biznesu\/awards-of-the-european-business-club-poland-2015\/andrzej-siezieniewski\/\">Andrzej Siezieniewski<\/a><\/li>\n<\/ul>\n<\/td>\n<\/tr>\n<tr>\n<td style=\"border: none; vertical-align: top; width: 200px;\"><a href=\"\/\/ekb.org.pl\/en\/konkursy\/prizes\/pro-futuro\/\"><br \/>\n<img loading=\"lazy\" decoding=\"async\" src=\"\/\/ekb.org.pl\/ekb\/wp-content\/uploads\/2016\/09\/Pro-Futuro.jpg\" alt=\"Pro Futuro\" width=\"200\" height=\"200\" \/><br \/>\n<\/a><\/td>\n<td style=\"border: none;\">\n<h3>Pro Futuro &#8211; For the Future<\/h3>\n<p><strong>2018<\/strong><\/p>\n<ul>\n<li><a href=\"\/\/ekb.org.pl\/en\/konkursy\/nagrody-europejskiego-klubu-biznesu\/awards-of-the-european-business-club-poland-2016\/czeslaw-golebiowski\/\">Czes\u0142aw Go\u0142\u0119biowski<\/a><\/li>\n<li><a href=\"\/\/ekb.org.pl\/en\/konkursy\/nagrody-europejskiego-klubu-biznesu\/awards-of-the-european-business-club-poland-2016\/spolem-warszawska- spoldzielnia- spozywcow- srodmiescie- the-warsaw-city-centre-consumer-cooperative\/\" rel=\"noopener\">\u201cSpo\u0142em\u201d Warszawska Sp\u00f3\u0142dzielnia Spo\u017cywc\u00f3w \u015ar\u00f3dmie\u015bcie (the Warsaw City Centre Consumer Cooperative)<\/a><\/li>\n<li><a href=\"\/\/ekb.org.pl\/en\/konkursy\/nagrody-europejskiego-klubu-biznesu\/awards-of-the-european-business-club-poland-2016\/the-living-museum-of-gingerbread\/\">The Living Museum of Gingerbread <\/a><\/li>\n<\/ul>\n<h4>2017<\/h4>\n<ul>\n<li><a href=\"\/\/ekb.org.pl\/en\/konkursy\/nagrody-europejskiego-klubu-biznesu\/awards-of-the-european-business-club-poland-2017\/szumisie\/\">The Company Szumisie<\/a><\/li>\n<li><a href=\"\/\/ekb.org.pl\/en\/konkursy\/nagrody-europejskiego-klubu-biznesu\/awards-of-the-european-business-club-poland-2017\/the-song-and-dance-ensemble-of-the-university-in-warsaw-warszawianka\/\">The song and dance ensemble of the University in Warsaw \u201cWarszawianka\u201d<\/a><\/li>\n<\/ul>\n<h4>2016<\/h4>\n<ul>\n<li><a href=\"\/\/ekb.org.pl\/en\/?page_id=2019\">Royal \u0141azienki Museum in Warsaw<\/a><\/li>\n<li><a href=\"\/\/ekb.org.pl\/en\/?page_id=2022\">Jacek Ragus<\/a><\/li>\n<\/ul>\n<h4>2015<\/h4>\n<ul>\n<li><a href=\"\/\/ekb.org.pl\/en\/konkursy\/nagrody-europejskiego-klubu-biznesu\/awards-of-the-european-business-club-poland-2015\/family-company-pinus-j-and-m-smolarczyk\/\">Company \u201ePINUS J and M SMOLARCZYK\u201d<\/a><\/li>\n<li><a href=\"\/\/ekb.org.pl\/en\/konkursy\/nagrody-europejskiego-klubu-biznesu\/awards-of-the-european-business-club-poland-2015\/family-company-marchewka\/\">Company \u201eMARCHEWKA\u00ae\u201d<\/a><\/li>\n<\/ul>\n<\/td>\n<\/tr>\n<tr>\n<td style=\"border: none; vertical-align: top; width: 200px;\"><a href=\"\/\/ekb.org.pl\/en\/konkursy\/prizes\/pro-publico-bono\/\"><br \/>\n<img loading=\"lazy\" decoding=\"async\" src=\"\/\/ekb.org.pl\/ekb\/wp-content\/uploads\/2016\/09\/Pro-Publico-Bono.jpg\" alt=\"Pro Publico Bono\" width=\"200\" height=\"200\" \/><br \/>\n<\/a><\/td>\n<td style=\"border: none;\">\n<h3>Pro Publico Bono &#8211; For the Social Activity<\/h3>\n<p><strong>2018<\/strong><\/p>\n<ul>\n<li><a href=\"\/\/ekb.org.pl\/en\/konkursy\/nagrody-europejskiego-klubu-biznesu\/awards-of-the-european-business-club-poland-2016\/rev-waldemar-cislo- prof- at-the-cardinal- wyszynski-university-in-warsaw\/\">Rev. Waldemar Cis\u0142o, Prof. at the Cardinal Wyszy\u0144ski University in Warsaw<\/a><\/li>\n<\/ul>\n<h4>2017<\/h4>\n<ul>\n<li><a href=\"\/\/ekb.org.pl\/en\/konkursy\/nagrody-europejskiego-klubu-biznesu\/awards-of-the-european-business-club-poland-2017\/father-jacek-stryczek\/\">Father Jacek Stryczek<\/a><\/li>\n<\/ul>\n<h4>2016<\/h4>\n<ul>\n<li><a href=\"\/\/ekb.org.pl\/en\/?page_id=2026\">Board of Women by the Polish Red Cross<\/a><\/li>\n<\/ul>\n<\/td>\n<\/tr>\n<\/tbody>\n<\/table>\n<p>&nbsp;<\/p>\n","protected":false},"excerpt":{"rendered":"<p>Royal Theatre in Royal \u0141azienki in Warsaw<\/p>\n<p>24 September, 2016<\/p>\n<p><\/p>\n<p><a class=\"slider-readmore\" href=\"\/\/ekb.org.pl\/en\/?page_id=2066\">Awards Ceremony Movie<\/a><\/p>\n","protected":false},"author":32,"featured_media":2030,"parent":750,"menu_order":0,"comment_status":"closed","ping_status":"closed","template":"","meta":{"footnotes":""},"class_list":["post-1965","page","type-page","status-publish","has-post-thumbnail","hentry"],"_links":{"self":[{"href":"https:\/\/ekb.org.pl\/en\/wp-json\/wp\/v2\/pages\/1965","targetHints":{"allow":["GET"]}}],"collection":[{"href":"https:\/\/ekb.org.pl\/en\/wp-json\/wp\/v2\/pages"}],"about":[{"href":"https:\/\/ekb.org.pl\/en\/wp-json\/wp\/v2\/types\/page"}],"author":[{"embeddable":true,"href":"https:\/\/ekb.org.pl\/en\/wp-json\/wp\/v2\/users\/32"}],"replies":[{"embeddable":true,"href":"https:\/\/ekb.org.pl\/en\/wp-json\/wp\/v2\/comments?post=1965"}],"version-history":[{"count":71,"href":"https:\/\/ekb.org.pl\/en\/wp-json\/wp\/v2\/pages\/1965\/revisions"}],"predecessor-version":[{"id":2159,"href":"https:\/\/ekb.org.pl\/en\/wp-json\/wp\/v2\/pages\/1965\/revisions\/2159"}],"up":[{"embeddable":true,"href":"https:\/\/ekb.org.pl\/en\/wp-json\/wp\/v2\/pages\/750"}],"wp:featuredmedia":[{"embeddable":true,"href":"https:\/\/ekb.org.pl\/en\/wp-json\/wp\/v2\/media\/2030"}],"wp:attachment":[{"href":"https:\/\/ekb.org.pl\/en\/wp-json\/wp\/v2\/media?parent=1965"}],"curies":[{"name":"wp","href":"https:\/\/api.w.org\/{rel}","templated":true}]}}