{"id":8,"date":"2012-05-27T20:41:09","date_gmt":"2012-05-27T18:41:09","guid":{"rendered":"http:\/\/ekb.org.pl\/?page_id=8"},"modified":"2023-04-18T21:14:57","modified_gmt":"2023-04-18T19:14:57","slug":"statut","status":"publish","type":"page","link":"https:\/\/ekb.org.pl\/ekb\/dokumenty-klubowe\/statut\/","title":{"rendered":"Statut Europejski Klub Biznesu Polska Stowarzyszenie."},"content":{"rendered":"<p>Wersja PDF do pobrania:<\/p>\n<div style=\"text-align: center;\"><a href=\"\/\/ekb.org.pl\/ekb\/wp-content\/uploads\/2019\/09\/Statut.-EKB.pdf\"><img loading=\"lazy\" decoding=\"async\" class=\"alignnone\" src=\"\/\/ekb.org.pl\/ekb\/wp-content\/uploads\/2016\/09\/pdf-icon-1.png\" alt=\"PDF\" width=\"48\" height=\"48\" \/><\/a><a href=\"\/\/ekb.org.pl\/ekb\/wp-content\/uploads\/2022\/05\/Statut-09.12.2021-r..pdf\" target=\"_blank\" rel=\"noopener\"><br \/>\nStatut EKB Polska Stowarzyszenie<\/a><\/div>\n<div><\/div>\n<div><\/div>\n<hr \/>\n<p>&nbsp;<\/p>\n<p style=\"text-align: center;\">Statut<br \/>\nEuropejskiego Klubu Biznesu Polska Stowarzyszenie<br \/>\n(tekst jednolity z dnia 05 grudnia 2022 r.)<\/p>\n<p style=\"text-align: center;\">I. POSTANOWIENIA OG\u00d3LNE<\/p>\n<p style=\"text-align: center;\">\u00a7 1<\/p>\n<p style=\"text-align: left;\">Stowarzyszenie nosi nazw\u0119 \u201cEuropejski Klub Biznesu Polska Stowarzyszenie\u201d. Stowarzyszenie jest dobrowoln\u0105, og\u00f3lnopolsk\u0105 organizacj\u0105 \u015brodowiskow\u0105 i w dalszej cz\u0119\u015bci Statutu zwane jest \u201eStowarzyszeniem\u201d.<\/p>\n<p style=\"text-align: center;\">\u00a7 2<\/p>\n<p style=\"text-align: left;\">Stowarzyszenie, z chwil\u0105 wpisania do KRS posiada osobowo\u015b\u0107 prawn\u0105 i dzia\u0142a na podstawie przepis\u00f3w Ustawy z dnia 7 kwietnia 1989 r. Prawo o stowarzyszeniach (Dz. U. z 2001 r. nr 79 poz. 855 z p\u00f3\u017an. zm.) niniejszego Statutu oraz innych powszechnie obowi\u0105zuj\u0105cych przepis\u00f3w prawa.<\/p>\n<p style=\"text-align: center;\">\u00a7 3<\/p>\n<p style=\"text-align: left;\">1. Stowarzyszenie prowadzi dzia\u0142alno\u015b\u0107 na obszarze Rzeczypospolitej Polskiej.<br \/>\n2. Siedzib\u0105 Stowarzyszenia jest miejscowo\u015b\u0107 Mo\u015bciska, gmina Izabelin, powiat Warszawski Zachodni..<br \/>\n3. Stowarzyszenie mo\u017ce powo\u0142ywa\u0107 terenowe jednostki organizacyjne &#8211; oddzia\u0142y regionalne oraz zagraniczne. Oddzia\u0142y regionalne b\u0119d\u0105 obejmowa\u0142y zasi\u0119giem dzia\u0142ania jedno lub kilka wojew\u00f3dztw, natomiast oddzia\u0142y zagraniczne b\u0119d\u0105 obejmowa\u0142y zasi\u0119giem jedno pa\u0144stwo.<\/p>\n<p style=\"text-align: center;\">\u00a7 4<\/p>\n<p style=\"text-align: left;\">Stowarzyszenie mo\u017ce by\u0107 cz\u0142onkiem innych krajowych i mi\u0119dzynarodowych organizacji, zwi\u0105zk\u00f3w i stowarzysze\u0144.<\/p>\n<p style=\"text-align: center;\">\u00a7 5<\/p>\n<p style=\"text-align: left;\">1. Stowarzyszenie nie jest organizacj\u0105 zarobkow\u0105. Samodzielnie, w granicach prawa, wyznacza swoje cele, opracowuje programy dzia\u0142ania i struktury organizacyjne dla ich realizacji oraz formy realizacji zada\u0144 statutowych.<br \/>\n2. \u015arodki Stowarzyszenia mog\u0105 by\u0107 wykorzystywane jedynie do realizacji cel\u00f3w statutowych. Dzia\u0142alno\u015b\u0107 Stowarzyszenia opiera si\u0119 na pracy spo\u0142ecznej jego cz\u0142onk\u00f3w.<br \/>\n3. Stowarzyszenie mo\u017ce prowadzi\u0107 dzia\u0142alno\u015b\u0107 gospodarcz\u0105 w granicach okre\u015blonych przez odr\u0119bne przepisy, o ile tak\u0105 decyzj\u0119 w formie uchwa\u0142y podejmie Zarz\u0105d Stowarzyszenia. Uchwa\u0142a Zarz\u0105du okre\u015bli szczeg\u00f3\u0142owy zakres dzia\u0142alno\u015bci gospodarczej.<\/p>\n<p style=\"text-align: center;\">\u00a7 6<\/p>\n<p style=\"text-align: left;\">Stowarzyszenie ma prawo pos\u0142ugiwa\u0107 si\u0119 w\u0142asnym znakiem graficznym (logo) oraz posiada\u0107 w\u0142asn\u0105 odznak\u0119.<\/p>\n<p style=\"text-align: center;\">\u00a7 7<\/p>\n<p style=\"text-align: left;\">Stowarzyszenie u\u017cywa piecz\u0119ci okr\u0105g\u0142ej, owalnej i odznaczenia z napisem: Europejski Klub Biznesu Polska Stowarzyszenie.<\/p>\n<p style=\"text-align: center;\">\u00a7 8<\/p>\n<p style=\"text-align: left;\">J\u0119zykiem urz\u0119dowym Stowarzyszenia jest j\u0119zyk polski.<\/p>\n<p style=\"text-align: center;\">\u00a7 9<\/p>\n<p style=\"text-align: left;\">Stowarzyszenie powo\u0142uje si\u0119 na czas nieograniczony.<\/p>\n<p style=\"text-align: center;\">II. CELE i \u015aRODKI DZIA\u0141ANIA<\/p>\n<p style=\"text-align: center;\">\u00a7 10<\/p>\n<p style=\"text-align: left;\">Cele stowarzyszenia s\u0105 nast\u0119puj\u0105ce:<br \/>\n1. Popieranie rozwoju przedsi\u0119biorczo\u015bci.<br \/>\n2. Inspirowanie i aktywne wspieranie organizacji, ruch\u00f3w spo\u0142ecznych i zawodowych popieraj\u0105cych rozw\u00f3j przedsi\u0119biorczo\u015bci, gospodarki, nauki, kultury i sportu.<br \/>\n3. Wspieranie polskich i mi\u0119dzynarodowych projekt\u00f3w maj\u0105cych na celu rozw\u00f3j i integracj\u0119 gospodarki, nauki, kultury i sportu.<br \/>\n4. Reprezentowanie interes\u00f3w cz\u0142onk\u00f3w Stowarzyszenia poza granicami kraj\u00f3w ich pochodzenia, w szczeg\u00f3lno\u015bci wsp\u00f3\u0142praca z organami ustawodawczymi i wykonawczymi Unii Europejskiej.<br \/>\n5. Stwarzanie warunk\u00f3w do podnoszenia kwalifikacji i umiej\u0119tno\u015bci zawodowych kadr kierowniczych, ze szczeg\u00f3lnym uwzgl\u0119dnieniem m\u0142odej generacji.<br \/>\n6. Popieranie integracji europejskiej ze szczeg\u00f3lnym uwzgl\u0119dnieniem gospodarki, nauki i kultury.<br \/>\n7. Dzia\u0142alno\u015b\u0107 kulturalna, naukowa i o\u015bwiatowa na rzecz przedsi\u0119biorc\u00f3w i os\u00f3b, kt\u00f3re zamierzaj\u0105 prowadzi\u0107 dzia\u0142alno\u015b\u0107 gospodarcz\u0105.<br \/>\n8. Podnoszenie wiedzy przedsi\u0119biorc\u00f3w i os\u00f3b zamierzaj\u0105cych prowadzi\u0107 dzia\u0142alno\u015b\u0107 gospodarcz\u0105 w zakresie ekonomii, finans\u00f3w i prawa.<\/p>\n<p style=\"text-align: center;\">\u00a7 11<\/p>\n<p>Swoje cele Stowarzyszenie realizuje poprzez:<br \/>\n1. Propagowanie dzia\u0142alno\u015bci Stowarzyszenia.<br \/>\n2. Popieranie obywatelskiego zaanga\u017cowania spo\u0142ecznego oraz wzmacnianie wi\u0119zi i wsp\u00f3\u0142pracy pomi\u0119dzy cz\u0142onkami Stowarzyszenia.<br \/>\n3. Wymian\u0119 informacji gospodarczych, naukowych legislacyjnych oraz dotycz\u0105cych kultury.<br \/>\n4. Organizowanie mi\u0119dzynarodowych seminari\u00f3w, narad i konferencji oraz spotka\u0144 ze znanymi osobami z kr\u0119g\u00f3w gospodarczych, naukowych i politycznych.<br \/>\n5. Wspieranie dzia\u0142alno\u015bci gospodarczej cz\u0142onk\u00f3w Stowarzyszenia.<br \/>\n6. Kszta\u0142towanie i propagowanie zasad etycznych w dzia\u0142alno\u015bci gospodarczej.<br \/>\n7. Pomoc organizacyjna i prawna dla cz\u0142onk\u00f3w Stowarzyszenia znajduj\u0105cych si\u0119 w szczeg\u00f3lnie trudnej sytuacji ekonomicznej i finansowej.<br \/>\n8. Opiniowanie i konsultowanie regulacji prawnych Polskich i unijnych, maj\u0105cych wp\u0142yw na realizacj\u0119 cel\u00f3w Stowarzyszenia.<br \/>\n9. Spotkania z przedstawicielami korpusu dyplomatycznego, przedstawicielstwami handlowymi, lud\u017ami nauki, kultury, sportu, przedsi\u0119biorcami, praktykami w zakresie ekonomii, prawa i finans\u00f3w.<\/p>\n<p style=\"text-align: center;\">\u00a7 12<\/p>\n<p>Stowarzyszenie mo\u017ce dla realizacji swoich cel\u00f3w statutowych zatrudnia\u0107 pracownik\u00f3w.<\/p>\n<p style=\"text-align: center;\">III. CZ\u0141ONKOWIE ICH PRAWA i OBOWI\u0104ZKI<\/p>\n<p style=\"text-align: center;\">\u00a7 13<\/p>\n<p>Cz\u0142onkowie Stowarzyszenia dziel\u0105 si\u0119 na:<br \/>\n1. Cz\u0142onk\u00f3w Zwyczajnych<br \/>\n2. Cz\u0142onk\u00f3w Wspieraj\u0105cych<br \/>\n3. Cz\u0142onk\u00f3w Honorowych<\/p>\n<p style=\"text-align: center;\">\u00a7 14<\/p>\n<p>Cz\u0142onkami Zwyczajnymi Stowarzyszenia s\u0105, na zasadzie dobrowolno\u015bci, niepozbawione praw publicznych pe\u0142noletnie osoby fizyczne obywatelstwa polskiego lub cudzoziemcy zamieszkali w Polsce, a tak\u017ce cudzoziemcy zamieszkali poza granicami Polski, popieraj\u0105cy cele Stowarzyszenia.<\/p>\n<p style=\"text-align: center;\">\u00a7 15<\/p>\n<p>Cz\u0142onkami Wspieraj\u0105cymi mog\u0105 by\u0107 osoby prawne.<\/p>\n<p style=\"text-align: center;\">\u00a7 16<\/p>\n<p>Walne Zebranie Cz\u0142onk\u00f3w na uzasadniony wniosek Zarz\u0105du ma prawo nadania osobom fizycznym, kt\u00f3re wnios\u0142y wybitny wk\u0142ad w dzia\u0142alno\u015b\u0107 Stowarzyszenia lub jego rozw\u00f3j, godno\u015b\u0107 cz\u0142onka honorowego. Cz\u0142onek Honorowy posiada wszystkie prawa Cz\u0142onka Zwyczajnego poza prawem wyborczym i jest zwolniony z obowi\u0105zku p\u0142acenia sk\u0142adek.<\/p>\n<p style=\"text-align: center;\">\u00a7 17<\/p>\n<p>1. Przyj\u0119cie w poczet Cz\u0142onk\u00f3w Stowarzyszenia nast\u0119puje na podstawie uchwa\u0142y Zarz\u0105du, poprzedzonej z\u0142o\u017ceniem deklaracji cz\u0142onkowskiej wraz z rekomendacj\u0105 innego Cz\u0142onka Zwyczajnego Stowarzyszenia, jak r\u00f3wnie\u017c zobowi\u0105zaniem do p\u0142acenia sk\u0142adki cz\u0142onkowskiej.<br \/>\n2. Wz\u00f3r pisemnej deklaracji oraz wysoko\u015b\u0107 rocznej sk\u0142adki cz\u0142onkowskiej ustala Zarz\u0105d Stowarzyszenia.<br \/>\n3. O przyj\u0119ciu do Stowarzyszenia lub odmowie przyj\u0119cia Zarz\u0105d zawiadamia pisemnie zainteresowanego w ci\u0105gu 30 (s\u0142ownie: trzydziestu) dni od daty podj\u0119cia uchwa\u0142y.<br \/>\n4. Od decyzji Zarz\u0105du o odmowie przyj\u0119cia do Stowarzyszenia nie s\u0142u\u017cy odwo\u0142anie.<\/p>\n<p style=\"text-align: center;\">\u00a7 18<\/p>\n<p>1. Przynale\u017cno\u015b\u0107 do Stowarzyszenia ustaje na skutek:<br \/>\na. dobrowolnego wyst\u0105pienia, z\u0142o\u017conego pisemnie Zarz\u0105dowi.<br \/>\nb. wykluczenia decyzj\u0105 Zarz\u0105du, z zastrze\u017ceniem postanowie\u0144 ust. 2 niniejszego paragrafu, spowodowanego:<br \/>\n\u2022 dzia\u0142aniami sprzecznymi ze Statutem lub uchwa\u0142ami Walnego Zebrania Cz\u0142onk\u00f3w lub uchwa\u0142ami Zarz\u0105du,<br \/>\n\u2022 nieusprawiedliwionym uchylaniem si\u0119 od uczestniczenia w pracach Stowarzyszenia,<br \/>\n\u2022 zaleganiem z op\u0142atami sk\u0142adek przez co najmniej 3 (s\u0142ownie: trzy) miesi\u0105ce po up\u0142ywie roku kalendarzowego, kt\u00f3rego sk\u0142adka dotyczy.<br \/>\nc. \u015bmierci osoby fizycznej lub likwidacji osoby prawnej.<br \/>\n2. Przy podejmowaniu przez Zarz\u0105d uchwa\u0142y o wykluczeniu ze Stowarzyszenia Cz\u0142onka Zarz\u0105du, zainteresowany Cz\u0142onek Zarz\u0105du nie bierze udzia\u0142u w g\u0142osowaniu.<br \/>\n3. W przypadku decyzji Zarz\u0105du o wykluczeniu zainteresowanemu cz\u0142onkowi przys\u0142uguje w ci\u0105gu 14 (s\u0142ownie: czternastu) dni od daty dor\u0119czenia mu uzasadnionej na pi\u015bmie uchwa\u0142y Zarz\u0105du, prawo odwo\u0142ania do Walnego Zebrania Cz\u0142onk\u00f3w. Decyzja Walnego Zebrania Cz\u0142onk\u00f3w jest ostateczna.<\/p>\n<p style=\"text-align: center;\">\u00a7 19<\/p>\n<p>Cz\u0142onek Stowarzyszenia ma prawo:<br \/>\n1. Wybiera\u0107 i by\u0107 wybieranym do w\u0142adz Stowarzyszenia, z wyj\u0105tkiem Cz\u0142onk\u00f3w Honorowych i Wspieraj\u0105cych.<br \/>\n2. Zg\u0142asza\u0107 wnioski w celu usprawnienia dzia\u0142alno\u015bci Stowarzyszenia.<br \/>\n3. Aktywnie uczestniczy\u0107 w realizacji cel\u00f3w Stowarzyszenia.<br \/>\n4. Nosi\u0107 odznak\u0119 Stowarzyszenia.<br \/>\n5. Korzysta\u0107 ze wszystkich obiekt\u00f3w i urz\u0105dze\u0144 nale\u017c\u0105cych do Stowarzyszenia oraz oferowanych \u015bwiadcze\u0144 zgodnie z zasadami ustalonymi przez Zarz\u0105d.<\/p>\n<p style=\"text-align: center;\">\u00a7 20<\/p>\n<p>Cz\u0142onek Stowarzyszenia ma obowi\u0105zek:<br \/>\n1. Przestrzega\u0107 postanowie\u0144 Statutu, uchwa\u0142 Walnego Zebrania oraz Zarz\u0105du.<br \/>\n2. Uczestniczy\u0107 w dzia\u0142alno\u015bci Stowarzyszenia i wspiera\u0107 realizacj\u0119 jego cel\u00f3w.<br \/>\n3. Terminowo uiszcza\u0107 sk\u0142adki cz\u0142onkowskie.<br \/>\n4. Przejawia\u0107 trosk\u0119 o maj\u0105tek Stowarzyszenia.<br \/>\n5. Przestrzega\u0107 przepis\u00f3w obowi\u0105zuj\u0105cego prawa oraz zasad obowi\u0105zuj\u0105cych w Stowarzyszeniu.<\/p>\n<p style=\"text-align: center;\">\u00a7 21<\/p>\n<p>Cz\u0142onkowie Honorowi s\u0105 zwolnieni z obowi\u0105zku p\u0142acenia sk\u0142adek.<\/p>\n<p style=\"text-align: center;\">\u00a7 22<\/p>\n<p>1. Cz\u0142onkowie Wspieraj\u0105cy Stowarzyszenia bior\u0105 udzia\u0142 w dzia\u0142alno\u015bci Stowarzyszenia za po\u015brednictwem upowa\u017cnionych przedstawicieli.<br \/>\n2. Cz\u0142onkowie Zwyczajni i Honorowi uczestnicz\u0105 osobi\u015bcie w jego dzia\u0142alno\u015bci.<\/p>\n<p style=\"text-align: center;\">IV. W\u0141ADZE STOWARZYSZENIA<\/p>\n<p style=\"text-align: center;\">\u00a7 23<\/p>\n<p>W\u0142adzami Stowarzyszenia s\u0105:<br \/>\n1. Walne Zebranie Cz\u0142onk\u00f3w.<br \/>\n2. Zarz\u0105d.<br \/>\n3. Komisja Rewizyjna.<\/p>\n<p style=\"text-align: center;\">\u00a7 24<\/p>\n<p>Kadencja wszystkich w\u0142adz wybieralnych Stowarzyszenia trwa 5 (s\u0142ownie: pi\u0119\u0107) lat.<\/p>\n<p style=\"text-align: center;\">\u00a7 25<\/p>\n<p>Uchwa\u0142y wszystkich w\u0142adz Stowarzyszenia zapadaj\u0105 zwyk\u0142\u0105 wi\u0119kszo\u015bci\u0105 g\u0142os\u00f3w, przy obecno\u015bci co najmniej po\u0142owy cz\u0142onk\u00f3w uprawnionych do g\u0142osowania, o ile dalsze postanowienia Statutu nie stanowi\u0105 inaczej.<\/p>\n<p style=\"text-align: center;\">\u00a7 26<\/p>\n<p>Najwy\u017csz\u0105 w\u0142adz\u0105 Stowarzyszenia jest Walne Zebranie Cz\u0142onk\u00f3w.<\/p>\n<p style=\"text-align: center;\">\u00a7 27<\/p>\n<p>1. Walne Zebranie Cz\u0142onk\u00f3w zwo\u0142uje Zarz\u0105d listownie lub drog\u0105 elektroniczn\u0105 za po\u015brednictwem maili, co najmniej raz w roku. Zawiadomienie o zwo\u0142aniu Zebrania powinno by\u0107 wys\u0142ane minimum 14 dni \/s\u0142ownie czterna\u015bcie\/ przed planowanym terminem Walnego Zebrania Cz\u0142onk\u00f3w i powinno zawiera\u0107 okre\u015blenie: terminu, miejsca i porz\u0105dku dziennego obrad.<br \/>\n2. Zarz\u0105d jest zobowi\u0105zany na wniosek \u00bc (s\u0142ownie: jednej czwartej) Cz\u0142onk\u00f3w Stowarzyszenia lub na wniosek Komisji Rewizyjnej zwo\u0142a\u0107 Nadzwyczajne Walne Zebranie Cz\u0142onk\u00f3w, zgodnie z porz\u0105dkiem obrad przedstawionym przez wnioskodawc\u00f3w. Nadzwyczajne Zebranie Cz\u0142onk\u00f3w nie mo\u017ce zmienia\u0107 okre\u015blonego przez Zarz\u0105d porz\u0105dku obrad. \u017b\u0105danie zwo\u0142ania Zebrania powinno by\u0107 z\u0142o\u017cone w formie pisemnej i dor\u0119czone Zarz\u0105dowi na co najmniej 45 (s\u0142ownie: czterdzie\u015bci pi\u0119\u0107) dni przed planowanym terminem Zebrania.<br \/>\n3. W Walnym Zebraniu Cz\u0142onk\u00f3w powinna uczestniczy\u0107 co najmniej po\u0142owa cz\u0142onk\u00f3w uprawnionych do g\u0142osowania w pierwszym terminie, a w drugim terminie, kt\u00f3ry mo\u017ce by\u0107 wyznaczony \u00bd (s\u0142ownie: jedna druga) godziny p\u00f3\u017aniej tego samego dnia, mo\u017ce ono skutecznie obradowa\u0107 bez wzgl\u0119du na liczb\u0119 uczestnik\u00f3w Zebrania. W Walnym Zebraniu uczestniczy\u0107 mog\u0105 Cz\u0142onkowie Zwyczajni. Przedstawiciele Cz\u0142onk\u00f3w Wspieraj\u0105cych i Cz\u0142onkowie Honorowi Stowarzyszenia mog\u0105 uczestniczy\u0107 w zgromadzeniu wy\u0142\u0105cznie z g\u0142osem doradczym.<\/p>\n<p style=\"text-align: center;\">\u00a7 28<\/p>\n<p>Do kompetencji Walnego Zebrania Cz\u0142onk\u00f3w nale\u017cy:<br \/>\n1. Przyj\u0119cie regulaminu obrad Walnego Zebrania,<br \/>\n2. Rozpatrzenie i zatwierdzenie sprawozda\u0144 Zarz\u0105du i Komisji Rewizyjnej,<br \/>\n3. Udzielenie absolutorium Zarz\u0105dowi i Komisji Rewizyjnej,<br \/>\n4. Wyb\u00f3r i odwo\u0142anie Cz\u0142onk\u00f3w Zarz\u0105du i Komisji Rewizyjnej,<br \/>\n5. Uchwalanie zmian Statutu,<br \/>\n6. Podejmowanie uchwa\u0142 w sprawie uczestniczenia przez Stowarzyszenie w innych organizacjach,<br \/>\n7. Uchwalanie programu dzia\u0142ania Stowarzyszenia na kolejn\u0105 kadencj\u0119,<br \/>\n8. Rozpatrywanie odwo\u0142a\u0144 Cz\u0142onk\u00f3w Stowarzyszenia od uchwa\u0142 Zarz\u0105du,<br \/>\n9. Rozpatrywanie skarg Cz\u0142onk\u00f3w Stowarzyszenia na dzia\u0142alno\u015b\u0107 Zarz\u0105du.<\/p>\n<p style=\"text-align: center;\">\u00a7 29<\/p>\n<p>1. Uchwa\u0142y Walnego Zebrania zapadaj\u0105 zwyk\u0142\u0105 wi\u0119kszo\u015bci\u0105 g\u0142os\u00f3w przy obecno\u015bci co najmniej po\u0142owy cz\u0142onk\u00f3w w pierwszym terminie i bez wzgl\u0119du na liczb\u0119 obecnych w drugim terminie.<br \/>\n2. Odwo\u0142anie Prezesa, Cz\u0142onk\u00f3w Zarz\u0105du, Komisji Rewizyjnej oraz rozwi\u0105zanie Stowarzyszenia wymaga bezwzgl\u0119dnej wi\u0119kszo\u015bci g\u0142os\u00f3w przy obecno\u015bci po\u0142owy Cz\u0142onk\u00f3w Stowarzyszenia w pierwszym terminie, w drugim terminie wym\u00f3g obecno\u015bci ponad po\u0142owy cz\u0142onk\u00f3w nie obowi\u0105zuje.<br \/>\n3. Ka\u017cdemu cz\u0142onkowi przys\u0142uguje jeden g\u0142os.<br \/>\n4. Z ka\u017cdego Walnego Zebrania Cz\u0142onk\u00f3w zostaje sporz\u0105dzony protok\u00f3\u0142, kt\u00f3ry podpisuje protokolant i Przewodnicz\u0105cy Zebrania.<br \/>\n5. Walne Zebranie Cz\u0142onk\u00f3w podejmuje uchwa\u0142y w g\u0142osowaniu jawnym, z wyj\u0105tkiem spraw osobowych.<\/p>\n<p style=\"text-align: center;\">\u00a7 30<\/p>\n<p>1. Zarz\u0105d sk\u0142ada si\u0119 z 5 do 16 cz\u0142onk\u00f3w, w tym Prezesa i od 2 do 4 Wiceprezes\u00f3w.<br \/>\n2. Prezesa i Cz\u0142onk\u00f3w Zarz\u0105du wybiera na 5 letni\u0105 (s\u0142ownie: pi\u0119cioletni\u0105) kadencj\u0119 i odwo\u0142uje, w tajnym g\u0142osowaniu Walne Zebranie Cz\u0142onk\u00f3w.<br \/>\n3. Wiceprezes\u00f3w wybiera ze swego sk\u0142adu Zarz\u0105d na wniosek Prezesa. Zarz\u0105d mo\u017ce odwo\u0142a\u0107 cz\u0142onka zarz\u0105du z pe\u0142nionej funkcji wiceprezesa i powo\u0142a\u0107 na t\u0119 funkcj\u0119 innego cz\u0142onka zarz\u0105du.<\/p>\n<p style=\"text-align: center;\">\u00a7 31<\/p>\n<p>1. Do kompetencji Zarz\u0105du nale\u017cy:<br \/>\na) realizacja uchwa\u0142 Walnego Zebrania Cz\u0142onk\u00f3w,<br \/>\nb) przyjmowanie nowych Cz\u0142onk\u00f3w Stowarzyszenia oraz ich wykluczanie,<br \/>\nc) podejmowanie uchwa\u0142 w sprawie zawieszenia Cz\u0142onk\u00f3w Stowarzyszenia w dzia\u0142alno\u015bci lub pe\u0142nieniu funkcji w przypadku:<br \/>\n&#8211;\u00a0 wniosku zainteresowanego,<br \/>\n&#8211;\u00a0 niemo\u017cno\u015bci pe\u0142nienia funkcji,<br \/>\n&#8211;\u00a0 naruszenia obowi\u0105zk\u00f3w wynikaj\u0105cych z \u00a7 20 Statutu.<br \/>\nd) reprezentowanie Stowarzyszenia na zewn\u0105trz i dzia\u0142anie w jego imieniu,<br \/>\ne) kierowanie bie\u017c\u0105c\u0105 prac\u0105 Stowarzyszenia,<br \/>\nf) zwo\u0142ywanie Walnego Zgromadzenia Cz\u0142onk\u00f3w,<br \/>\ng) ustalanie wysoko\u015bci sk\u0142adek cz\u0142onkowskich,<br \/>\nh) przyznawanie, na wniosek Prezesa, nagr\u00f3d o charakterze rzeczowym lub finansowym.<br \/>\ni) powo\u0142ywanie, koordynowanie dzia\u0142alno\u015bci oraz rozwi\u0105zywanie terenowych jednostek organizacyjnych Stowarzyszenia w postaci oddzia\u0142\u00f3w regionalnych oraz zagranicznych.<br \/>\n2. Zarz\u0105d powo\u0142uje Kapitu\u0142\u0119 Nagr\u00f3d, Komisje Problemowe i ekspert\u00f3w.<br \/>\n3. Zarz\u0105d realizuje swoje zadania przy pomocy Biura kierowanego przez Dyrektora Biura Zarz\u0105du.<br \/>\n4. Zarz\u0105d na wniosek Prezesa powo\u0142uje i odwo\u0142uje Dyrektora Biura Zarz\u0105du oraz zatwierdza regulamin pracy Biura.<br \/>\n5. Do wa\u017cno\u015bci uchwa\u0142 Zarz\u0105du podejmowanych na posiedzeniach wymagana jest obecno\u015b\u0107 1\/2 (s\u0142ownie: jednej drugiej) aktualnego sk\u0142adu Zarz\u0105du. Uchwa\u0142y Zarz\u0105du podejmowane s\u0105 w g\u0142osowaniach jawnych, z wyj\u0105tkiem uchwa\u0142 w sprawach osobowych.<br \/>\n6. Z posiedze\u0144 Zarz\u0105du sporz\u0105dzane s\u0105 protoko\u0142y, kt\u00f3re podpisuje protokolant i Prezes lub z upowa\u017cnienia Prezesa prowadz\u0105cy w jego imieniu obrady Zarz\u0105du Wiceprezes.<\/p>\n<p style=\"text-align: center;\">\u00a7 32<\/p>\n<p>Komisja Rewizyjna:<br \/>\n1. Komisja Rewizyjna sk\u0142ada si\u0119 z 3 \u2013 5 cz\u0142onk\u00f3w wybieranych przez Walne Zebranie na pi\u0119cioletni\u0105 kadencj\u0119.<br \/>\n2. Cz\u0142onkiem Komisji Rewizyjnej nie mo\u017ce by\u0107:<br \/>\na) Cz\u0142onek Zarz\u0105du,<br \/>\nb) osoba pozostaj\u0105ca z nim w stosunku pokrewie\u0144stwa, powinowactwa lub podleg\u0142o\u015bci z tytu\u0142u zatrudnienia.<br \/>\n3. Komisja Rewizyjna konstytuuje si\u0119 na pierwszym, po wyborze posiedzeniu, wybieraj\u0105c ze swego grona przewodnicz\u0105cego, jego Zast\u0119pc\u0119 oraz Sekretarza.<br \/>\n4. Pierwsze posiedzenie Komisji Rewizyjnej winno odby\u0107 si\u0119 nie p\u00f3\u017aniej ni\u017c 14 (s\u0142ownie: czterna\u015bcie) dni od daty jej wyboru.<br \/>\n5. Uchwa\u0142y Komisji Rewizyjnej s\u0105 wa\u017cne je\u015bli zosta\u0142y podj\u0119te w obecno\u015bci co najmniej 3 (s\u0142ownie: trzech) cz\u0142onk\u00f3w, w tym Przewodnicz\u0105cego lub jego Zast\u0119pcy.<\/p>\n<p style=\"text-align: center;\">\u00a7 33<\/p>\n<p>1. Komisja Rewizyjna dokonuje co najmniej raz w roku kontroli ca\u0142okszta\u0142tu dzia\u0142alno\u015bci Stowarzyszenia, ze szczeg\u00f3lnym uwzgl\u0119dnieniem dzia\u0142alno\u015bci finansowej.<br \/>\n2. Komisja Rewizyjna uprawniona jest do \u017c\u0105dania od Zarz\u0105du Stowarzyszenia wyja\u015bnie\u0144 w zakresie jego dzia\u0142alno\u015bci.<br \/>\n3. Komisja Rewizyjna wyst\u0119puje do Walnego Zebrania Cz\u0142onk\u00f3w w sprawie udzielenia absolutorium dla Zarz\u0105du Stowarzyszenia.<\/p>\n<p style=\"text-align: center;\">\u00a7 34<\/p>\n<p>W razie zmniejszenia si\u0119 sk\u0142adu w\u0142adz Stowarzyszenia (Zarz\u0105d i Komisja Rewizyjna) w czasie trwania kadencji, uzupe\u0142nienie jej sk\u0142adu mo\u017ce nast\u0105pi\u0107 w drodze kooptacji. Kooptacji dokonuj\u0105 pozostali cz\u0142onkowie organu w formie uchwa\u0142y, jedynie spo\u015br\u00f3d Cz\u0142onk\u00f3w Stowarzyszenia. w tym trybie mo\u017cna powo\u0142a\u0107 nie wi\u0119cej ni\u017c po\u0142ow\u0119 sk\u0142adu organu.<\/p>\n<p style=\"text-align: center;\">\u00a7 35<\/p>\n<p>1. Maj\u0105tek Stowarzyszenia powstaje ze sk\u0142adek cz\u0142onkowskich, darowizn, spadk\u00f3w, zapis\u00f3w, dochod\u00f3w z w\u0142asnej dzia\u0142alno\u015bci, dochod\u00f3w z maj\u0105tku stowarzyszenia, z ofiarno\u015bci publicznej oraz dotacji otrzymanych wed\u0142ug zasad okre\u015blonych w odr\u0119bnych przepisach.<br \/>\n2. Funduszami oraz maj\u0105tkiem Stowarzyszenia zarz\u0105dza Zarz\u0105d.<br \/>\n3. Do sk\u0142adania o\u015bwiadcze\u0144 woli w imieniu Stowarzyszenia, w tym w sprawach maj\u0105tkowych do kwoty jednorazowej 100 tysi\u0119cy pln \/s\u0142ownie: sto tysi\u0119cy\/, uprawniony jest jednoosobowo Prezes Zarz\u0105du lub dw\u00f3ch Cz\u0142onk\u00f3w Zarz\u0105du dzia\u0142aj\u0105cych \u0142\u0105cznie. W przypadku podejmowania decyzji maj\u0105tkowych w kwocie przekraczaj\u0105cej 100 tysi\u0119cy pln \/s\u0142ownie: sto tysi\u0119cy\/ do podejmowania decyzji uprawniony jest Prezes Zarz\u0105du z jednym Cz\u0142onkiem Zarz\u0105du lub trzech Cz\u0142onk\u00f3w Zarz\u0105du dzia\u0142aj\u0105cych \u0142\u0105cznie.<br \/>\n4. Stowarzyszenie prowadzi gospodark\u0119 finansow\u0105 zgodnie z obowi\u0105zuj\u0105cymi przepisami.<\/p>\n<p style=\"text-align: center;\">\u00a7 36<\/p>\n<p>1. Rozwi\u0105zanie Stowarzyszenia mo\u017ce nast\u0105pi\u0107 po podj\u0119ciu uchwa\u0142y przez Walne Zebranie Cz\u0142onk\u00f3w .<br \/>\n2. Podejmuj\u0105c uchwa\u0142\u0119 o rozwi\u0105zaniu Stowarzyszenia Walne Zebranie Cz\u0142onk\u00f3w okre\u015bla spos\u00f3b jego likwidacji oraz przeznaczenie maj\u0105tku Stowarzyszenia.<br \/>\n3. Likwidacji dokonuje Zarz\u0105d.<\/p>\n<p style=\"text-align: center;\">\u00a7 37<\/p>\n<p>Zmiany Statutu dokonuje Walne Zebranie Cz\u0142onk\u00f3w w formie uchwa\u0142y wi\u0119kszo\u015bci\u0105 2\/3 (s\u0142ownie: dw\u00f3ch trzecich) g\u0142os\u00f3w cz\u0142onk\u00f3w obecnych na Zebraniu Cz\u0142onk\u00f3w.<\/p>\n<p style=\"text-align: center;\">\u00a7 38<\/p>\n<p>W sprawach nieuregulowanych w niniejszym Statucie stosuje si\u0119 odpowiednio przepisy ustawy z dnia 7 kwietnia 1989 r. \u2013 Prawo o stowarzyszeniach (Dz. U. z 2001 r. nr 79, poz. 855 z p\u00f3\u017an. zm.).<\/p>\n","protected":false},"excerpt":{"rendered":"<p>Wersja PDF do pobrania: Statut EKB Polska Stowarzyszenie &nbsp; Statut Europejskiego Klubu Biznesu Polska Stowarzyszenie (tekst jednolity z dnia 05 grudnia 2022 r.) I. POSTANOWIENIA<\/p>\n","protected":false},"author":1,"featured_media":0,"parent":280,"menu_order":0,"comment_status":"closed","ping_status":"closed","template":"","meta":{"jetpack_post_was_ever_published":false,"footnotes":""},"class_list":["post-8","page","type-page","status-publish","hentry"],"jetpack_sharing_enabled":true,"jetpack_shortlink":"https:\/\/wp.me\/P2tJ5v-8","_links":{"self":[{"href":"https:\/\/ekb.org.pl\/ekb\/wp-json\/wp\/v2\/pages\/8","targetHints":{"allow":["GET"]}}],"collection":[{"href":"https:\/\/ekb.org.pl\/ekb\/wp-json\/wp\/v2\/pages"}],"about":[{"href":"https:\/\/ekb.org.pl\/ekb\/wp-json\/wp\/v2\/types\/page"}],"author":[{"embeddable":true,"href":"https:\/\/ekb.org.pl\/ekb\/wp-json\/wp\/v2\/users\/1"}],"replies":[{"embeddable":true,"href":"https:\/\/ekb.org.pl\/ekb\/wp-json\/wp\/v2\/comments?post=8"}],"version-history":[{"count":33,"href":"https:\/\/ekb.org.pl\/ekb\/wp-json\/wp\/v2\/pages\/8\/revisions"}],"predecessor-version":[{"id":8254,"href":"https:\/\/ekb.org.pl\/ekb\/wp-json\/wp\/v2\/pages\/8\/revisions\/8254"}],"up":[{"embeddable":true,"href":"https:\/\/ekb.org.pl\/ekb\/wp-json\/wp\/v2\/pages\/280"}],"wp:attachment":[{"href":"https:\/\/ekb.org.pl\/ekb\/wp-json\/wp\/v2\/media?parent=8"}],"curies":[{"name":"wp","href":"https:\/\/api.w.org\/{rel}","templated":true}]}}