{"id":5017,"date":"2017-09-11T20:45:53","date_gmt":"2017-09-11T18:45:53","guid":{"rendered":"http:\/\/ekb.org.pl\/ekb\/?page_id=5017"},"modified":"2017-09-11T21:10:54","modified_gmt":"2017-09-11T19:10:54","slug":"zaklad-miesny-konarczak","status":"publish","type":"page","link":"https:\/\/ekb.org.pl\/ekb\/ogloszenia\/zaklad-miesny-konarczak\/","title":{"rendered":"Konarczak zak\u0142ad mi\u0119sny"},"content":{"rendered":"<p align=\"center\"><a href=\"http:\/\/ekb.org.pl\/ekb\/wp-content\/uploads\/2017\/09\/logo-Konarczakinne.jpg\" rel=\"lightbox[5017]\"><img loading=\"lazy\" decoding=\"async\" data-attachment-id=\"5019\" data-permalink=\"https:\/\/ekb.org.pl\/ekb\/ogloszenia\/zaklad-miesny-konarczak\/logo-konarczakinne\/\" data-orig-file=\"https:\/\/ekb.org.pl\/ekb\/wp-content\/uploads\/2017\/09\/logo-Konarczakinne.jpg\" data-orig-size=\"346,126\" data-comments-opened=\"0\" data-image-meta=\"{&quot;aperture&quot;:&quot;0&quot;,&quot;credit&quot;:&quot;&quot;,&quot;camera&quot;:&quot;&quot;,&quot;caption&quot;:&quot;&quot;,&quot;created_timestamp&quot;:&quot;0&quot;,&quot;copyright&quot;:&quot;&quot;,&quot;focal_length&quot;:&quot;0&quot;,&quot;iso&quot;:&quot;0&quot;,&quot;shutter_speed&quot;:&quot;0&quot;,&quot;title&quot;:&quot;&quot;,&quot;orientation&quot;:&quot;0&quot;}\" data-image-title=\"logo Konarczakinne\" data-image-description=\"\" data-image-caption=\"\" data-medium-file=\"https:\/\/ekb.org.pl\/ekb\/wp-content\/uploads\/2017\/09\/logo-Konarczakinne-300x109.jpg\" data-large-file=\"https:\/\/ekb.org.pl\/ekb\/wp-content\/uploads\/2017\/09\/logo-Konarczakinne.jpg\" class=\"aligncenter size-medium wp-image-5019\" src=\"http:\/\/ekb.org.pl\/ekb\/wp-content\/uploads\/2017\/09\/logo-Konarczakinne-300x109.jpg\" alt=\"\" width=\"300\" height=\"109\" srcset=\"https:\/\/ekb.org.pl\/ekb\/wp-content\/uploads\/2017\/09\/logo-Konarczakinne-300x109.jpg 300w, https:\/\/ekb.org.pl\/ekb\/wp-content\/uploads\/2017\/09\/logo-Konarczakinne.jpg 346w\" sizes=\"auto, (max-width: 300px) 100vw, 300px\" \/><\/a><\/p>\n<p style=\"text-align: center; background: #E0D7C2;\" align=\"center\"><span style=\"font-size: 9.0pt; font-family: 'Tahoma','sans-serif'; color: #660000;\">Zak\u0142ad Mi\u0119sny Konarczak to firma z\u00a027-letni\u0105 tradycj\u0105, z siedzib\u0105 w wielkopolskiej Pogorzeli. Pocz\u0105tki historii firmy to ma\u0142a masarnia, kt\u00f3ra dzi\u0119ki wytrwa\u0142o\u015bci i\u00a0zaanga\u017cowaniu w\u0142a\u015bcicieli przekszta\u0142ci\u0142a si\u0119 w\u00a0nowoczesny zak\u0142ad produkuj\u0105cy najwy\u017cszej jako\u015bci wyroby mi\u0119sne i\u00a0w\u0119dliniarskie, r\u00f3wnie\u017c pod w\u0142asn\u0105 mark\u0105. Obecnie sp\u00f3\u0142ka Konarczak jest \u015bredniej wielko\u015bci przedsi\u0119biorstwem, posiadaj\u0105cym uprawnienia eksportowe na rynki Unii Europejskiej.<\/span><\/p>\n<p style=\"text-align: center; background: #E0D7C2;\" align=\"center\"><span style=\"font-size: 9.0pt; font-family: 'Tahoma','sans-serif'; color: #660000;\">\u00a0\u00a0\u00a0\u00a0 Zakres dzia\u0142alno\u015bci firmy obejmuje rozbi\u00f3r i produkcj\u0119 mi\u0119sa kulinarnego, w\u0119dlin, w\u0119dlin podrobowych oraz r\u00f3\u017cnego rodzaju szynek i\u00a0w\u0119dzonek, a tak\u017ce sprzeda\u017c hurtow\u0105 i\u00a0detaliczn\u0105 na terenie wojew\u00f3dztw: wielkopolskiego,\u00a0dolno\u015bl\u0105skiego, kujawsko-pomorskiego i\u00a0lubuskiego. Zak\u0142ad posiada r\u00f3wnie\u017c sie\u0107 15 sklep\u00f3w firmowych.<\/span><\/p>\n<p style=\"text-align: center; background: #E0D7C2;\" align=\"center\"><span style=\"font-size: 9.0pt; font-family: 'Tahoma','sans-serif'; color: #660000;\">\u00a0\u00a0\u00a0 Wysoka jako\u015b\u0107 wyrob\u00f3w i\u00a0zadowolenie klienta to g\u0142\u00f3wna misja przedsi\u0119biorstwa. Produkcja opiera si\u0119 na tradycyjnych recepturach, z\u00a0jednoczesnym wykorzystaniem najnowocze\u015bniejszych technologii, a o\u00a0wysokiej jako\u015bci wyrob\u00f3w \u015bwiadcz\u0105 liczne nagrody i\u00a0wyr\u00f3\u017cnienia przyznane w\u00a0og\u00f3lnopolskich i\u00a0regionalnych konkursach.<\/span><\/p>\n<p style=\"text-align: center; background: #E0D7C2;\" align=\"center\"><span style=\"font-size: 9.0pt; font-family: 'Tahoma','sans-serif'; color: #660000;\">\u00a0\u00a0\u00a0\u00a0 W\u00a0swojej ofercie firma ma blisko 100 r\u00f3\u017cnego rodzaju produkt\u00f3w. Najwy\u017cszym uznaniem w\u015br\u00f3d klient\u00f3w ciesz\u0105 si\u0119 wyroby wielkopolskie, w\u00a0tym: kie\u0142basa bia\u0142a wielkopolska, kabanos wielkopolski i\u00a0kie\u0142basa surowa wielkopolska oraz wyroby podrobowe, m.in. pasztet drobiowy z kurkami, a\u00a0tak\u017ce kie\u0142basy suche i\u00a0podsusz<\/span><span style=\"font-size: 9.0pt; font-family: 'Tahoma','sans-serif'; color: #660000;\">ane.<\/span><\/p>\n<p style=\"text-align: center;\"><strong>Zak\u0142ad Mi\u0119sny Konarczak Sp\u00f3\u0142ka Jawna<\/strong><br \/>\nul. Gosty\u0144ska 5<br \/>\n63-860 Pogorzela<br \/>\nNIP: 696-177-84-36<br \/>\ntel.: 65\/572 74 64, 65\/573 40 37<br \/>\ncentrala: 65\/573 41 60<br \/>\ntel.,fax: 65\/572 74 65<\/p>\n<p style=\"text-align: center;\"><a href=\"http:\/\/www.konarczak.pl\/asp\/pl_start.asp?typ=14&amp;menu=1&amp;strona=1\" target=\"_blank\" rel=\"noopener\">www.konarczak.pl<\/a><\/p>\n<p class=\"jetpack-slideshow-noscript robots-nocontent\">This slideshow requires JavaScript.<\/p><div id=\"gallery-5017-1-slideshow\" class=\"jetpack-slideshow-window jetpack-slideshow jetpack-slideshow-black\" data-trans=\"fade\" data-autostart=\"1\" data-gallery=\"[{&quot;src&quot;:&quot;https:\\\/\\\/ekb.org.pl\\\/ekb\\\/wp-content\\\/uploads\\\/2017\\\/09\\\/Kolbacz-W\\u0119gierski.jpg&quot;,&quot;id&quot;:&quot;5020&quot;,&quot;title&quot;:&quot;Kolbacz W\\u0119gierski&quot;,&quot;alt&quot;:&quot;&quot;,&quot;caption&quot;:&quot;&quot;,&quot;itemprop&quot;:&quot;image&quot;},{&quot;src&quot;:&quot;https:\\\/\\\/ekb.org.pl\\\/ekb\\\/wp-content\\\/uploads\\\/2017\\\/09\\\/Kie\\u0142basa-kowolki.jpg&quot;,&quot;id&quot;:&quot;5021&quot;,&quot;title&quot;:&quot;Wyroby w\\u0119dliniarskie ZM Konarczak&quot;,&quot;alt&quot;:&quot;&quot;,&quot;caption&quot;:&quot;&quot;,&quot;itemprop&quot;:&quot;image&quot;},{&quot;src&quot;:&quot;https:\\\/\\\/ekb.org.pl\\\/ekb\\\/wp-content\\\/uploads\\\/2017\\\/09\\\/Bia\\u0142a-gruba-Wielkopolska-parzona.jpg&quot;,&quot;id&quot;:&quot;5034&quot;,&quot;title&quot;:&quot;Bia\\u0142a gruba Wielkopolska parzona&quot;,&quot;alt&quot;:&quot;&quot;,&quot;caption&quot;:&quot;&quot;,&quot;itemprop&quot;:&quot;image&quot;},{&quot;src&quot;:&quot;https:\\\/\\\/ekb.org.pl\\\/ekb\\\/wp-content\\\/uploads\\\/2017\\\/09\\\/Pasztet-dr-z-kurkami-1.jpg&quot;,&quot;id&quot;:&quot;5026&quot;,&quot;title&quot;:&quot;Pasztet dr z kurkami&quot;,&quot;alt&quot;:&quot;&quot;,&quot;caption&quot;:&quot;&quot;,&quot;itemprop&quot;:&quot;image&quot;},{&quot;src&quot;:&quot;https:\\\/\\\/ekb.org.pl\\\/ekb\\\/wp-content\\\/uploads\\\/2017\\\/09\\\/Smalec-z-miesem.jpg&quot;,&quot;id&quot;:&quot;5025&quot;,&quot;title&quot;:&quot;Fotografia produktowa dla ZM Konarczak&quot;,&quot;alt&quot;:&quot;&quot;,&quot;caption&quot;:&quot;&quot;,&quot;itemprop&quot;:&quot;image&quot;},{&quot;src&quot;:&quot;https:\\\/\\\/ekb.org.pl\\\/ekb\\\/wp-content\\\/uploads\\\/2017\\\/09\\\/Gulasz-wp.jpg&quot;,&quot;id&quot;:&quot;5022&quot;,&quot;title&quot;:&quot;Fotografia produktowa dla ZM Konarczak&quot;,&quot;alt&quot;:&quot;&quot;,&quot;caption&quot;:&quot;&quot;,&quot;itemprop&quot;:&quot;image&quot;}]\" itemscope itemtype=\"https:\/\/schema.org\/ImageGallery\"><\/div>\n<p>&nbsp;<\/p>\n","protected":false},"excerpt":{"rendered":"<p>Zak\u0142ad Mi\u0119sny Konarczak to firma z\u00a027-letni\u0105 tradycj\u0105, z siedzib\u0105 w wielkopolskiej Pogorzeli. Pocz\u0105tki historii firmy to ma\u0142a masarnia, kt\u00f3ra dzi\u0119ki wytrwa\u0142o\u015bci i\u00a0zaanga\u017cowaniu w\u0142a\u015bcicieli przekszta\u0142ci\u0142a si\u0119<\/p>\n","protected":false},"author":1,"featured_media":0,"parent":37,"menu_order":0,"comment_status":"closed","ping_status":"closed","template":"","meta":{"jetpack_post_was_ever_published":false,"footnotes":""},"class_list":["post-5017","page","type-page","status-publish","hentry"],"jetpack_sharing_enabled":true,"jetpack_shortlink":"https:\/\/wp.me\/P2tJ5v-1iV","_links":{"self":[{"href":"https:\/\/ekb.org.pl\/ekb\/wp-json\/wp\/v2\/pages\/5017","targetHints":{"allow":["GET"]}}],"collection":[{"href":"https:\/\/ekb.org.pl\/ekb\/wp-json\/wp\/v2\/pages"}],"about":[{"href":"https:\/\/ekb.org.pl\/ekb\/wp-json\/wp\/v2\/types\/page"}],"author":[{"embeddable":true,"href":"https:\/\/ekb.org.pl\/ekb\/wp-json\/wp\/v2\/users\/1"}],"replies":[{"embeddable":true,"href":"https:\/\/ekb.org.pl\/ekb\/wp-json\/wp\/v2\/comments?post=5017"}],"version-history":[{"count":7,"href":"https:\/\/ekb.org.pl\/ekb\/wp-json\/wp\/v2\/pages\/5017\/revisions"}],"predecessor-version":[{"id":5036,"href":"https:\/\/ekb.org.pl\/ekb\/wp-json\/wp\/v2\/pages\/5017\/revisions\/5036"}],"up":[{"embeddable":true,"href":"https:\/\/ekb.org.pl\/ekb\/wp-json\/wp\/v2\/pages\/37"}],"wp:attachment":[{"href":"https:\/\/ekb.org.pl\/ekb\/wp-json\/wp\/v2\/media?parent=5017"}],"curies":[{"name":"wp","href":"https:\/\/api.w.org\/{rel}","templated":true}]}}