{"id":471,"date":"2012-09-11T20:10:49","date_gmt":"2012-09-11T18:10:49","guid":{"rendered":"http:\/\/ekb.org.pl\/ekb\/?page_id=471"},"modified":"2020-06-26T15:06:32","modified_gmt":"2020-06-26T13:06:32","slug":"pinus","status":"publish","type":"page","link":"https:\/\/ekb.org.pl\/ekb\/ogloszenia\/pinus\/","title":{"rendered":"PINUS OKNA I DRZWI Z DREWNA"},"content":{"rendered":"<p><a href=\"\/\/ekb.org.pl\/ekb\/wp-content\/uploads\/2020\/06\/pinus-logo-color_1med.png\" rel=\"lightbox[471]\"><img loading=\"lazy\" decoding=\"async\" data-attachment-id=\"7457\" data-permalink=\"https:\/\/ekb.org.pl\/ekb\/ogloszenia\/pinus\/pinus-logo-color_1med\/\" data-orig-file=\"https:\/\/ekb.org.pl\/ekb\/wp-content\/uploads\/2020\/06\/pinus-logo-color_1med.png\" data-orig-size=\"1206,361\" data-comments-opened=\"0\" data-image-meta=\"{&quot;aperture&quot;:&quot;0&quot;,&quot;credit&quot;:&quot;&quot;,&quot;camera&quot;:&quot;&quot;,&quot;caption&quot;:&quot;&quot;,&quot;created_timestamp&quot;:&quot;0&quot;,&quot;copyright&quot;:&quot;&quot;,&quot;focal_length&quot;:&quot;0&quot;,&quot;iso&quot;:&quot;0&quot;,&quot;shutter_speed&quot;:&quot;0&quot;,&quot;title&quot;:&quot;&quot;,&quot;orientation&quot;:&quot;0&quot;}\" data-image-title=\"pinus logo color_1med\" data-image-description=\"\" data-image-caption=\"\" data-medium-file=\"https:\/\/ekb.org.pl\/ekb\/wp-content\/uploads\/2020\/06\/pinus-logo-color_1med-300x90.png\" data-large-file=\"https:\/\/ekb.org.pl\/ekb\/wp-content\/uploads\/2020\/06\/pinus-logo-color_1med-1024x307.png\" class=\"aligncenter size-full wp-image-7457\" src=\"\/\/ekb.org.pl\/ekb\/wp-content\/uploads\/2020\/06\/pinus-logo-color_1med.png\" alt=\"\" width=\"1206\" height=\"361\" srcset=\"https:\/\/ekb.org.pl\/ekb\/wp-content\/uploads\/2020\/06\/pinus-logo-color_1med.png 1206w, https:\/\/ekb.org.pl\/ekb\/wp-content\/uploads\/2020\/06\/pinus-logo-color_1med-300x90.png 300w, https:\/\/ekb.org.pl\/ekb\/wp-content\/uploads\/2020\/06\/pinus-logo-color_1med-768x230.png 768w, https:\/\/ekb.org.pl\/ekb\/wp-content\/uploads\/2020\/06\/pinus-logo-color_1med-1024x307.png 1024w\" sizes=\"auto, (max-width: 1206px) 100vw, 1206px\" \/><\/a><\/p>\n<p style=\"text-align: justify;\">Firma Pinus z 30-letni\u0105 tradycj\u0105 produkuje okna i drzwi drewniane na indywidualne zam\u00f3wienie. Realizujemy stolark\u0119 drewnian\u0105 nietypowych projekt\u00f3w, dom\u00f3w jednorodzinnych, rezydencji, apartament\u00f3w oraz obiekt\u00f3w u\u017cyteczno\u015bci publicznej.<\/p>\n<p style=\"text-align: justify;\">Oferuj\u0105c dedykowane rozwi\u0105zania wielokrotnie uczestniczyli\u015bmy w rekonstrukcji budynk\u00f3w b\u0119d\u0105cych pod opiek\u0105 konserwatora zabytk\u00f3w, maj\u0105c przyjemno\u015b\u0107 tworzy\u0107 stolark\u0119 stylow\u0105.<\/p>\n<p style=\"text-align: justify;\">Jeste\u015bmy tw\u00f3rcami opatentowanego TotalGlass \u2013 jedynego w Europie systemu okien i drzwi drewnianych w szklanej ok\u0142adzinie, kt\u00f3ry charakteryzuje si\u0119 brakiem widocznych podzia\u0142\u00f3w szk\u0142a. TotalGlass \u0142\u0105czy ciep\u0142o drewna od wewn\u0105trz wraz z modernistycznym szk\u0142em od zewn\u0105trz.<\/p>\n<p>Wi\u0119cej na: <a href=\"\/\/www.pinus-okna.pl\" target=\"_blank\" rel=\"noopener noreferrer\">www.pinus-okna.pl<\/a> oraz <a href=\"\/\/www.totalglass.pl\" target=\"_blank\" rel=\"noopener noreferrer\">www.totalglass.pl<\/a><\/p>\n<p>Koniecznie sprawd\u017a nasze media spo\u0142eczno\u015bciowe:<\/p>\n<p style=\"text-align: center;\">FB: @Pinus Windows<\/p>\n<p style=\"text-align: center;\">Instagram: pinus_windows<\/p>\n<p style=\"text-align: center;\">totalglass_official<\/p>\n<p><a href=\"\/\/ekb.org.pl\/ekb\/wp-content\/uploads\/2020\/06\/\u0141\u00f3d\u017a40.png\" rel=\"lightbox[471]\"><img loading=\"lazy\" decoding=\"async\" data-attachment-id=\"7458\" data-permalink=\"https:\/\/ekb.org.pl\/ekb\/ogloszenia\/pinus\/lodz40\/\" data-orig-file=\"https:\/\/ekb.org.pl\/ekb\/wp-content\/uploads\/2020\/06\/\u0141\u00f3d\u017a40.png\" data-orig-size=\"4032,2936\" data-comments-opened=\"0\" data-image-meta=\"{&quot;aperture&quot;:&quot;0&quot;,&quot;credit&quot;:&quot;&quot;,&quot;camera&quot;:&quot;&quot;,&quot;caption&quot;:&quot;&quot;,&quot;created_timestamp&quot;:&quot;0&quot;,&quot;copyright&quot;:&quot;&quot;,&quot;focal_length&quot;:&quot;0&quot;,&quot;iso&quot;:&quot;0&quot;,&quot;shutter_speed&quot;:&quot;0&quot;,&quot;title&quot;:&quot;&quot;,&quot;orientation&quot;:&quot;0&quot;}\" data-image-title=\"\u0141\u00f3d\u017a40\" data-image-description=\"\" data-image-caption=\"\" data-medium-file=\"https:\/\/ekb.org.pl\/ekb\/wp-content\/uploads\/2020\/06\/\u0141\u00f3d\u017a40-300x218.png\" data-large-file=\"https:\/\/ekb.org.pl\/ekb\/wp-content\/uploads\/2020\/06\/\u0141\u00f3d\u017a40-1024x746.png\" class=\"aligncenter size-full wp-image-7458\" src=\"\/\/ekb.org.pl\/ekb\/wp-content\/uploads\/2020\/06\/\u0141\u00f3d\u017a40.png\" alt=\"\" width=\"4032\" height=\"2936\" srcset=\"https:\/\/ekb.org.pl\/ekb\/wp-content\/uploads\/2020\/06\/\u0141\u00f3d\u017a40.png 4032w, https:\/\/ekb.org.pl\/ekb\/wp-content\/uploads\/2020\/06\/\u0141\u00f3d\u017a40-300x218.png 300w, https:\/\/ekb.org.pl\/ekb\/wp-content\/uploads\/2020\/06\/\u0141\u00f3d\u017a40-768x559.png 768w, https:\/\/ekb.org.pl\/ekb\/wp-content\/uploads\/2020\/06\/\u0141\u00f3d\u017a40-1024x746.png 1024w\" sizes=\"auto, (max-width: 4032px) 100vw, 4032px\" \/><\/a><\/p>\n<address>\u00a0<\/address>\n","protected":false},"excerpt":{"rendered":"<p>Firma Pinus z 30-letni\u0105 tradycj\u0105 produkuje okna i drzwi drewniane na indywidualne zam\u00f3wienie. Realizujemy stolark\u0119 drewnian\u0105 nietypowych projekt\u00f3w, dom\u00f3w jednorodzinnych, rezydencji, apartament\u00f3w oraz obiekt\u00f3w u\u017cyteczno\u015bci<\/p>\n","protected":false},"author":1,"featured_media":0,"parent":37,"menu_order":0,"comment_status":"closed","ping_status":"closed","template":"","meta":{"jetpack_post_was_ever_published":false,"footnotes":""},"class_list":["post-471","page","type-page","status-publish","hentry"],"jetpack_sharing_enabled":true,"jetpack_shortlink":"https:\/\/wp.me\/P2tJ5v-7B","_links":{"self":[{"href":"https:\/\/ekb.org.pl\/ekb\/wp-json\/wp\/v2\/pages\/471","targetHints":{"allow":["GET"]}}],"collection":[{"href":"https:\/\/ekb.org.pl\/ekb\/wp-json\/wp\/v2\/pages"}],"about":[{"href":"https:\/\/ekb.org.pl\/ekb\/wp-json\/wp\/v2\/types\/page"}],"author":[{"embeddable":true,"href":"https:\/\/ekb.org.pl\/ekb\/wp-json\/wp\/v2\/users\/1"}],"replies":[{"embeddable":true,"href":"https:\/\/ekb.org.pl\/ekb\/wp-json\/wp\/v2\/comments?post=471"}],"version-history":[{"count":12,"href":"https:\/\/ekb.org.pl\/ekb\/wp-json\/wp\/v2\/pages\/471\/revisions"}],"predecessor-version":[{"id":7460,"href":"https:\/\/ekb.org.pl\/ekb\/wp-json\/wp\/v2\/pages\/471\/revisions\/7460"}],"up":[{"embeddable":true,"href":"https:\/\/ekb.org.pl\/ekb\/wp-json\/wp\/v2\/pages\/37"}],"wp:attachment":[{"href":"https:\/\/ekb.org.pl\/ekb\/wp-json\/wp\/v2\/media?parent=471"}],"curies":[{"name":"wp","href":"https:\/\/api.w.org\/{rel}","templated":true}]}}