{"id":4173,"date":"2016-11-05T21:50:56","date_gmt":"2016-11-05T20:50:56","guid":{"rendered":"http:\/\/ekb.org.pl\/ekb\/?page_id=4173"},"modified":"2016-11-06T19:02:34","modified_gmt":"2016-11-06T18:02:34","slug":"jacek-ragus","status":"publish","type":"page","link":"https:\/\/ekb.org.pl\/ekb\/kapitula-nagrod\/laureaci-nagrod-europejskiego-klubu-biznesu-polska\/jacek-ragus\/","title":{"rendered":"Jacek Ragus"},"content":{"rendered":"<p><a href=\"http:\/\/ekb.org.pl\/ekb\/wp-content\/uploads\/2016\/11\/Ragus-plansza.jpg\" rel=\"lightbox[4173]\"><img loading=\"lazy\" decoding=\"async\" data-attachment-id=\"4174\" data-permalink=\"https:\/\/ekb.org.pl\/ekb\/kapitula-nagrod\/laureaci-nagrod-europejskiego-klubu-biznesu-polska\/jacek-ragus\/ragus-plansza\/\" data-orig-file=\"https:\/\/ekb.org.pl\/ekb\/wp-content\/uploads\/2016\/11\/Ragus-plansza.jpg\" data-orig-size=\"1440,1152\" data-comments-opened=\"0\" data-image-meta=\"{&quot;aperture&quot;:&quot;0&quot;,&quot;credit&quot;:&quot;&quot;,&quot;camera&quot;:&quot;&quot;,&quot;caption&quot;:&quot;&quot;,&quot;created_timestamp&quot;:&quot;0&quot;,&quot;copyright&quot;:&quot;&quot;,&quot;focal_length&quot;:&quot;0&quot;,&quot;iso&quot;:&quot;0&quot;,&quot;shutter_speed&quot;:&quot;0&quot;,&quot;title&quot;:&quot;&quot;,&quot;orientation&quot;:&quot;1&quot;}\" data-image-title=\"ragus-plansza\" data-image-description=\"\" data-image-caption=\"\" data-medium-file=\"https:\/\/ekb.org.pl\/ekb\/wp-content\/uploads\/2016\/11\/Ragus-plansza-300x240.jpg\" data-large-file=\"https:\/\/ekb.org.pl\/ekb\/wp-content\/uploads\/2016\/11\/Ragus-plansza-1024x819.jpg\" class=\"aligncenter size-full wp-image-4174\" src=\"http:\/\/ekb.org.pl\/ekb\/wp-content\/uploads\/2016\/11\/Ragus-plansza.jpg\" alt=\"ragus-plansza\" width=\"1440\" height=\"1152\" srcset=\"https:\/\/ekb.org.pl\/ekb\/wp-content\/uploads\/2016\/11\/Ragus-plansza.jpg 1440w, https:\/\/ekb.org.pl\/ekb\/wp-content\/uploads\/2016\/11\/Ragus-plansza-300x240.jpg 300w, https:\/\/ekb.org.pl\/ekb\/wp-content\/uploads\/2016\/11\/Ragus-plansza-768x614.jpg 768w, https:\/\/ekb.org.pl\/ekb\/wp-content\/uploads\/2016\/11\/Ragus-plansza-1024x819.jpg 1024w\" sizes=\"auto, (max-width: 1440px) 100vw, 1440px\" \/><\/a><\/p>\n<p style=\"text-align: justify;\">Pan Jacek Ragus\u00a0od pocz\u0105tku swojej dzia\u0142alno\u015bci zawodowej jest zwi\u0105zany z firm\u0105 rodzinn\u0105, kt\u00f3ra w 100% stanowi kapita\u0142 polski.\u00a0<strong>\u00a0 <\/strong>Przedsi\u0119biorstwo Poligraficzne J.M. Ragus funkcjonuje na rynku od ponad 45 lat. Specjalizacj\u0105 Przedsi\u0119biorstwa s\u0105 us\u0142ugi z zakresu druku offsetowego oraz wysoko przetworzonej obr\u00f3bki introligatorskiej. Pan Jacek Ragus stosuje w praktyce\u00a0 motto firmy:\u00a0&#8222;Wyobra\u017ania jest pocz\u0105tkiem tworzenia, produkcja drog\u0105 realizacji\u201d, co w praktyce oznacza, \u00a0\u017ce ka\u017cdy projekt jest mo\u017cliwy do zrealizowania, a wy\u0142\u0105cznie od wyobra\u017ani i zaanga\u017cowania zale\u017cy osi\u0105gni\u0119cie doskona\u0142o\u015bci w jego wytworzeniu. Z takim przes\u0142aniem nasz laureat kieruje firm\u0105 wyznaj\u0105c zasad\u0119, \u017ce ka\u017cdy pracownik ka\u017cdego dnia na ka\u017cdym stanowisku ma mo\u017cliwo\u015b\u0107 wdro\u017cenia cho\u0107by najmniejszego pomys\u0142u\u00a0 doskonal\u0105cego. Uznaj\u0105c, \u017ce najwa\u017cniejszy jest Klient i jego zadowolenie Firma pokazuje alternatywne pomys\u0142y prowadz\u0105ce do nowych rozwi\u0105za\u0144, kt\u00f3re nie tylko w pe\u0142ni zapewniaj\u0105 osi\u0105gni\u0119cie zamierzonego przez Klienta efektu, ale cz\u0119sto prowadz\u0105 do realizacji niejednokrotnie lepszej od Jego wyobra\u017ce\u0144. St\u0105d te\u017c bierze si\u0119 g\u0142\u00f3wny atut firmy jakim jest kompleksowo\u015b\u0107 realizowanych us\u0142ug poligraficznych. Pocz\u0105wszy od pomys\u0142u, projektu i sk\u0142adu graficznego poprzez impozycj\u0119 i produkcj\u0119 form drukowych oraz druk offsetowy, introligatorni\u0119, pakowanie, a\u017c po dostarczenie produktu bezpo\u015brednio do siedziby Klienta lub wskazanego miejsca docelowego. Firma ma mo\u017cliwo\u015b\u0107 kompleksowej obs\u0142ugi Klienta, oferuj\u0105c szerok\u0105 gam\u0119 produkt\u00f3w: ulotki, plakaty, foldery, broszury, ksi\u0105\u017cki, katalogi, kalendarze, teczki firmowe, notesy, wysoko przetworzone opakowania kartonowe, naklejki, papierowe torby reklamowe, standy, displaye, hangery, i inne. \u00a0Z grup\u0105 obecnych pracownik\u00f3w wdro\u017cone zosta\u0142y dotychczas 4 projekty unijne na warto\u015b\u0107 \u0142\u0105czn\u0105 3 700 000 z\u0142, a wyniki finansowe Firmy z roku na rok wzrastaj\u0105.<\/p>\n<figure id=\"attachment_4175\" aria-describedby=\"caption-attachment-4175\" style=\"width: 4282px\" class=\"wp-caption aligncenter\"><a href=\"http:\/\/ekb.org.pl\/ekb\/wp-content\/uploads\/2016\/11\/DSC_Ragus.jpg\" rel=\"lightbox[4173]\"><img loading=\"lazy\" decoding=\"async\" data-attachment-id=\"4175\" data-permalink=\"https:\/\/ekb.org.pl\/ekb\/kapitula-nagrod\/laureaci-nagrod-europejskiego-klubu-biznesu-polska\/jacek-ragus\/dsc_ragus\/\" data-orig-file=\"https:\/\/ekb.org.pl\/ekb\/wp-content\/uploads\/2016\/11\/DSC_Ragus.jpg\" data-orig-size=\"4282,2497\" data-comments-opened=\"0\" data-image-meta=\"{&quot;aperture&quot;:&quot;5.6&quot;,&quot;credit&quot;:&quot;&quot;,&quot;camera&quot;:&quot;NIKON D90&quot;,&quot;caption&quot;:&quot;&quot;,&quot;created_timestamp&quot;:&quot;1474739339&quot;,&quot;copyright&quot;:&quot;&quot;,&quot;focal_length&quot;:&quot;40&quot;,&quot;iso&quot;:&quot;800&quot;,&quot;shutter_speed&quot;:&quot;0.016666666666667&quot;,&quot;title&quot;:&quot;&quot;,&quot;orientation&quot;:&quot;1&quot;}\" data-image-title=\"Jacek Ragus odbiera nagrod\u0119\" data-image-description=\"\" data-image-caption=\"&lt;p&gt;Jacek Ragus odbiera nagrod\u0119&lt;\/p&gt;\n\" data-medium-file=\"https:\/\/ekb.org.pl\/ekb\/wp-content\/uploads\/2016\/11\/DSC_Ragus-300x175.jpg\" data-large-file=\"https:\/\/ekb.org.pl\/ekb\/wp-content\/uploads\/2016\/11\/DSC_Ragus-1024x597.jpg\" class=\"size-full wp-image-4175\" src=\"http:\/\/ekb.org.pl\/ekb\/wp-content\/uploads\/2016\/11\/DSC_Ragus.jpg\" alt=\"Jacek Ragus odbiera nagrod\u0119\" width=\"4282\" height=\"2497\" srcset=\"https:\/\/ekb.org.pl\/ekb\/wp-content\/uploads\/2016\/11\/DSC_Ragus.jpg 4282w, https:\/\/ekb.org.pl\/ekb\/wp-content\/uploads\/2016\/11\/DSC_Ragus-300x175.jpg 300w, https:\/\/ekb.org.pl\/ekb\/wp-content\/uploads\/2016\/11\/DSC_Ragus-768x448.jpg 768w, https:\/\/ekb.org.pl\/ekb\/wp-content\/uploads\/2016\/11\/DSC_Ragus-1024x597.jpg 1024w\" sizes=\"auto, (max-width: 4282px) 100vw, 4282px\" \/><\/a><figcaption id=\"caption-attachment-4175\" class=\"wp-caption-text\">Pan Jacek Ragus odbiera nagrod\u0119<\/figcaption><\/figure>\n<p><a href=\"http:\/\/ekb.org.pl\/ekb\/wp-content\/uploads\/2016\/11\/Certyfikaty-Ragus.jpg\" rel=\"lightbox[4173]\"><img loading=\"lazy\" decoding=\"async\" data-attachment-id=\"4176\" data-permalink=\"https:\/\/ekb.org.pl\/ekb\/kapitula-nagrod\/laureaci-nagrod-europejskiego-klubu-biznesu-polska\/jacek-ragus\/certyfikaty-ragus\/\" data-orig-file=\"https:\/\/ekb.org.pl\/ekb\/wp-content\/uploads\/2016\/11\/Certyfikaty-Ragus.jpg\" data-orig-size=\"2352,3312\" data-comments-opened=\"0\" data-image-meta=\"{&quot;aperture&quot;:&quot;0&quot;,&quot;credit&quot;:&quot;&quot;,&quot;camera&quot;:&quot;&quot;,&quot;caption&quot;:&quot;&quot;,&quot;created_timestamp&quot;:&quot;1474104376&quot;,&quot;copyright&quot;:&quot;&quot;,&quot;focal_length&quot;:&quot;0&quot;,&quot;iso&quot;:&quot;0&quot;,&quot;shutter_speed&quot;:&quot;0&quot;,&quot;title&quot;:&quot;&quot;,&quot;orientation&quot;:&quot;0&quot;}\" data-image-title=\"certyfikaty-ragus\" data-image-description=\"\" data-image-caption=\"\" data-medium-file=\"https:\/\/ekb.org.pl\/ekb\/wp-content\/uploads\/2016\/11\/Certyfikaty-Ragus-213x300.jpg\" data-large-file=\"https:\/\/ekb.org.pl\/ekb\/wp-content\/uploads\/2016\/11\/Certyfikaty-Ragus-727x1024.jpg\" class=\"aligncenter size-full wp-image-4176\" src=\"http:\/\/ekb.org.pl\/ekb\/wp-content\/uploads\/2016\/11\/Certyfikaty-Ragus.jpg\" alt=\"certyfikaty-ragus\" width=\"2352\" height=\"3312\" srcset=\"https:\/\/ekb.org.pl\/ekb\/wp-content\/uploads\/2016\/11\/Certyfikaty-Ragus.jpg 2352w, https:\/\/ekb.org.pl\/ekb\/wp-content\/uploads\/2016\/11\/Certyfikaty-Ragus-213x300.jpg 213w, https:\/\/ekb.org.pl\/ekb\/wp-content\/uploads\/2016\/11\/Certyfikaty-Ragus-768x1081.jpg 768w, https:\/\/ekb.org.pl\/ekb\/wp-content\/uploads\/2016\/11\/Certyfikaty-Ragus-727x1024.jpg 727w\" sizes=\"auto, (max-width: 2352px) 100vw, 2352px\" \/><\/a><\/p>\n<p>&nbsp;<\/p>\n","protected":false},"excerpt":{"rendered":"<p>Pan Jacek Ragus\u00a0od pocz\u0105tku swojej dzia\u0142alno\u015bci zawodowej jest zwi\u0105zany z firm\u0105 rodzinn\u0105, kt\u00f3ra w 100% stanowi kapita\u0142 polski.\u00a0\u00a0 Przedsi\u0119biorstwo Poligraficzne J.M. Ragus funkcjonuje na rynku<\/p>\n","protected":false},"author":1,"featured_media":0,"parent":3848,"menu_order":0,"comment_status":"closed","ping_status":"closed","template":"","meta":{"jetpack_post_was_ever_published":false,"footnotes":""},"class_list":["post-4173","page","type-page","status-publish","hentry"],"jetpack_sharing_enabled":true,"jetpack_shortlink":"https:\/\/wp.me\/P2tJ5v-15j","_links":{"self":[{"href":"https:\/\/ekb.org.pl\/ekb\/wp-json\/wp\/v2\/pages\/4173","targetHints":{"allow":["GET"]}}],"collection":[{"href":"https:\/\/ekb.org.pl\/ekb\/wp-json\/wp\/v2\/pages"}],"about":[{"href":"https:\/\/ekb.org.pl\/ekb\/wp-json\/wp\/v2\/types\/page"}],"author":[{"embeddable":true,"href":"https:\/\/ekb.org.pl\/ekb\/wp-json\/wp\/v2\/users\/1"}],"replies":[{"embeddable":true,"href":"https:\/\/ekb.org.pl\/ekb\/wp-json\/wp\/v2\/comments?post=4173"}],"version-history":[{"count":3,"href":"https:\/\/ekb.org.pl\/ekb\/wp-json\/wp\/v2\/pages\/4173\/revisions"}],"predecessor-version":[{"id":4225,"href":"https:\/\/ekb.org.pl\/ekb\/wp-json\/wp\/v2\/pages\/4173\/revisions\/4225"}],"up":[{"embeddable":true,"href":"https:\/\/ekb.org.pl\/ekb\/wp-json\/wp\/v2\/pages\/3848"}],"wp:attachment":[{"href":"https:\/\/ekb.org.pl\/ekb\/wp-json\/wp\/v2\/media?parent=4173"}],"curies":[{"name":"wp","href":"https:\/\/api.w.org\/{rel}","templated":true}]}}