{"id":4149,"date":"2016-11-05T19:50:16","date_gmt":"2016-11-05T18:50:16","guid":{"rendered":"http:\/\/ekb.org.pl\/ekb\/?page_id=4149"},"modified":"2016-11-06T19:05:09","modified_gmt":"2016-11-06T18:05:09","slug":"tadeusz-wrzesniak","status":"publish","type":"page","link":"https:\/\/ekb.org.pl\/ekb\/kapitula-nagrod\/laureaci-nagrod-europejskiego-klubu-biznesu-polska\/tadeusz-wrzesniak\/","title":{"rendered":"Tadeusz Wrze\u015bniak"},"content":{"rendered":"<p><a href=\"http:\/\/ekb.org.pl\/ekb\/wp-content\/uploads\/2016\/11\/TadeuszWrzesniak-plansza.jpg\" rel=\"lightbox[4149]\"><img loading=\"lazy\" decoding=\"async\" data-attachment-id=\"4150\" data-permalink=\"https:\/\/ekb.org.pl\/ekb\/kapitula-nagrod\/laureaci-nagrod-europejskiego-klubu-biznesu-polska\/tadeusz-wrzesniak\/tadeuszwrzesniak-plansza\/\" data-orig-file=\"https:\/\/ekb.org.pl\/ekb\/wp-content\/uploads\/2016\/11\/TadeuszWrzesniak-plansza.jpg\" data-orig-size=\"1440,1152\" data-comments-opened=\"0\" data-image-meta=\"{&quot;aperture&quot;:&quot;0&quot;,&quot;credit&quot;:&quot;&quot;,&quot;camera&quot;:&quot;&quot;,&quot;caption&quot;:&quot;&quot;,&quot;created_timestamp&quot;:&quot;0&quot;,&quot;copyright&quot;:&quot;&quot;,&quot;focal_length&quot;:&quot;0&quot;,&quot;iso&quot;:&quot;0&quot;,&quot;shutter_speed&quot;:&quot;0&quot;,&quot;title&quot;:&quot;&quot;,&quot;orientation&quot;:&quot;1&quot;}\" data-image-title=\"tadeuszwrzesniak-plansza\" data-image-description=\"\" data-image-caption=\"\" data-medium-file=\"https:\/\/ekb.org.pl\/ekb\/wp-content\/uploads\/2016\/11\/TadeuszWrzesniak-plansza-300x240.jpg\" data-large-file=\"https:\/\/ekb.org.pl\/ekb\/wp-content\/uploads\/2016\/11\/TadeuszWrzesniak-plansza-1024x819.jpg\" class=\"aligncenter size-large wp-image-4150\" src=\"http:\/\/ekb.org.pl\/ekb\/wp-content\/uploads\/2016\/11\/TadeuszWrzesniak-plansza-1024x819.jpg\" alt=\"tadeuszwrzesniak-plansza\" width=\"783\" height=\"626\" srcset=\"https:\/\/ekb.org.pl\/ekb\/wp-content\/uploads\/2016\/11\/TadeuszWrzesniak-plansza-1024x819.jpg 1024w, https:\/\/ekb.org.pl\/ekb\/wp-content\/uploads\/2016\/11\/TadeuszWrzesniak-plansza-300x240.jpg 300w, https:\/\/ekb.org.pl\/ekb\/wp-content\/uploads\/2016\/11\/TadeuszWrzesniak-plansza-768x614.jpg 768w, https:\/\/ekb.org.pl\/ekb\/wp-content\/uploads\/2016\/11\/TadeuszWrzesniak-plansza.jpg 1440w\" sizes=\"auto, (max-width: 783px) 100vw, 783px\" \/><\/a><\/p>\n<p style=\"text-align: justify;\">Pan Tadeusz Wrze\u015bniak jest tw\u00f3rc\u0105 grupy hut szk\u0142a Wrze\u015bniak Glassworks zlokalizowanych na terenie ca\u0142ej Polski. Tadeusz Wrze\u015bniak jest obecnie najwi\u0119kszym polskim producentem szk\u0142a u\u017cytkowego i ozdobnego najwy\u017cszej jako\u015bci i zarazem najwi\u0119kszym w Europie.\u00a0 Co roku w jego hutach powstaje wiele wspania\u0142ych kolekcji, kt\u00f3re s\u0105 prezentowane na mi\u0119dzynarodowych targach Ambiente i Tendence we Frankfurcie n Menem. Wyroby sygnowane jego nazwiskiem s\u0105 wysoko cenione i trafiaj\u0105 do odbiorc\u00f3w na ca\u0142ym \u015bwiecie. Huta produkuje szeroki asortyment zar\u00f3wno szk\u0142a dekoracyjnego (wazony, kielichy dekoracyjne, \u015bwieczniki) jak i szk\u0142a sto\u0142owego (kieliszki, dzbanki, salatery), bezbarwnego i kolorowego oraz we wszystkich mo\u017cliwych wielko\u015bciach \u2013 od najmniejszych szklaneczek do produkt\u00f3w XXL. Huta otwarta jest na nowe, innowacyjne pomys\u0142y i projekty oraz pod\u0105\u017ca za oczekiwaniami nawet najbardziej wymagaj\u0105cych klient\u00f3w. Poprzez wielo\u015b\u0107 dost\u0119pnych technik malowania i zdobienia wci\u0105\u017c poszerza swoj\u0105 ofert\u0119. Klient mo\u017ce korzysta\u0107 z tysi\u0119cy unikalnych wzor\u00f3w i projekt\u00f3w oferowanych przez przedsi\u0119biorstwo, ale te\u017c mo\u017ce zleci\u0107 realizacj\u0119 w\u0142asnego pomys\u0142u w oparciu o rad\u0119 i techniczne wsparcie wysoko wykwalifikowanych pracownik\u00f3w huty. Tadeusz Wrze\u015bniak w pe\u0142ni uosabia idee\u00a0 Europejskiego Klubu Biznesu Polska \u2013 \u0142\u0105czy biznes z dzia\u0142alno\u015bci\u0105 na rzecz lokalnej spo\u0142eczno\u015bci.<\/p>\n<p style=\"text-align: justify;\">\n<p style=\"text-align: justify;\"><a href=\"http:\/\/ekb.org.pl\/ekb\/wp-content\/uploads\/2016\/11\/Certyfikaty-T.Wrze\u015bniak.jpg\" rel=\"lightbox[4149]\"><img loading=\"lazy\" decoding=\"async\" data-attachment-id=\"4157\" data-permalink=\"https:\/\/ekb.org.pl\/ekb\/kapitula-nagrod\/laureaci-nagrod-europejskiego-klubu-biznesu-polska\/tadeusz-wrzesniak\/certyfikaty-t-wrzesniak\/\" data-orig-file=\"https:\/\/ekb.org.pl\/ekb\/wp-content\/uploads\/2016\/11\/Certyfikaty-T.Wrze\u015bniak.jpg\" data-orig-size=\"2344,3320\" data-comments-opened=\"0\" data-image-meta=\"{&quot;aperture&quot;:&quot;0&quot;,&quot;credit&quot;:&quot;&quot;,&quot;camera&quot;:&quot;&quot;,&quot;caption&quot;:&quot;&quot;,&quot;created_timestamp&quot;:&quot;1474104472&quot;,&quot;copyright&quot;:&quot;&quot;,&quot;focal_length&quot;:&quot;0&quot;,&quot;iso&quot;:&quot;0&quot;,&quot;shutter_speed&quot;:&quot;0&quot;,&quot;title&quot;:&quot;&quot;,&quot;orientation&quot;:&quot;0&quot;}\" data-image-title=\"certyfikaty-t-wrzesniak\" data-image-description=\"\" data-image-caption=\"\" data-medium-file=\"https:\/\/ekb.org.pl\/ekb\/wp-content\/uploads\/2016\/11\/Certyfikaty-T.Wrze\u015bniak-212x300.jpg\" data-large-file=\"https:\/\/ekb.org.pl\/ekb\/wp-content\/uploads\/2016\/11\/Certyfikaty-T.Wrze\u015bniak-723x1024.jpg\" class=\"aligncenter size-full wp-image-4157\" src=\"http:\/\/ekb.org.pl\/ekb\/wp-content\/uploads\/2016\/11\/Certyfikaty-T.Wrze\u015bniak.jpg\" alt=\"certyfikaty-t-wrzesniak\" width=\"2344\" height=\"3320\" srcset=\"https:\/\/ekb.org.pl\/ekb\/wp-content\/uploads\/2016\/11\/Certyfikaty-T.Wrze\u015bniak.jpg 2344w, https:\/\/ekb.org.pl\/ekb\/wp-content\/uploads\/2016\/11\/Certyfikaty-T.Wrze\u015bniak-212x300.jpg 212w, https:\/\/ekb.org.pl\/ekb\/wp-content\/uploads\/2016\/11\/Certyfikaty-T.Wrze\u015bniak-768x1088.jpg 768w, https:\/\/ekb.org.pl\/ekb\/wp-content\/uploads\/2016\/11\/Certyfikaty-T.Wrze\u015bniak-723x1024.jpg 723w\" sizes=\"auto, (max-width: 2344px) 100vw, 2344px\" \/><\/a><\/p>\n","protected":false},"excerpt":{"rendered":"<p>Pan Tadeusz Wrze\u015bniak jest tw\u00f3rc\u0105 grupy hut szk\u0142a Wrze\u015bniak Glassworks zlokalizowanych na terenie ca\u0142ej Polski. Tadeusz Wrze\u015bniak jest obecnie najwi\u0119kszym polskim producentem szk\u0142a u\u017cytkowego i<\/p>\n","protected":false},"author":1,"featured_media":0,"parent":3848,"menu_order":0,"comment_status":"closed","ping_status":"closed","template":"","meta":{"jetpack_post_was_ever_published":false,"footnotes":""},"class_list":["post-4149","page","type-page","status-publish","hentry"],"jetpack_sharing_enabled":true,"jetpack_shortlink":"https:\/\/wp.me\/P2tJ5v-14V","_links":{"self":[{"href":"https:\/\/ekb.org.pl\/ekb\/wp-json\/wp\/v2\/pages\/4149","targetHints":{"allow":["GET"]}}],"collection":[{"href":"https:\/\/ekb.org.pl\/ekb\/wp-json\/wp\/v2\/pages"}],"about":[{"href":"https:\/\/ekb.org.pl\/ekb\/wp-json\/wp\/v2\/types\/page"}],"author":[{"embeddable":true,"href":"https:\/\/ekb.org.pl\/ekb\/wp-json\/wp\/v2\/users\/1"}],"replies":[{"embeddable":true,"href":"https:\/\/ekb.org.pl\/ekb\/wp-json\/wp\/v2\/comments?post=4149"}],"version-history":[{"count":4,"href":"https:\/\/ekb.org.pl\/ekb\/wp-json\/wp\/v2\/pages\/4149\/revisions"}],"predecessor-version":[{"id":4227,"href":"https:\/\/ekb.org.pl\/ekb\/wp-json\/wp\/v2\/pages\/4149\/revisions\/4227"}],"up":[{"embeddable":true,"href":"https:\/\/ekb.org.pl\/ekb\/wp-json\/wp\/v2\/pages\/3848"}],"wp:attachment":[{"href":"https:\/\/ekb.org.pl\/ekb\/wp-json\/wp\/v2\/media?parent=4149"}],"curies":[{"name":"wp","href":"https:\/\/api.w.org\/{rel}","templated":true}]}}