{"id":372,"date":"2012-08-28T06:30:12","date_gmt":"2012-08-28T04:30:12","guid":{"rendered":"http:\/\/ekb.org.pl\/ekb\/?page_id=372"},"modified":"2016-03-19T15:17:31","modified_gmt":"2016-03-19T14:17:31","slug":"stanislaw-marchewka","status":"publish","type":"page","link":"https:\/\/ekb.org.pl\/ekb\/ogloszenia\/stanislaw-marchewka\/","title":{"rendered":"Marchewka"},"content":{"rendered":"<p>&nbsp;<\/p>\n<p><a href=\"http:\/\/ekb.org.pl\/ekb\/wp-content\/uploads\/2012\/08\/logomarchewkaduzy.jpg\" rel=\"attachment wp-att-3306\" rel=\"lightbox[372]\"><img loading=\"lazy\" decoding=\"async\" data-attachment-id=\"3306\" data-permalink=\"https:\/\/ekb.org.pl\/ekb\/ogloszenia\/stanislaw-marchewka\/logomarchewkaduzy\/\" data-orig-file=\"https:\/\/ekb.org.pl\/ekb\/wp-content\/uploads\/2012\/08\/logomarchewkaduzy.jpg\" data-orig-size=\"785,265\" data-comments-opened=\"0\" data-image-meta=\"{&quot;aperture&quot;:&quot;0&quot;,&quot;credit&quot;:&quot;&quot;,&quot;camera&quot;:&quot;&quot;,&quot;caption&quot;:&quot;&quot;,&quot;created_timestamp&quot;:&quot;0&quot;,&quot;copyright&quot;:&quot;&quot;,&quot;focal_length&quot;:&quot;0&quot;,&quot;iso&quot;:&quot;0&quot;,&quot;shutter_speed&quot;:&quot;0&quot;,&quot;title&quot;:&quot;&quot;,&quot;orientation&quot;:&quot;1&quot;}\" data-image-title=\"logomarchewkaduzy\" data-image-description=\"\" data-image-caption=\"\" data-medium-file=\"https:\/\/ekb.org.pl\/ekb\/wp-content\/uploads\/2012\/08\/logomarchewkaduzy-300x101.jpg\" data-large-file=\"https:\/\/ekb.org.pl\/ekb\/wp-content\/uploads\/2012\/08\/logomarchewkaduzy.jpg\" class=\"aligncenter size-full wp-image-3306\" src=\"http:\/\/ekb.org.pl\/ekb\/wp-content\/uploads\/2012\/08\/logomarchewkaduzy.jpg\" alt=\"logomarchewkaduzy\" width=\"785\" height=\"265\" srcset=\"https:\/\/ekb.org.pl\/ekb\/wp-content\/uploads\/2012\/08\/logomarchewkaduzy.jpg 785w, https:\/\/ekb.org.pl\/ekb\/wp-content\/uploads\/2012\/08\/logomarchewkaduzy-300x101.jpg 300w, https:\/\/ekb.org.pl\/ekb\/wp-content\/uploads\/2012\/08\/logomarchewkaduzy-768x259.jpg 768w, https:\/\/ekb.org.pl\/ekb\/wp-content\/uploads\/2012\/08\/logomarchewkaduzy-60x20.jpg 60w\" sizes=\"auto, (max-width: 785px) 100vw, 785px\" \/><\/a><\/p>\n<p><a href=\"http:\/\/ekb.org.pl\/ekb\/wp-content\/uploads\/2012\/08\/images.jpg\" rel=\"lightbox[372]\"><img loading=\"lazy\" decoding=\"async\" data-attachment-id=\"1886\" data-permalink=\"https:\/\/ekb.org.pl\/ekb\/ogloszenia\/stanislaw-marchewka\/images\/\" data-orig-file=\"https:\/\/ekb.org.pl\/ekb\/wp-content\/uploads\/2012\/08\/images.jpg\" data-orig-size=\"278,181\" data-comments-opened=\"0\" data-image-meta=\"{&quot;aperture&quot;:&quot;0&quot;,&quot;credit&quot;:&quot;&quot;,&quot;camera&quot;:&quot;&quot;,&quot;caption&quot;:&quot;&quot;,&quot;created_timestamp&quot;:&quot;0&quot;,&quot;copyright&quot;:&quot;&quot;,&quot;focal_length&quot;:&quot;0&quot;,&quot;iso&quot;:&quot;0&quot;,&quot;shutter_speed&quot;:&quot;0&quot;,&quot;title&quot;:&quot;&quot;}\" data-image-title=\"images\" data-image-description=\"\" data-image-caption=\"\" data-medium-file=\"https:\/\/ekb.org.pl\/ekb\/wp-content\/uploads\/2012\/08\/images.jpg\" data-large-file=\"https:\/\/ekb.org.pl\/ekb\/wp-content\/uploads\/2012\/08\/images.jpg\" class=\"aligncenter size-full wp-image-1886\" src=\"http:\/\/ekb.org.pl\/ekb\/wp-content\/uploads\/2012\/08\/images.jpg\" alt=\"images\" width=\"278\" height=\"181\" srcset=\"https:\/\/ekb.org.pl\/ekb\/wp-content\/uploads\/2012\/08\/images.jpg 278w, https:\/\/ekb.org.pl\/ekb\/wp-content\/uploads\/2012\/08\/images-60x39.jpg 60w\" sizes=\"auto, (max-width: 278px) 100vw, 278px\" \/><\/a><\/p>\n<p style=\"text-align: justify;\">Oferuj\u0105c Pa\u0144stwu schody i pod\u0142ogi oraz chc\u0105c spe\u0142ni\u0107 oczekiwania, stawiam sobie i swoim pracownikom wysokie wymagania oraz nieustannie wyznaczam nowe cele i zadania. \u0141\u0105cz\u0105c sztuk\u0119 u\u017cytkow\u0105 schod\u00f3w z naturalnymi walorami wn\u0119trza, kreuj\u0119 unikaln\u0105 przestrze\u0144, a indywidualna realizacja ka\u017cdego projektu, sprawia, \u017ce staj\u0105 si\u0119 one niepowtarzalnym meblem u\u017cytkowym. Dope\u0142nieniem tak zaprojektowanych schod\u00f3w jest oryginalna pod\u0142oga, kt\u00f3ra doskonale podkre\u015bla charakter i dodatkowo eksponuje ich pi\u0119kno. Dbaj\u0105c o jako\u015b\u0107 materia\u0142\u00f3w i precyzj\u0119 wykonania stawiam sobie za cel sukcesy oraz rozpoznawalno\u015b\u0107 na europejskim i \u015bwiatowym rynku. Dok\u0142adam wszelkich stara\u0144, by moje wyroby, scala\u0142a kunsztowna forma, elegancja i funkcjonalno\u015b\u0107, by ich jako\u015b\u0107 przek\u0142ada\u0142a si\u0119 na uznanie polskich oraz zagranicznych Klient\u00f3w.<\/p>\n<p>Serdecznie zapraszam do wsp\u00f3\u0142pracy .<\/p>\n<p>Stanis\u0142aw Marchewka<\/p>\n<p>***<\/p>\n<p><strong>SCHODY:<\/strong><\/p>\n<p>Stylowe i nowoczesne<br \/>\nProjekt i realizacja na indywidualne zam\u00f3wienie<\/p>\n<p><strong>DESKA POD\u0141OGOWA:<\/strong><br \/>\nR\u00f3wnie\u017c na ogrzewanie pod\u0142ogowe<br \/>\nD\u0142ugo\u015b\u0107: do 9 mb<br \/>\nSzeroko\u015b\u0107: od 16 do 35 cm<br \/>\nGrubo\u015b\u0107: 2 cm<\/p>\n<p><strong>WN\u0118TRZA:<\/strong><br \/>\nProjekt i realizacja na indywidualne zam\u00f3wienie<br \/>\nDrewno krajowe lub egzotyczne<\/p>\n<p><strong>Stanis\u0142aw Marchewka \u2013 MARCHEWKA<\/strong><br \/>\nPiotrowice 125, 55-311 Kostom\u0142oty<br \/>\n<a href=\"mailto:schody@marchewka.pl\">schody@marchewka.pl<\/a><br \/>\n<a href=\"http:\/\/www.marchewka.pl\/\" target=\"_blank\">www.marchewka.pl<\/a><\/p>\n<p><a href=\"http:\/\/ekb.org.pl\/ekb\/wp-content\/uploads\/2012\/08\/images-2.jpg\" rel=\"lightbox[372]\"><img loading=\"lazy\" decoding=\"async\" data-attachment-id=\"1895\" data-permalink=\"https:\/\/ekb.org.pl\/ekb\/ogloszenia\/stanislaw-marchewka\/images-2\/\" data-orig-file=\"https:\/\/ekb.org.pl\/ekb\/wp-content\/uploads\/2012\/08\/images-2.jpg\" data-orig-size=\"183,275\" data-comments-opened=\"0\" data-image-meta=\"{&quot;aperture&quot;:&quot;0&quot;,&quot;credit&quot;:&quot;&quot;,&quot;camera&quot;:&quot;&quot;,&quot;caption&quot;:&quot;&quot;,&quot;created_timestamp&quot;:&quot;0&quot;,&quot;copyright&quot;:&quot;&quot;,&quot;focal_length&quot;:&quot;0&quot;,&quot;iso&quot;:&quot;0&quot;,&quot;shutter_speed&quot;:&quot;0&quot;,&quot;title&quot;:&quot;&quot;}\" data-image-title=\"images (2)\" data-image-description=\"\" data-image-caption=\"\" data-medium-file=\"https:\/\/ekb.org.pl\/ekb\/wp-content\/uploads\/2012\/08\/images-2.jpg\" data-large-file=\"https:\/\/ekb.org.pl\/ekb\/wp-content\/uploads\/2012\/08\/images-2.jpg\" class=\"aligncenter size-full wp-image-1895\" src=\"http:\/\/ekb.org.pl\/ekb\/wp-content\/uploads\/2012\/08\/images-2.jpg\" alt=\"images (2)\" width=\"183\" height=\"275\" srcset=\"https:\/\/ekb.org.pl\/ekb\/wp-content\/uploads\/2012\/08\/images-2.jpg 183w, https:\/\/ekb.org.pl\/ekb\/wp-content\/uploads\/2012\/08\/images-2-60x90.jpg 60w\" sizes=\"auto, (max-width: 183px) 100vw, 183px\" \/><\/a><\/p>\n","protected":false},"excerpt":{"rendered":"<p>&nbsp; Oferuj\u0105c Pa\u0144stwu schody i pod\u0142ogi oraz chc\u0105c spe\u0142ni\u0107 oczekiwania, stawiam sobie i swoim pracownikom wysokie wymagania oraz nieustannie wyznaczam nowe cele i zadania. \u0141\u0105cz\u0105c<\/p>\n","protected":false},"author":1,"featured_media":0,"parent":37,"menu_order":0,"comment_status":"closed","ping_status":"closed","template":"","meta":{"jetpack_post_was_ever_published":false,"footnotes":""},"class_list":["post-372","page","type-page","status-publish","hentry"],"jetpack_sharing_enabled":true,"jetpack_shortlink":"https:\/\/wp.me\/P2tJ5v-60","_links":{"self":[{"href":"https:\/\/ekb.org.pl\/ekb\/wp-json\/wp\/v2\/pages\/372","targetHints":{"allow":["GET"]}}],"collection":[{"href":"https:\/\/ekb.org.pl\/ekb\/wp-json\/wp\/v2\/pages"}],"about":[{"href":"https:\/\/ekb.org.pl\/ekb\/wp-json\/wp\/v2\/types\/page"}],"author":[{"embeddable":true,"href":"https:\/\/ekb.org.pl\/ekb\/wp-json\/wp\/v2\/users\/1"}],"replies":[{"embeddable":true,"href":"https:\/\/ekb.org.pl\/ekb\/wp-json\/wp\/v2\/comments?post=372"}],"version-history":[{"count":13,"href":"https:\/\/ekb.org.pl\/ekb\/wp-json\/wp\/v2\/pages\/372\/revisions"}],"predecessor-version":[{"id":3302,"href":"https:\/\/ekb.org.pl\/ekb\/wp-json\/wp\/v2\/pages\/372\/revisions\/3302"}],"up":[{"embeddable":true,"href":"https:\/\/ekb.org.pl\/ekb\/wp-json\/wp\/v2\/pages\/37"}],"wp:attachment":[{"href":"https:\/\/ekb.org.pl\/ekb\/wp-json\/wp\/v2\/media?parent=372"}],"curies":[{"name":"wp","href":"https:\/\/api.w.org\/{rel}","templated":true}]}}