{"id":299,"date":"2012-05-05T11:33:58","date_gmt":"2012-05-05T09:33:58","guid":{"rendered":"http:\/\/ekb.org.pl\/ekb\/?page_id=299"},"modified":"2018-10-15T20:45:30","modified_gmt":"2018-10-15T18:45:30","slug":"wniosek-o-przyznanie-nagrody","status":"publish","type":"page","link":"https:\/\/ekb.org.pl\/ekb\/wniosek-o-przyznanie-nagrody\/","title":{"rendered":"Wniosek o przyznanie nagrody &#8211; aby wydrukowa\u0107 prosz\u0119 klikn\u0105\u0107 na poni\u017csz\u0105 stron\u0119 wniosku."},"content":{"rendered":"<p><a href=\"http:\/\/ekb.org.pl\/ekb\/wp-content\/uploads\/2018\/10\/wniosek-o-przyznanie-nagrody-EKB-v4.pdf\"><img loading=\"lazy\" decoding=\"async\" data-attachment-id=\"2590\" data-permalink=\"https:\/\/ekb.org.pl\/ekb\/wniosek-o-przyznanie-nagrody\/wniosek-v2\/\" data-orig-file=\"https:\/\/ekb.org.pl\/ekb\/wp-content\/uploads\/2015\/05\/wniosek-v2.png\" data-orig-size=\"763,1079\" data-comments-opened=\"0\" data-image-meta=\"{&quot;aperture&quot;:&quot;0&quot;,&quot;credit&quot;:&quot;&quot;,&quot;camera&quot;:&quot;&quot;,&quot;caption&quot;:&quot;&quot;,&quot;created_timestamp&quot;:&quot;0&quot;,&quot;copyright&quot;:&quot;&quot;,&quot;focal_length&quot;:&quot;0&quot;,&quot;iso&quot;:&quot;0&quot;,&quot;shutter_speed&quot;:&quot;0&quot;,&quot;title&quot;:&quot;&quot;,&quot;orientation&quot;:&quot;0&quot;}\" data-image-title=\"wniosek\" data-image-description=\"\" data-image-caption=\"\" data-medium-file=\"https:\/\/ekb.org.pl\/ekb\/wp-content\/uploads\/2015\/05\/wniosek-v2-212x300.png\" data-large-file=\"https:\/\/ekb.org.pl\/ekb\/wp-content\/uploads\/2015\/05\/wniosek-v2-724x1024.png\" class=\"aligncenter size-large wp-image-2590\" src=\"http:\/\/ekb.org.pl\/ekb\/wp-content\/uploads\/2016\/10\/wniosek-v3a.png\" alt=\"wniosek\" width=\"506\" height=\"716\" \/><\/a><\/p>\n","protected":false},"excerpt":{"rendered":"","protected":false},"author":1,"featured_media":0,"parent":0,"menu_order":0,"comment_status":"closed","ping_status":"closed","template":"","meta":{"jetpack_post_was_ever_published":false,"footnotes":""},"class_list":["post-299","page","type-page","status-publish","hentry"],"jetpack_sharing_enabled":true,"jetpack_shortlink":"https:\/\/wp.me\/P2tJ5v-4P","_links":{"self":[{"href":"https:\/\/ekb.org.pl\/ekb\/wp-json\/wp\/v2\/pages\/299","targetHints":{"allow":["GET"]}}],"collection":[{"href":"https:\/\/ekb.org.pl\/ekb\/wp-json\/wp\/v2\/pages"}],"about":[{"href":"https:\/\/ekb.org.pl\/ekb\/wp-json\/wp\/v2\/types\/page"}],"author":[{"embeddable":true,"href":"https:\/\/ekb.org.pl\/ekb\/wp-json\/wp\/v2\/users\/1"}],"replies":[{"embeddable":true,"href":"https:\/\/ekb.org.pl\/ekb\/wp-json\/wp\/v2\/comments?post=299"}],"version-history":[{"count":16,"href":"https:\/\/ekb.org.pl\/ekb\/wp-json\/wp\/v2\/pages\/299\/revisions"}],"predecessor-version":[{"id":6082,"href":"https:\/\/ekb.org.pl\/ekb\/wp-json\/wp\/v2\/pages\/299\/revisions\/6082"}],"wp:attachment":[{"href":"https:\/\/ekb.org.pl\/ekb\/wp-json\/wp\/v2\/media?parent=299"}],"curies":[{"name":"wp","href":"https:\/\/api.w.org\/{rel}","templated":true}]}}