{"id":295,"date":"2014-02-05T11:32:41","date_gmt":"2014-02-05T10:32:41","guid":{"rendered":"http:\/\/ekb.org.pl\/ekb\/?page_id=295"},"modified":"2024-09-05T15:41:03","modified_gmt":"2024-09-05T13:41:03","slug":"kapitula-nagrod","status":"publish","type":"page","link":"https:\/\/ekb.org.pl\/ekb\/kapitula-nagrod\/","title":{"rendered":"Kapitu\u0142a Nagr\u00f3d"},"content":{"rendered":"<p style=\"margin: 0cm; margin-bottom: .0001pt;\"><u>Przewodnicz\u0105ca<\/u><\/p>\n<p style=\"margin: 0cm; margin-bottom: .0001pt;\"><strong>Profesor dr hab. El\u017cbieta M\u0105czy\u0144ska<\/strong><\/p>\n<p style=\"margin: 0cm; margin-bottom: .0001pt;\"><em>Honorowy Prezes Polskiego Towarzystwa Ekonomicznego<\/em><br \/>\n<em>Cz\u0142onek Narodowej Rady Rozwoju<\/em><br \/>\n<em>Cz\u0142onek Rady Naukowej\u00a0Instytutu Nauk Ekonomicznych PAN\u00a0 \u00a0 \u00a0 \u00a0 \u00a0 \u00a0 \u00a0<\/em><\/p>\n<p style=\"margin: 0cm; margin-bottom: .0001pt;\"><em>Cz\u0142onek Komitetu Nauk Ekonomicznych PAN\u00a0 \u00a0 \u00a0 \u00a0 \u00a0 \u00a0 \u00a0 \u00a0 \u00a0 \u00a0 \u00a0 \u00a0 \u00a0 \u00a0 \u00a0 \u00a0 \u00a0 \u00a0 \u00a0 \u00a0<\/em><\/p>\n<p style=\"margin: 0cm; margin-bottom: .0001pt;\"><em>Pracownik naukowo \u2013 dydaktyczny w Kolegium Nauk o Przedsi\u0119biorstwie Szko\u0142y G\u0142\u00f3wnej Handlowej w Warszawie<\/em><\/p>\n<p>&nbsp;<\/p>\n<p><span style=\"text-decoration: underline;\">Sekretarz<\/span><br \/>\n<strong>Janusz Janicki<\/strong><br \/>\n<em>Dyrektor Biura Zarz\u0105du Europejskiego Klubu Biznesu Polska<\/em><\/p>\n<p style=\"text-align: justify;\"><span style=\"text-decoration: underline;\">Cz\u0142onkowie<\/span><br \/>\n<strong>\u017baneta Berus<\/strong><br \/>\n<em>Prezes firmy IN2Win Business Consulting<\/em><\/p>\n<p style=\"text-align: justify;\"><strong>Janusz Cie\u015blak<\/strong><br \/>\n<em>Prezes Europejskiego Klubu Biznesu Polska<\/em><\/p>\n<p style=\"text-align: justify;\"><strong>Profesor dr hab. n. med. Marek Durlik<\/strong><br \/>\n<em>Kierownik Kliniki Chirurgii Gastroenterologicznej i Transplantologii\u00a0 Pa\u0144stwowego Instytutu Medycznego MSWiA\u00a0 w Warszawie<\/em><\/p>\n<p style=\"text-align: justify;\"><strong>Dr hab. Krzysztof Kalicki<\/strong><br \/>\n<em>Wiceprzewodnicz\u0105cy Rady Nadzorczej Deutsche Bank Polska, Profesor w Akademii Leona Ko\u017ami\u0144skiego<\/em><\/p>\n<p style=\"text-align: justify;\"><strong>Profesor dr hab. Jan Klimek<\/strong><br \/>\n<i>Pracownik naukowo-dydaktyczny w Kolegium Nauk o Przedsi\u0119biorstwie Szko\u0142y G\u0142\u00f3wnej Handlowej w Warszawie Cz\u0142onek Europejskiego Komitetu Ekonomiczno &#8211; Spo\u0142ecznego w Brukseli\u00a0<\/i><\/p>\n<p style=\"text-align: justify;\"><strong>Teresa Sukniewicz \u2013 Kleiber<\/strong><br \/>\n<em>Przedsi\u0119biorca<\/em><\/p>\n<p style=\"text-align: justify;\"><strong>Krystyna Wo\u017aniak &#8211; Trzosek<\/strong><br \/>\n<em>Przedsi\u0119biorca<\/em><\/p>\n","protected":false},"excerpt":{"rendered":"<p>Przewodnicz\u0105ca Profesor dr hab. El\u017cbieta M\u0105czy\u0144ska Honorowy Prezes Polskiego Towarzystwa Ekonomicznego Cz\u0142onek Narodowej Rady Rozwoju Cz\u0142onek Rady Naukowej\u00a0Instytutu Nauk Ekonomicznych PAN\u00a0 \u00a0 \u00a0 \u00a0 \u00a0<\/p>\n","protected":false},"author":1,"featured_media":0,"parent":0,"menu_order":0,"comment_status":"closed","ping_status":"closed","template":"","meta":{"jetpack_post_was_ever_published":false,"footnotes":""},"class_list":["post-295","page","type-page","status-publish","hentry"],"jetpack_sharing_enabled":true,"jetpack_shortlink":"https:\/\/wp.me\/P2tJ5v-4L","_links":{"self":[{"href":"https:\/\/ekb.org.pl\/ekb\/wp-json\/wp\/v2\/pages\/295","targetHints":{"allow":["GET"]}}],"collection":[{"href":"https:\/\/ekb.org.pl\/ekb\/wp-json\/wp\/v2\/pages"}],"about":[{"href":"https:\/\/ekb.org.pl\/ekb\/wp-json\/wp\/v2\/types\/page"}],"author":[{"embeddable":true,"href":"https:\/\/ekb.org.pl\/ekb\/wp-json\/wp\/v2\/users\/1"}],"replies":[{"embeddable":true,"href":"https:\/\/ekb.org.pl\/ekb\/wp-json\/wp\/v2\/comments?post=295"}],"version-history":[{"count":44,"href":"https:\/\/ekb.org.pl\/ekb\/wp-json\/wp\/v2\/pages\/295\/revisions"}],"predecessor-version":[{"id":4738,"href":"https:\/\/ekb.org.pl\/ekb\/wp-json\/wp\/v2\/pages\/295\/revisions\/4738"}],"wp:attachment":[{"href":"https:\/\/ekb.org.pl\/ekb\/wp-json\/wp\/v2\/media?parent=295"}],"curies":[{"name":"wp","href":"https:\/\/api.w.org\/{rel}","templated":true}]}}