{"id":268,"date":"2012-08-21T10:51:08","date_gmt":"2012-08-21T08:51:08","guid":{"rendered":"http:\/\/ekb.org.pl\/ekb\/?page_id=268"},"modified":"2023-10-29T18:16:41","modified_gmt":"2023-10-29T17:16:41","slug":"komisje-problemowe","status":"publish","type":"page","link":"https:\/\/ekb.org.pl\/ekb\/komisje-problemowe\/","title":{"rendered":"Komisje Problemowe"},"content":{"rendered":"<h3>KOMISJA SPO\u0141ECZNO &#8211; GOSPODARCZA<\/h3>\n<ol>\n<li>Zbigniew K\u0142os- Przewodnicz\u0105cy<\/li>\n<li>Maciej Burchardt<\/li>\n<li>Jacek Ragus<\/li>\n<\/ol>\n<h3>KOMISJA ORGANIZACYJNA<\/h3>\n<ol>\n<li>Janusz Janicki- Przewodnicz\u0105cy<\/li>\n<li>Dr Ewa Boryczko<\/li>\n<li>Dawid Domaracki<\/li>\n<\/ol>\n<h3>KOMISJA ZAGRANICZNA<\/h3>\n<ol>\n<li>Prof. dr hab. \u00a0Joanna Olga Paliszkiewicz \u00a0&#8211; Przewodnicz\u0105ca<\/li>\n<li>\u017baneta Berus<\/li>\n<li>Marcin Miko\u0142ajczyk<\/li>\n<\/ol>\n","protected":false},"excerpt":{"rendered":"<p>KOMISJA SPO\u0141ECZNO &#8211; GOSPODARCZA Zbigniew K\u0142os- Przewodnicz\u0105cy Maciej Burchardt Jacek Ragus KOMISJA ORGANIZACYJNA Janusz Janicki- Przewodnicz\u0105cy Dr Ewa Boryczko Dawid Domaracki KOMISJA ZAGRANICZNA Prof. dr<\/p>\n","protected":false},"author":1,"featured_media":0,"parent":0,"menu_order":0,"comment_status":"closed","ping_status":"closed","template":"","meta":{"jetpack_post_was_ever_published":false,"footnotes":""},"class_list":["post-268","page","type-page","status-publish","hentry"],"jetpack_sharing_enabled":true,"jetpack_shortlink":"https:\/\/wp.me\/P2tJ5v-4k","_links":{"self":[{"href":"https:\/\/ekb.org.pl\/ekb\/wp-json\/wp\/v2\/pages\/268","targetHints":{"allow":["GET"]}}],"collection":[{"href":"https:\/\/ekb.org.pl\/ekb\/wp-json\/wp\/v2\/pages"}],"about":[{"href":"https:\/\/ekb.org.pl\/ekb\/wp-json\/wp\/v2\/types\/page"}],"author":[{"embeddable":true,"href":"https:\/\/ekb.org.pl\/ekb\/wp-json\/wp\/v2\/users\/1"}],"replies":[{"embeddable":true,"href":"https:\/\/ekb.org.pl\/ekb\/wp-json\/wp\/v2\/comments?post=268"}],"version-history":[{"count":39,"href":"https:\/\/ekb.org.pl\/ekb\/wp-json\/wp\/v2\/pages\/268\/revisions"}],"predecessor-version":[{"id":8426,"href":"https:\/\/ekb.org.pl\/ekb\/wp-json\/wp\/v2\/pages\/268\/revisions\/8426"}],"wp:attachment":[{"href":"https:\/\/ekb.org.pl\/ekb\/wp-json\/wp\/v2\/media?parent=268"}],"curies":[{"name":"wp","href":"https:\/\/api.w.org\/{rel}","templated":true}]}}