{"id":266,"date":"2012-08-21T10:50:48","date_gmt":"2012-08-21T08:50:48","guid":{"rendered":"http:\/\/ekb.org.pl\/ekb\/?page_id=266"},"modified":"2023-10-28T19:45:33","modified_gmt":"2023-10-28T17:45:33","slug":"komisja-rewizyjna","status":"publish","type":"page","link":"https:\/\/ekb.org.pl\/ekb\/komisja-rewizyjna\/","title":{"rendered":"Komisja Rewizyjna"},"content":{"rendered":"<p style=\"text-align: center;\">Przewodnicz\u0105cy<\/p>\n<p style=\"text-align: center;\"><strong>Bogumi\u0142 Szymborski<\/strong><\/p>\n<p style=\"text-align: center;\">Zast\u0119pca Przewodnicz\u0105cego<\/p>\n<p style=\"text-align: center;\"><strong>Wojciech Misiowiec<\/strong><\/p>\n<p style=\"text-align: center;\">Cz\u0142onek<\/p>\n<p style=\"text-align: center;\"><strong>Jaros\u0142aw Przybytniowski<\/strong><\/p>\n","protected":false},"excerpt":{"rendered":"<p>Przewodnicz\u0105cy Bogumi\u0142 Szymborski Zast\u0119pca Przewodnicz\u0105cego Wojciech Misiowiec Cz\u0142onek Jaros\u0142aw Przybytniowski<\/p>\n","protected":false},"author":1,"featured_media":0,"parent":0,"menu_order":0,"comment_status":"closed","ping_status":"closed","template":"","meta":{"jetpack_post_was_ever_published":false,"footnotes":""},"class_list":["post-266","page","type-page","status-publish","hentry"],"jetpack_sharing_enabled":true,"jetpack_shortlink":"https:\/\/wp.me\/P2tJ5v-4i","_links":{"self":[{"href":"https:\/\/ekb.org.pl\/ekb\/wp-json\/wp\/v2\/pages\/266","targetHints":{"allow":["GET"]}}],"collection":[{"href":"https:\/\/ekb.org.pl\/ekb\/wp-json\/wp\/v2\/pages"}],"about":[{"href":"https:\/\/ekb.org.pl\/ekb\/wp-json\/wp\/v2\/types\/page"}],"author":[{"embeddable":true,"href":"https:\/\/ekb.org.pl\/ekb\/wp-json\/wp\/v2\/users\/1"}],"replies":[{"embeddable":true,"href":"https:\/\/ekb.org.pl\/ekb\/wp-json\/wp\/v2\/comments?post=266"}],"version-history":[{"count":17,"href":"https:\/\/ekb.org.pl\/ekb\/wp-json\/wp\/v2\/pages\/266\/revisions"}],"predecessor-version":[{"id":8423,"href":"https:\/\/ekb.org.pl\/ekb\/wp-json\/wp\/v2\/pages\/266\/revisions\/8423"}],"wp:attachment":[{"href":"https:\/\/ekb.org.pl\/ekb\/wp-json\/wp\/v2\/media?parent=266"}],"curies":[{"name":"wp","href":"https:\/\/api.w.org\/{rel}","templated":true}]}}