{"id":2148,"date":"2014-11-09T20:14:48","date_gmt":"2014-11-09T19:14:48","guid":{"rendered":"http:\/\/ekb.org.pl\/ekb\/?page_id=2148"},"modified":"2016-01-26T22:03:47","modified_gmt":"2016-01-26T21:03:47","slug":"holiday-travel","status":"publish","type":"page","link":"https:\/\/ekb.org.pl\/ekb\/ogloszenia\/holiday-travel\/","title":{"rendered":"HOLIDAY TRAVEL."},"content":{"rendered":"<p><a href=\"http:\/\/ekb.org.pl\/ekb\/wp-content\/uploads\/2014\/11\/Logo-Holiday-Travel.jpg\" rel=\"lightbox[2148]\"><img loading=\"lazy\" decoding=\"async\" data-attachment-id=\"2149\" data-permalink=\"https:\/\/ekb.org.pl\/ekb\/ogloszenia\/holiday-travel\/logo-holiday-travel\/\" data-orig-file=\"https:\/\/ekb.org.pl\/ekb\/wp-content\/uploads\/2014\/11\/Logo-Holiday-Travel.jpg\" data-orig-size=\"317,107\" data-comments-opened=\"0\" data-image-meta=\"{&quot;aperture&quot;:&quot;0&quot;,&quot;credit&quot;:&quot;&quot;,&quot;camera&quot;:&quot;&quot;,&quot;caption&quot;:&quot;&quot;,&quot;created_timestamp&quot;:&quot;0&quot;,&quot;copyright&quot;:&quot;&quot;,&quot;focal_length&quot;:&quot;0&quot;,&quot;iso&quot;:&quot;0&quot;,&quot;shutter_speed&quot;:&quot;0&quot;,&quot;title&quot;:&quot;&quot;}\" data-image-title=\"Logo Holiday Travel\" data-image-description=\"\" data-image-caption=\"\" data-medium-file=\"https:\/\/ekb.org.pl\/ekb\/wp-content\/uploads\/2014\/11\/Logo-Holiday-Travel-300x101.jpg\" data-large-file=\"https:\/\/ekb.org.pl\/ekb\/wp-content\/uploads\/2014\/11\/Logo-Holiday-Travel.jpg\" class=\"aligncenter size-full wp-image-2149\" src=\"http:\/\/ekb.org.pl\/ekb\/wp-content\/uploads\/2014\/11\/Logo-Holiday-Travel.jpg\" alt=\"Logo Holiday Travel\" width=\"317\" height=\"107\" srcset=\"https:\/\/ekb.org.pl\/ekb\/wp-content\/uploads\/2014\/11\/Logo-Holiday-Travel.jpg 317w, https:\/\/ekb.org.pl\/ekb\/wp-content\/uploads\/2014\/11\/Logo-Holiday-Travel-300x101.jpg 300w, https:\/\/ekb.org.pl\/ekb\/wp-content\/uploads\/2014\/11\/Logo-Holiday-Travel-60x20.jpg 60w\" sizes=\"auto, (max-width: 317px) 100vw, 317px\" \/><\/a><br \/>\nPolskie biuro podr\u00f3\u017cy Holiday Travel Sp. z o.o. dzia\u0142a od 1991 roku.<\/p>\n<p style=\"text-align: justify;\">Jest biurem specjalizuj\u0105cym si\u0119 w zagranicznej turystyce przyjazdowej do Polski oraz organizacj\u0105 konferencji i incentives w Polsce i za granic\u0105.<\/p>\n<p style=\"text-align: justify;\">Do\u015bwiadczony i wykwalifikowany zesp\u00f3\u0142 pracownik\u00f3w w\u0142adaj\u0105cych angielskim, francuskim, w\u0142oskim, chi\u0144skim oraz niemieckim obs\u0142uguje turyst\u00f3w z kraj\u00f3w europejskich, Stan\u00f3w Zjednoczonych, Chin, Indii i innych.<\/p>\n<p style=\"text-align: justify;\">Ka\u017cdego roku biuro organizuje konferencje i podr\u00f3\u017ce motywacyjne. Obs\u0142uguje s\u0142u\u017cbowe wyjazdy kilku ministerstw, instytucji centralnych i stowarzysze\u0144 og\u00f3lnopolskich.<\/p>\n<p style=\"text-align: justify;\">W zakresie podr\u00f3\u017cy biznesowych biuro zapewnia kompleksow\u0105 obs\u0142ug\u0119 podr\u00f3\u017cy s\u0142u\u017cbowych i wypoczynkowych.<\/p>\n<p style=\"text-align: justify;\">Zakres oferowanych przez nas us\u0142ug obejmuje:<br \/>\n\u2022 Rezerwacj\u0119 i sprzeda\u017c bilet\u00f3w lotniczych na preferencyjnych warunkach<br \/>\n\u2022 Rezerwacje hotelowe w kraju i na \u015bwiecie po atrakcyjnych cenach nieprzekraczaj\u0105cych ustawowo przyj\u0119tych limit\u00f3w<br \/>\n\u2022 Wynajem samochod\u00f3w w systemie \u201erent a car\u201d na ca\u0142ym \u015bwiecie<br \/>\n\u2022 Kompleksow\u0105 obs\u0142ug\u0119 wyjazd\u00f3w s\u0142u\u017cbowych<br \/>\n\u2022 Rezerwacj\u0119 i sprzeda\u017c bilet\u00f3w kolejowych, promowych i autobusowych<br \/>\n\u2022 Bezp\u0142atn\u0105 dostaw\u0119 dokument\u00f3w podr\u00f3\u017cy<br \/>\n\u2022 Organizacj\u0119 wyjazd\u00f3w na targi i wystawy na ca\u0142ym \u015bwiecie<br \/>\n\u2022 Organizacj\u0119 podr\u00f3\u017cy typu \u201eincentive\u201d<br \/>\n\u2022 Organizacj\u0119 szkole\u0144, seminari\u00f3w, konferencji<br \/>\n\u2022 Kompleksow\u0105 obs\u0142ug\u0119 delegacji zagranicznych<br \/>\n\u2022 Wyjazdy weekendowe i d\u0142u\u017csze wyjazdy wypoczynkowe w kraju i zagranic\u0105<\/p>\n<p style=\"text-align: justify;\">Ponadto proponujemy:<br \/>\n\u2022 Mo\u017cliwo\u015b\u0107 korzystania z atrakcyjnych ofert na zakupione u nas bilety lotnicze<br \/>\n\u2022 Akceptacj\u0119 wszelkich form p\u0142atno\u015bci<br \/>\n\u2022 Atrakcyjne ceny hotelowe przy rezerwacjach krajowych i zagranicznych<\/p>\n<p style=\"text-align: justify;\">Realizacja us\u0142ug jak np. organizacja podr\u00f3\u017cy \u201eincentive\u201d, wypoczynku dla Pa\u0144stwa pracownik\u00f3w, obs\u0142uga przyjmowanych delegacji zagranicznych czy obs\u0142uga organizowanych przez Pa\u0144stwa konferencji jest ka\u017cdorazowo omawiana, celem uwzgl\u0119dnienia szczeg\u00f3lnych \u017cycze\u0144 i zwi\u0105zanych z tym koszt\u00f3w.<\/p>\n<p>Zapraszamy do wsp\u00f3\u0142pracy i korzystania z naszej oferty!<\/p>\n<p style=\"text-align: justify;\"><strong>Biuro g\u0142\u00f3wne<\/strong><br \/>\nPl. Powsta\u0144c\u00f3w Warszawy 2<br \/>\n00-030 Warszawa<br \/>\nTel.: +48 (22) 210 06 00<br \/>\nEmail: info@holidaytravel.pl<br \/>\n<a title=\"HOLIDAY TRAVEL.\" href=\"http:\/\/holidaytravel.pl\" target=\"_blank\">www.holidaytravel.pl<\/a><\/p>\n","protected":false},"excerpt":{"rendered":"<p>Polskie biuro podr\u00f3\u017cy Holiday Travel Sp. z o.o. dzia\u0142a od 1991 roku. Jest biurem specjalizuj\u0105cym si\u0119 w zagranicznej turystyce przyjazdowej do Polski oraz organizacj\u0105 konferencji<\/p>\n","protected":false},"author":1,"featured_media":0,"parent":37,"menu_order":0,"comment_status":"closed","ping_status":"closed","template":"","meta":{"jetpack_post_was_ever_published":false,"footnotes":""},"class_list":["post-2148","page","type-page","status-publish","hentry"],"jetpack_sharing_enabled":true,"jetpack_shortlink":"https:\/\/wp.me\/P2tJ5v-yE","_links":{"self":[{"href":"https:\/\/ekb.org.pl\/ekb\/wp-json\/wp\/v2\/pages\/2148","targetHints":{"allow":["GET"]}}],"collection":[{"href":"https:\/\/ekb.org.pl\/ekb\/wp-json\/wp\/v2\/pages"}],"about":[{"href":"https:\/\/ekb.org.pl\/ekb\/wp-json\/wp\/v2\/types\/page"}],"author":[{"embeddable":true,"href":"https:\/\/ekb.org.pl\/ekb\/wp-json\/wp\/v2\/users\/1"}],"replies":[{"embeddable":true,"href":"https:\/\/ekb.org.pl\/ekb\/wp-json\/wp\/v2\/comments?post=2148"}],"version-history":[{"count":4,"href":"https:\/\/ekb.org.pl\/ekb\/wp-json\/wp\/v2\/pages\/2148\/revisions"}],"predecessor-version":[{"id":3201,"href":"https:\/\/ekb.org.pl\/ekb\/wp-json\/wp\/v2\/pages\/2148\/revisions\/3201"}],"up":[{"embeddable":true,"href":"https:\/\/ekb.org.pl\/ekb\/wp-json\/wp\/v2\/pages\/37"}],"wp:attachment":[{"href":"https:\/\/ekb.org.pl\/ekb\/wp-json\/wp\/v2\/media?parent=2148"}],"curies":[{"name":"wp","href":"https:\/\/api.w.org\/{rel}","templated":true}]}}